{"id":13257,"date":"2025-04-07T19:57:37","date_gmt":"2025-04-07T19:57:37","guid":{"rendered":"https:\/\/nutrifitmax.co\/?post_type=product&#038;p=13257"},"modified":"2025-10-23T16:43:57","modified_gmt":"2025-10-23T16:43:57","slug":"carnivor-chocolate-musclemeds-7-6-lb","status":"publish","type":"product","link":"https:\/\/nutrifitmax.co\/index.php\/product\/carnivor-chocolate-musclemeds-7-6-lb\/","title":{"rendered":"CARNIVOR CHOCOLATE MUSCLEMEDS 7.6 LB"},"content":{"rendered":"<h2>Descripci\u00f3n CARNIVOR CHOCOLATE MUSCLEMEDS 7.6 LB<\/h2>\n<h4><img decoding=\"async\" src=\"https:\/\/nutrifitmax.co\/wp-content\/uploads\/2022\/03\/carnivor-8-lbs-nutrifitmax-150x150.png\" \/>\u00a1MuscleMeds ha formulado lo m\u00e1s buscado!\u00a0Carnivor\u00a0\u00a0es diferente a cualquier otra prote\u00edna existente.\u00a0Es el primer a\u00edslado de la prote\u00edna del mundo m\u00e1s concentrado que el suero.<\/h4>\n<h4>A Trav\u00e9s de la UNOS complejos\u00a0 procesos de extraci\u00f3n, clarificaci\u00f3n, hidr\u00f3lisis y Aislado La prote\u00edna pura de carne de\u00a0\u00a0Carnivor\u00a0\u00a0Se Entrega a Los Tejidos musculares para Construir m\u00fasculo, p\u00e1rrafo Sentir El poder de la carne Con Mas Amino\u00e1cidos Que cualquier otra fuente prot\u00e9tica USADA en Suplementos, Incluidos: aislado de leche, soja, leche o huevo.\u00a0<strong>Carnivor<\/strong>\u00a0\u00a0es un 350% m\u00e1s concentrado que cualquier otra f\u00f3rmula y m\u00e1s efectiva en la construcci\u00f3n muscular, \u00a1m\u00e1s que un filete de solomillo!<\/h4>\n<ul>\n<li>\n<h4>350% m\u00e1s concentrado que la carne y m\u00e1s concentrado que el aislado de suero<\/h4>\n<\/li>\n<li>\n<h4>Con la tencolog\u00eda ANRT que recicla los amino\u00e1cidos y minimiza el amoni\u00e1co<\/h4>\n<\/li>\n<li>\n<h4>Pura construcci\u00f3n anab\u00f3lica pura desde la carne pura<\/h4>\n<\/li>\n<li>\n<h4>Cargada con creatina y BCAA\u2019s<\/h4>\n<\/li>\n<li>\n<h4>0 Grasa, Colesterol o az\u00facar<\/h4>\n<\/li>\n<\/ul>\n<p>REGISTRO INVIMA RSIA 11|70514<\/p>\n","protected":false},"excerpt":{"rendered":"<p>CARNIVOR CHOCOLATE MUSCLEMEDS 7.6 LB<\/p>\n<p><img decoding=\"async\" src=\"https:\/\/nutrifitmax.co\/wp-content\/uploads\/2022\/03\/carnivor-8-lbs-nutrifitmax-150x150.png\" \/><\/p>\n<h4><strong>Carnivor<\/strong>\u00a0\u00a0es un 350% m\u00e1s concentrado que cualquier otra f\u00f3rmula y m\u00e1s efectiva en la construcci\u00f3n muscular, \u00a1m\u00e1s que un filete de solomillo!<\/h4>\n","protected":false},"featured_media":13307,"comment_status":"open","ping_status":"closed","template":"","meta":{"inline_featured_image":false},"product_brand":[],"product_cat":[86,91,97,88,89],"product_tag":[],"class_list":{"0":"post-13257","1":"product","2":"type-product","3":"status-publish","4":"has-post-thumbnail","6":"product_cat-marca","7":"product_cat-mas-vendidos","8":"product_cat-musclemeds","9":"product_cat-proteinas","10":"product_cat-proteinas-hipocaloricas","12":"first","13":"instock","14":"taxable","15":"shipping-taxable","16":"purchasable","17":"product-type-simple","18":"ebbe-col","19":"product-has-gallery"},"_links":{"self":[{"href":"https:\/\/nutrifitmax.co\/index.php\/wp-json\/wp\/v2\/product\/13257","targetHints":{"allow":["GET"]}}],"collection":[{"href":"https:\/\/nutrifitmax.co\/index.php\/wp-json\/wp\/v2\/product"}],"about":[{"href":"https:\/\/nutrifitmax.co\/index.php\/wp-json\/wp\/v2\/types\/product"}],"replies":[{"embeddable":true,"href":"https:\/\/nutrifitmax.co\/index.php\/wp-json\/wp\/v2\/comments?post=13257"}],"wp:featuredmedia":[{"embeddable":true,"href":"https:\/\/nutrifitmax.co\/index.php\/wp-json\/wp\/v2\/media\/13307"}],"wp:attachment":[{"href":"https:\/\/nutrifitmax.co\/index.php\/wp-json\/wp\/v2\/media?parent=13257"}],"wp:term":[{"taxonomy":"product_brand","embeddable":true,"href":"https:\/\/nutrifitmax.co\/index.php\/wp-json\/wp\/v2\/product_brand?post=13257"},{"taxonomy":"product_cat","embeddable":true,"href":"https:\/\/nutrifitmax.co\/index.php\/wp-json\/wp\/v2\/product_cat?post=13257"},{"taxonomy":"product_tag","embeddable":true,"href":"https:\/\/nutrifitmax.co\/index.php\/wp-json\/wp\/v2\/product_tag?post=13257"}],"curies":[{"name":"wp","href":"https:\/\/api.w.org\/{rel}","templated":true}]}}