{"id":13233,"date":"2025-04-07T19:56:49","date_gmt":"2025-04-07T19:56:49","guid":{"rendered":"https:\/\/nutrifitmax.co\/?post_type=product&#038;p=13233"},"modified":"2026-03-18T21:48:18","modified_gmt":"2026-03-18T21:48:18","slug":"whey-pure-2-lbs-smart-nutrition-vainilla","status":"publish","type":"product","link":"https:\/\/nutrifitmax.co\/index.php\/product\/whey-pure-2-lbs-smart-nutrition-vainilla\/","title":{"rendered":"WHEY PURE 2 LB SMART NUTRITION VAINILLA"},"content":{"rendered":"<p style=\"font-weight: 400;\">Disfruta una prote\u00edna de suero de leche concentrada de alta pureza, desarrollada para quienes buscan lo esencial: calidad, sabor y confianza en lo que consumen.<\/p>\n<p style=\"font-weight: 400;\"><b><strong>Whey Pure<\/strong><\/b>\u00a0est\u00e1 formulada con\u00a0<b><strong>prote\u00edna concentrada de Glanbia Nutritionals<\/strong><\/b>, una reconocida compa\u00f1\u00eda de nutrici\u00f3n con sede en\u00a0<b><strong>Irlanda<\/strong><\/b>, l\u00edder mundial en ingredientes de alta calidad. Esta prote\u00edna importada garantiza pureza, solubilidad y un perfil nutricional superior.<\/p>\n<p style=\"font-weight: 400;\">Adem\u00e1s,\u00a0<b><strong>est\u00e1\u00a0<\/strong><\/b><b><strong>endulzada con Splenda\u00ae<\/strong><\/b>, lo que significa que\u00a0<b><strong>no contiene az\u00facar a\u00f1adida<\/strong><\/b>, y se convierte en una excelente opci\u00f3n para quienes cuidan cada detalle de su alimentaci\u00f3n diaria.<\/p>\n<p style=\"font-weight: 400;\">Cada scoop ofrece\u00a0prote\u00edna\u00a0baja en grasa y carbohidratos, con una\u00a0textura cremosa\u00a0y un\u00a0sabor aut\u00e9ntico\u00a0que realmente vas a disfrutar.<\/p>\n<p style=\"font-weight: 400;\">Presentaci\u00f3n:\u00a0908 g \/ 2 lb<\/p>\n<p style=\"font-weight: 400;\"><b><strong>REGISTRO INVIMA no: rsa-0036792-2025<\/strong><\/b><\/p>\n","protected":false},"excerpt":{"rendered":"<p>Una prote\u00edna concentrada de suero de leche con excelente solubilidad, textura suave y un sabor que realmente se disfruta. Elaborada con prote\u00edna de Glanbia Nutritionals, importada desde Irlanda, reconocida mundialmente por su pureza y calidad. Est\u00e1 endulzada con Splenda\u00ae, lo que permite ofrecer un perfil sin az\u00facar a\u00f1adida sin sacrificar el sabor.<\/p>\n<p>Producida en Colombia con ingredientes certificados de origen internacional, Whey Pure destaca por su composici\u00f3n balanceada y sus altos est\u00e1ndares en pureza y sabor.<\/p>\n<p><strong>Somos distribuidores de SMART NUTRITION\u00ae\u00a0 Si quieres m\u00e1s informaci\u00f3n o mejores precios comun\u00edcate con nosotros en nuestro <a href=\"https:\/\/www.instagram.com\/nutrifitmaxpereira\/?hl=es\">Instagram<\/a>\u00a0o en nuestro\u00a0<a href=\"https:\/\/api.whatsapp.com\/send?phone=573026673078\">WhatsApp<\/a><br \/>\nSi quieres ver m\u00e1s productos de la l\u00ednea ingresa a este\u00a0<a href=\"https:\/\/nutrifitmax.co\/index.php\/product-category\/marca\/proscience\/\">link<\/a> ahora.<br \/>\nLos mejores suplementos garantizados los encuentras en NUTRIFITMAX<\/strong><\/p>\n","protected":false},"featured_media":14203,"comment_status":"open","ping_status":"closed","template":"","meta":{"inline_featured_image":false},"product_brand":[],"product_cat":[86,124,88,103,89,106],"product_tag":[],"class_list":{"0":"post-13233","1":"product","2":"type-product","3":"status-publish","4":"has-post-thumbnail","6":"product_cat-marca","7":"product_cat-ofertas","8":"product_cat-proteinas","9":"product_cat-proteinas-concentradas","10":"product_cat-proteinas-hipocaloricas","11":"product_cat-smart","13":"first","14":"instock","15":"sale","16":"taxable","17":"shipping-taxable","18":"purchasable","19":"product-type-simple","20":"ebbe-col","21":"product-has-gallery"},"_links":{"self":[{"href":"https:\/\/nutrifitmax.co\/index.php\/wp-json\/wp\/v2\/product\/13233","targetHints":{"allow":["GET"]}}],"collection":[{"href":"https:\/\/nutrifitmax.co\/index.php\/wp-json\/wp\/v2\/product"}],"about":[{"href":"https:\/\/nutrifitmax.co\/index.php\/wp-json\/wp\/v2\/types\/product"}],"replies":[{"embeddable":true,"href":"https:\/\/nutrifitmax.co\/index.php\/wp-json\/wp\/v2\/comments?post=13233"}],"wp:featuredmedia":[{"embeddable":true,"href":"https:\/\/nutrifitmax.co\/index.php\/wp-json\/wp\/v2\/media\/14203"}],"wp:attachment":[{"href":"https:\/\/nutrifitmax.co\/index.php\/wp-json\/wp\/v2\/media?parent=13233"}],"wp:term":[{"taxonomy":"product_brand","embeddable":true,"href":"https:\/\/nutrifitmax.co\/index.php\/wp-json\/wp\/v2\/product_brand?post=13233"},{"taxonomy":"product_cat","embeddable":true,"href":"https:\/\/nutrifitmax.co\/index.php\/wp-json\/wp\/v2\/product_cat?post=13233"},{"taxonomy":"product_tag","embeddable":true,"href":"https:\/\/nutrifitmax.co\/index.php\/wp-json\/wp\/v2\/product_tag?post=13233"}],"curies":[{"name":"wp","href":"https:\/\/api.w.org\/{rel}","templated":true}]}}