{"id":13219,"date":"2025-04-07T19:55:47","date_gmt":"2025-04-07T19:55:47","guid":{"rendered":"https:\/\/nutrifitmax.co\/?post_type=product&#038;p=13219"},"modified":"2026-02-23T20:40:40","modified_gmt":"2026-02-23T20:40:40","slug":"protein-pancake-sin-albumina-de-huevo","status":"publish","type":"product","link":"https:\/\/nutrifitmax.co\/index.php\/product\/protein-pancake-sin-albumina-de-huevo\/","title":{"rendered":"PROTEIN PANCAKE SIN ALB\u00daMINA DE HUEVO"},"content":{"rendered":"<h4><img decoding=\"async\" src=\"https:\/\/nutrifitmax.co\/wp-content\/uploads\/2021\/08\/0004890_protein-pancake-750-gr-tradicional_600-150x150.png\" \/>PROTEIN PANCAKE<\/h4>\n<ul>\n<li>PROTEIN PANCAKE es una mezcla para preparar deliciosos pancakes con un aporte alto en prote\u00edna, para personas que desean tener una buena nutrici\u00f3n basada en el consumo apropiado de nutrientes o para deportistas, fisicoculturistas o atletas que desean incrementar su ingesta de prote\u00edna gracias a su avanzada y deliciosa f\u00f3rmula.<\/li>\n<\/ul>\n<p>PROTEIN PANCAKE se convierte en una alternativa deliciosa y pr\u00e1ctica para personas comprometidas con su progreso f\u00edsico. De f\u00e1cil preparaci\u00f3n, permitiendo controlar f\u00e1cilmente las calor\u00edas consumidas.<\/p>\n","protected":false},"excerpt":{"rendered":"<p><img decoding=\"async\" src=\"https:\/\/nutrifitmax.co\/wp-content\/uploads\/2021\/08\/0004890_protein-pancake-750-gr-tradicional_600-150x150.png\" \/>PROTEIN PANCAKE \u00a0es una mezcla para preparar deliciosos pancakes con un aporte alto en prote\u00edna, para personas que desean tener una buena nutrici\u00f3n basada en el consumo apropiado de nutrientes o para deportistas, fisicoculturistas o atletas que desean incrementar su ingesta de prote\u00edna gracias a su avanzada y deliciosa f\u00f3rmula.<\/p>\n","protected":false},"featured_media":13270,"comment_status":"open","ping_status":"closed","template":"","meta":{"inline_featured_image":false},"product_brand":[],"product_cat":[86,100,88,107],"product_tag":[],"class_list":{"0":"post-13219","1":"product","2":"type-product","3":"status-publish","4":"has-post-thumbnail","6":"product_cat-marca","7":"product_cat-nutramerican","8":"product_cat-proteinas","9":"product_cat-snacks","11":"first","12":"instock","13":"taxable","14":"shipping-taxable","15":"purchasable","16":"product-type-simple","17":"ebbe-col","18":"product-has-gallery"},"_links":{"self":[{"href":"https:\/\/nutrifitmax.co\/index.php\/wp-json\/wp\/v2\/product\/13219","targetHints":{"allow":["GET"]}}],"collection":[{"href":"https:\/\/nutrifitmax.co\/index.php\/wp-json\/wp\/v2\/product"}],"about":[{"href":"https:\/\/nutrifitmax.co\/index.php\/wp-json\/wp\/v2\/types\/product"}],"replies":[{"embeddable":true,"href":"https:\/\/nutrifitmax.co\/index.php\/wp-json\/wp\/v2\/comments?post=13219"}],"wp:featuredmedia":[{"embeddable":true,"href":"https:\/\/nutrifitmax.co\/index.php\/wp-json\/wp\/v2\/media\/13270"}],"wp:attachment":[{"href":"https:\/\/nutrifitmax.co\/index.php\/wp-json\/wp\/v2\/media?parent=13219"}],"wp:term":[{"taxonomy":"product_brand","embeddable":true,"href":"https:\/\/nutrifitmax.co\/index.php\/wp-json\/wp\/v2\/product_brand?post=13219"},{"taxonomy":"product_cat","embeddable":true,"href":"https:\/\/nutrifitmax.co\/index.php\/wp-json\/wp\/v2\/product_cat?post=13219"},{"taxonomy":"product_tag","embeddable":true,"href":"https:\/\/nutrifitmax.co\/index.php\/wp-json\/wp\/v2\/product_tag?post=13219"}],"curies":[{"name":"wp","href":"https:\/\/api.w.org\/{rel}","templated":true}]}}