{"id":13204,"date":"2025-04-07T19:55:20","date_gmt":"2025-04-07T19:55:20","guid":{"rendered":"https:\/\/nutrifitmax.co\/?post_type=product&#038;p=13204"},"modified":"2026-02-05T19:13:17","modified_gmt":"2026-02-05T19:13:17","slug":"masstech-muscletech-6-libras-vainilla","status":"publish","type":"product","link":"https:\/\/nutrifitmax.co\/index.php\/product\/masstech-muscletech-6-libras-vainilla\/","title":{"rendered":"MASSTECH MUSCLETECH 6 LBS VAINILLA"},"content":{"rendered":"<p>Alimento en polvo a base de prote\u00edna de suero concentrado, aislado y complejo de carbohidratos.<br \/>\n<b>Cada servicio contiene:<\/b><\/p>\n<ul>\n<li>80 gr de prote\u00edna*<\/li>\n<li>10 gr de monohidrato de creatina*<\/li>\n<li>2330 calor\u00edas*<\/li>\n<li>20 Vitaminas y Minerales.<\/li>\n<li>17.5 g de amino\u00e1cidos*<\/li>\n<li>\n<div id=\"e-1679503849413\" class=\"element-wrap\" data-label=\"Heading\" data-key=\"heading\" data-atomgroup=\"element\" data-icon=\"gpicon-heading\" data-ver=\"2\" data-id=\"1679503849413\">\n<div class=\"elm text-edit gf-elm-center gf-elm-left-md gf-elm-left-xs gf-elm-left-lg gf-elm-left-sm\" data-gemlang=\"en\" data-exc=\"\">\n<p class=\"gf_gs_ct\">21 g az\u00facar.<\/p>\n<\/div>\n<\/div>\n<\/li>\n<\/ul>\n<p><strong>Modo de uso:<\/strong>\u00a0Adultos, tomar 1 servicio (6 Cucharas medidoras) al d\u00eda.<br \/>\nDividir el servicio\u00a0 en tres (3) tomas diarias.<br \/>\nDisolver cada una en 12 oz. de agua hasta obtener una mezcla homog\u00e9nea.<\/p>\n<p><strong>Tama\u00f1o de la porci\u00f3n<\/strong>: 570 gr (6 Scoops \/6 Cucharas)\u00a0 5 Servicios aprox.<\/p>\n<p><strong>Contenido:<\/strong>\u00a06 Libras \/ Neto 2.72 KG<\/p>\n<p><strong>Ingredientes:<\/strong>\u00a0Complejo de carbohidratos multif\u00e1sico (pol\u00edmeros de glucosa, salvado de avena (como Avena sativa), isomaltulosa), sistema de prote\u00ednas multif\u00e1sicas (concentrado de prote\u00edna de suero, aislado de prote\u00edna de suero 97%, aislado de prote\u00edna de suero hidrolizado).<\/p>\n<p><strong>M\u00e9todo de conservaci\u00f3n:<\/strong>\u00a0El producto debe estar almacenado en su empaque original a temperatura inferior a 30\u00b0C y a una humedad relativa inferior a 75%. No introducir elementos h\u00famedos, despu\u00e9s de abierto consumase en el menor tiempo posible.<\/p>\n<p><strong>ADVERTENCIA:\u00a0<\/strong>Este producto no pretende diagnosticar , tratar, curar, o prevenir enfermedades. Este producto es un alimento y no debe ser usado como sustituto de una dieta equilibrada.<\/p>\n<p><strong>Reg. San. INVIMA No.<\/strong>\u00a0RSA-0025740-2023<\/p>\n","protected":false},"excerpt":{"rendered":"<p><strong>Si quieres m\u00e1s informaci\u00f3n o mejores precios comun\u00edcate con nosotros en nuestro <\/strong><a href=\"https:\/\/www.instagram.com\/nutrifitmaxpereira\/?hl=es\"><strong>Instagram<\/strong><\/a><strong>\u00a0o en nuestro\u00a0<\/strong><a href=\"https:\/\/api.whatsapp.com\/send?phone=573026673078\"><strong>WhatsApp<\/strong><\/a><strong><br \/>\nSi quieres ver m\u00e1s productos de la l\u00ednea ingresa a este\u00a0<\/strong><a href=\"https:\/\/nutrifitmax.co\/index.php\/product-category\/marca\/proscience\/\"><strong>link<\/strong><\/a><strong> ahora.<br \/>\nLos mejores suplementos garantizados los encuentras en NUTRIFITMAX<\/strong><\/p>\n","protected":false},"featured_media":14476,"comment_status":"open","ping_status":"closed","template":"","meta":{"inline_featured_image":false},"product_brand":[],"product_cat":[96,86,87,88,98],"product_tag":[],"class_list":{"0":"post-13204","1":"product","2":"type-product","3":"status-publish","4":"has-post-thumbnail","6":"product_cat-ganancia","7":"product_cat-marca","8":"product_cat-muscletech","9":"product_cat-proteinas","10":"product_cat-proteinas-ganadoras-de-peso","12":"first","13":"instock","14":"taxable","15":"shipping-taxable","16":"purchasable","17":"product-type-simple","18":"ebbe-col"},"_links":{"self":[{"href":"https:\/\/nutrifitmax.co\/index.php\/wp-json\/wp\/v2\/product\/13204","targetHints":{"allow":["GET"]}}],"collection":[{"href":"https:\/\/nutrifitmax.co\/index.php\/wp-json\/wp\/v2\/product"}],"about":[{"href":"https:\/\/nutrifitmax.co\/index.php\/wp-json\/wp\/v2\/types\/product"}],"replies":[{"embeddable":true,"href":"https:\/\/nutrifitmax.co\/index.php\/wp-json\/wp\/v2\/comments?post=13204"}],"wp:featuredmedia":[{"embeddable":true,"href":"https:\/\/nutrifitmax.co\/index.php\/wp-json\/wp\/v2\/media\/14476"}],"wp:attachment":[{"href":"https:\/\/nutrifitmax.co\/index.php\/wp-json\/wp\/v2\/media?parent=13204"}],"wp:term":[{"taxonomy":"product_brand","embeddable":true,"href":"https:\/\/nutrifitmax.co\/index.php\/wp-json\/wp\/v2\/product_brand?post=13204"},{"taxonomy":"product_cat","embeddable":true,"href":"https:\/\/nutrifitmax.co\/index.php\/wp-json\/wp\/v2\/product_cat?post=13204"},{"taxonomy":"product_tag","embeddable":true,"href":"https:\/\/nutrifitmax.co\/index.php\/wp-json\/wp\/v2\/product_tag?post=13204"}],"curies":[{"name":"wp","href":"https:\/\/api.w.org\/{rel}","templated":true}]}}