{"id":13183,"date":"2025-04-07T19:54:58","date_gmt":"2025-04-07T19:54:58","guid":{"rendered":"https:\/\/nutrifitmax.co\/?post_type=product&#038;p=13183"},"modified":"2026-03-18T19:36:41","modified_gmt":"2026-03-18T19:36:41","slug":"titan-army-5-libras-vitanas","status":"publish","type":"product","link":"https:\/\/nutrifitmax.co\/index.php\/product\/titan-army-5-libras-vitanas\/","title":{"rendered":"TITAN ARMY 5 LB VITANAS"},"content":{"rendered":"<h4>TIT\u00c1N ARMY es una f\u00f3rmula completa con prote\u00ednas concentradas de suero l\u00e1cteo, carbohidratos y una combinacion de BCAAs, glutamina, probioticos, enriquecida con vitamina C, vitamina D3 y una premezcla de vitaminas escenciales<\/h4>\n<h5><strong>Cada servicio contiene:<\/strong><\/h5>\n<ul>\n<li>40 g de prote\u00edna.<\/li>\n<li>197 g de carbohidratos.<\/li>\n<li>8 g de grasa totales.<\/li>\n<li>0 az\u00facares a\u00f1adidos.<\/li>\n<li>Nutraflora\u00ae (prebi\u00f3ticos) y Lactospore\u00ae (probi\u00f3ticos).<\/li>\n<li>Con BCAA\u00b4S y Glutamina.<\/li>\n<\/ul>\n<h4><strong>Tama\u00f1o de la porci\u00f3n<\/strong>: 260 gr (6 Scoops \/ 6 Cucharadas medidoras)\u00a0<strong>Contenido neto:\u00a0<\/strong>5 libras \/ 2270 gramos (9 servicios)\u00a0<strong>Sabor:\u00a0<\/strong>Vainilla<\/h4>\n<p><b>Ingredientes:\u00a0<\/b>Mezcla de carbohidratos (Maltodextrina (Almid\u00f3n hidrolizado de ma\u00edz) almid\u00f3n de ma\u00edz), Prote\u00edna concentrada de suero l\u00e1cteo, Prote\u00edna de soya, Crema no l\u00e1ctea (jarabe de glucosa, aceite de palma, prote\u00edna, saborizante, emulsificante y agente anticompactante), sabor natural y\/o artificial a vainilla, mezcla de gomas (gomas guar y goma xantana) (espesantes), Prebi\u00f3ticos, Di\u00f3xido de silicio (anticompactante), Sucralosa (educorante artificial), Vitamina C, Amino\u00e1cidos de cadena ramificada (l-leucina, l-isoleucina y l-valina), Glutamina, Probi\u00f3ticos, Premezclas de vitamina (niacinamida, zinc, tiamina monohidrato, riboflavina, cianocobalamina), Vitamina D3.<\/p>\n<p><b>M\u00e9todo de conservaci\u00f3n:<\/b>\u00a0El producto debe estar almacenado en su empaque original a temperatura inferior a 30\u202f\u00b0C y a una humedad relativa inferior a 75%. No introducir elementos h\u00famedos, despu\u00e9s de abierto consumase en el menor tiempo posible.<\/p>\n<p><strong>Modo de uso:\u00a0<\/strong>Adultos, tomar 1 servicio (6 Cucharas medidoras) al d\u00eda. Divide el servicio de TIT\u00c1N ARMY en tres (3) tomas diarias. Disuelve cada toma en 12 oz de agua hasta obtener una mezcla homog\u00e9nea.<\/p>\n<p><strong>Sugerencia:\u00a0<\/strong><br \/>\nPara una mejor experiencia de sabor, puede adicionar trozos de frutas o disolver en tu bebida favorita. Obtendr\u00e1s un delicioso batido de TIT\u00c1N ARMY.<\/p>\n<p>Puedes usar leche y cereales para obtener un batido cremoso con m\u00e1s calor\u00edas y un exquisito sabor.<\/p>\n<p><strong>TOMAR TIT\u00c1N ARMY<\/strong><\/p>\n<ul>\n<li>Antes y\/o despu\u00e9s del entrenamiento.<\/li>\n<li>En cualquier momento: Consumir entre las comidas principales, como un snack saludable.<\/li>\n<\/ul>\n<p><b>ADVERTENCIA:<\/b>\u00a0Este producto no pretende diagnosticar, tratar, curar, o prevenir enfermedades. Este producto es un alimento y no debe ser usado como sustituto de una dieta equilibrada.<\/p>\n<p><strong>Reg. San. INVIMA No. RSAD06|1505<\/strong><\/p>\n<div id=\"tab1_mobile\" class=\"toggle-content collapse show\">\n<div class=\"rte\"><\/div>\n<\/div>\n","protected":false},"excerpt":{"rendered":"<p><strong>NUEVA FORMULACI\u00d3N<br \/>\n<\/strong><br \/>\n<strong data-start=\"136\" data-end=\"150\">TIT\u00c1N ARMY<\/strong>\u00a0es la f\u00f3rmula ideal para quienes buscan llevar su entrenamiento al siguiente nivel. Dise\u00f1ado especialmente para aumentar la ingesta cal\u00f3rica de forma efectiva, combina carbohidratos de calidad con prote\u00edna de suero.<\/p>\n<div class=\"ewa-rteLine\">Las prote\u00ednas hipercal\u00f3ricas son suplementos alimenticios que combinan prote\u00ednas de alta calidad con carbohidratos y grasas para proporcionar un mayor aporte cal\u00f3rico. Est\u00e1n dise\u00f1adas para ayudar a las personas que tienen dificultades para aumentar de peso.<\/div>\n<div><\/div>\n<div class=\"ewa-rteLine\">El scoop de Tit\u00e1n Army ahora es mas grande para asegurar que cada porci\u00f3n entregue la cantidad exacta de prote\u00ednas declaradas en la etiqueta<br \/>\n<strong>Somos distribuidores de VITANAS\u00ae\u00a0 Si quieres m\u00e1s informaci\u00f3n o mejores precios comun\u00edcate con nosotros en nuestro <a href=\"https:\/\/www.instagram.com\/nutrifitmaxpereira\/?hl=es\">Instagram<\/a>\u00a0o en nuestro\u00a0<a href=\"https:\/\/api.whatsapp.com\/send?phone=573026673078\">WhatsApp<\/a><br \/>\nSi quieres ver m\u00e1s productos de la l\u00ednea ingresa a este\u00a0<a href=\"https:\/\/nutrifitmax.co\/index.php\/product-category\/marca\/proscience\/\">link<\/a> ahora.<br \/>\nLos mejores suplementos garantizados los encuentras en NUTRIFITMAX<\/strong><\/div>\n","protected":false},"featured_media":13248,"comment_status":"open","ping_status":"closed","template":"","meta":{"inline_featured_image":false},"product_brand":[],"product_cat":[86,91,88,98,89,104],"product_tag":[],"class_list":{"0":"post-13183","1":"product","2":"type-product","3":"status-publish","4":"has-post-thumbnail","6":"product_cat-marca","7":"product_cat-mas-vendidos","8":"product_cat-proteinas","9":"product_cat-proteinas-ganadoras-de-peso","10":"product_cat-proteinas-hipocaloricas","11":"product_cat-vitanas","13":"first","14":"instock","15":"sale","16":"taxable","17":"shipping-taxable","18":"purchasable","19":"product-type-simple","20":"ebbe-col","21":"product-has-gallery"},"_links":{"self":[{"href":"https:\/\/nutrifitmax.co\/index.php\/wp-json\/wp\/v2\/product\/13183","targetHints":{"allow":["GET"]}}],"collection":[{"href":"https:\/\/nutrifitmax.co\/index.php\/wp-json\/wp\/v2\/product"}],"about":[{"href":"https:\/\/nutrifitmax.co\/index.php\/wp-json\/wp\/v2\/types\/product"}],"replies":[{"embeddable":true,"href":"https:\/\/nutrifitmax.co\/index.php\/wp-json\/wp\/v2\/comments?post=13183"}],"wp:featuredmedia":[{"embeddable":true,"href":"https:\/\/nutrifitmax.co\/index.php\/wp-json\/wp\/v2\/media\/13248"}],"wp:attachment":[{"href":"https:\/\/nutrifitmax.co\/index.php\/wp-json\/wp\/v2\/media?parent=13183"}],"wp:term":[{"taxonomy":"product_brand","embeddable":true,"href":"https:\/\/nutrifitmax.co\/index.php\/wp-json\/wp\/v2\/product_brand?post=13183"},{"taxonomy":"product_cat","embeddable":true,"href":"https:\/\/nutrifitmax.co\/index.php\/wp-json\/wp\/v2\/product_cat?post=13183"},{"taxonomy":"product_tag","embeddable":true,"href":"https:\/\/nutrifitmax.co\/index.php\/wp-json\/wp\/v2\/product_tag?post=13183"}],"curies":[{"name":"wp","href":"https:\/\/api.w.org\/{rel}","templated":true}]}}