{"id":13177,"date":"2025-04-07T19:54:57","date_gmt":"2025-04-07T19:54:57","guid":{"rendered":"https:\/\/nutrifitmax.co\/?post_type=product&#038;p=13177"},"modified":"2026-03-18T19:47:52","modified_gmt":"2026-03-18T19:47:52","slug":"pro-beef-isolate-2-lb-vitanas","status":"publish","type":"product","link":"https:\/\/nutrifitmax.co\/index.php\/product\/pro-beef-isolate-2-lb-vitanas\/","title":{"rendered":"PRO BEEF ISOLATE 2 LBS VITANAS"},"content":{"rendered":"<h4 class=\"toggle-title\">Es una prote\u00edna\u00a0de carne\u00a0aislada e hidrolizada libre de lactosa.\u00a0<b>Cada servicio contiene:<\/b><\/h4>\n<ul>\n<li>25 g de prote\u00edna de carne aislada e hidrolizada.<\/li>\n<li>1 g de carbohidratos.<\/li>\n<li>0 g de grasa totales.<\/li>\n<li>0 lactosa.<\/li>\n<li>0 gluten, gelatin, colesterol.<\/li>\n<li>0 az\u00facares.<\/li>\n<li>Contiene Nutraflora\u00ae (prebi\u00f3ticos) y Lactospore\u00ae (probi\u00f3ticos).<\/li>\n<\/ul>\n<h4 class=\"toggle-title\"><strong>Tama\u00f1o de la porci\u00f3n<\/strong>: 30 gr (30 Servicios aprox.)\u00a0<strong data-sanitized-data-mce-fragment=\"1\">Contenido:<\/strong><span data-sanitized-data-mce-fragment=\"1\">\u00a02 Libras\/ Neto 908g\u00a0<\/span><strong>Sabor:<\/strong> Vainilla<\/h4>\n<p><strong>Ingredientes:<\/strong>\u00a0Aislado de prote\u00edna de res hidrolizada, Crema no l\u00e1ctea (Jarabe de glucosa, Aceite de palma, Prote\u00edna, Estabilizante, Emulsificante, y agente anticompactante), P\u00e9ptidos de col\u00e1geno, Sabores naturales y\/o artificiales, Prebi\u00f3ticos, Sucralosa (edulcorante artificial), Cloruro de sodio, Amino\u00e1cidos de cadena ramificada (L-Leucina, L-Valina e L-Isoleucina), Glutamina, Goma Xantana (espesante), Di\u00f3xido de silicio, Probi\u00f3ticos.<\/p>\n<p><strong>M\u00e9todo de conservaci\u00f3n:<\/strong>\u00a0El producto debe estar almacenado en su empaque original a temperatura inferior a 30\u00b0C y a una humedad relativa inferior a 75%. No introducir elementos h\u00famedos, despu\u00e9s de abierto consumase en el menor tiempo posible.<\/p>\n<p><strong>ADVERTENCIA:<\/strong>\u00a0Este producto no pretende diagnosticar , tratar, curar, o prevenir enfermedades. Este producto es un alimento y no debe ser usado como sustituto de una dieta equilibrada.<\/p>\n<p><strong>Informaci\u00f3n de al\u00e9rgenos:<\/strong>\u00a0El producto es fabricado en una planta donde se elaboran producto a base de soya, man\u00ed, nueces, y l\u00e1cteos.<\/p>\n<p><strong>Reg. San. INVIMA No.\u00a0RSAD05|26715<\/strong><\/p>\n<div id=\"tab1_mobile\" class=\"toggle-content collapse show\">\n<div class=\"rte\"><\/div>\n<\/div>\n","protected":false},"excerpt":{"rendered":"<p class=\"\" data-start=\"102\" data-end=\"581\"><strong>Pro Beef Isolate<\/strong><\/p>\n<p class=\"\" data-start=\"102\" data-end=\"581\">Sin gluten, sin lactosa y sin colesterol, es perfecta para quienes entrenan duro y cuidan su salud.<br data-start=\"454\" data-end=\"457\" \/>Cada porci\u00f3n contiene\u00a0<strong data-start=\"479\" data-end=\"509\">25 gramos de prote\u00edna pura<\/strong>, libre de grasas y carbohidratos, para una nutrici\u00f3n limpia y poderosa.<\/p>\n<p class=\"\" data-start=\"583\" data-end=\"683\"><strong data-start=\"583\" data-end=\"683\">\u00a1Lleva tu rendimiento al siguiente nivel con Pro Beef Isolate y construye el f\u00edsico que mereces!<\/strong><\/p>\n<p>Pro Beef Isolate es una prote\u00edna de carne aislada e hidrolizada, obtienes el equivalente proteico a un filete de carne magra rica en Creatina, libre de gluten, lactosa y colesterol.<\/p>\n<p>&nbsp;<\/p>\n<p><strong data-start=\"72\" data-end=\"92\">Pro Beef Isolate<\/strong>\u00a0es una prote\u00edna de carne aislada e hidrolizada que proporciona el equivalente proteico de un filete de carne magra, naturalmente rica en creatina. No contiene gluten, lactosa ni colesterol, lo que la convierte en una excelente opci\u00f3n para personas con intolerancias alimentarias.<\/p>\n<p>Cada porci\u00f3n aporta\u00a0<strong data-start=\"395\" data-end=\"420\">25 gramos de prote\u00edna<\/strong>\u00a0de alta calidad, elaborada a partir de carne magra aislada, un tipo de prote\u00edna purificada que ha sido separada de la grasa y los carbohidratos.<\/p>\n<p><strong>Mezcla de prote\u00ednas de alta calidad:<\/strong>\u00a0Proporciona una liberaci\u00f3n sostenida de amino\u00e1cidos esenciales, probi\u00f3ticos y prebi\u00f3ticos.<\/p>\n<p><strong>F\u00e1cil de mezclar y con buen sabor:<\/strong>\u00a0Textura suave y sabores mejorados para hacer m\u00e1s placentero su consumo.<\/p>\n<p><strong>Somos distribuidores de VITANAS\u00ae\u00a0 Si quieres m\u00e1s informaci\u00f3n o mejores precios comun\u00edcate con nosotros en nuestro <a href=\"https:\/\/www.instagram.com\/nutrifitmaxpereira\/?hl=es\">Instagram<\/a>\u00a0o en nuestro\u00a0<a href=\"https:\/\/api.whatsapp.com\/send?phone=573026673078\">WhatsApp<\/a><br \/>\nSi quieres ver m\u00e1s productos de la l\u00ednea ingresa a este\u00a0<a href=\"https:\/\/nutrifitmax.co\/index.php\/product-category\/marca\/proscience\/\">link<\/a> ahora.<br \/>\nLos mejores suplementos garantizados los encuentras en NUTRIFITMAX<\/strong><\/p>\n<p class=\"\" data-start=\"583\" data-end=\"683\">\n","protected":false},"featured_media":14823,"comment_status":"open","ping_status":"closed","template":"","meta":{"inline_featured_image":false},"product_brand":[],"product_cat":[85,86,91,124,88,89,104],"product_tag":[],"class_list":{"0":"post-13177","1":"product","2":"type-product","3":"status-publish","4":"has-post-thumbnail","6":"product_cat-definicion","7":"product_cat-marca","8":"product_cat-mas-vendidos","9":"product_cat-ofertas","10":"product_cat-proteinas","11":"product_cat-proteinas-hipocaloricas","12":"product_cat-vitanas","14":"first","15":"instock","16":"sale","17":"taxable","18":"shipping-taxable","19":"purchasable","20":"product-type-simple","21":"ebbe-col","22":"product-has-gallery"},"_links":{"self":[{"href":"https:\/\/nutrifitmax.co\/index.php\/wp-json\/wp\/v2\/product\/13177","targetHints":{"allow":["GET"]}}],"collection":[{"href":"https:\/\/nutrifitmax.co\/index.php\/wp-json\/wp\/v2\/product"}],"about":[{"href":"https:\/\/nutrifitmax.co\/index.php\/wp-json\/wp\/v2\/types\/product"}],"replies":[{"embeddable":true,"href":"https:\/\/nutrifitmax.co\/index.php\/wp-json\/wp\/v2\/comments?post=13177"}],"wp:featuredmedia":[{"embeddable":true,"href":"https:\/\/nutrifitmax.co\/index.php\/wp-json\/wp\/v2\/media\/14823"}],"wp:attachment":[{"href":"https:\/\/nutrifitmax.co\/index.php\/wp-json\/wp\/v2\/media?parent=13177"}],"wp:term":[{"taxonomy":"product_brand","embeddable":true,"href":"https:\/\/nutrifitmax.co\/index.php\/wp-json\/wp\/v2\/product_brand?post=13177"},{"taxonomy":"product_cat","embeddable":true,"href":"https:\/\/nutrifitmax.co\/index.php\/wp-json\/wp\/v2\/product_cat?post=13177"},{"taxonomy":"product_tag","embeddable":true,"href":"https:\/\/nutrifitmax.co\/index.php\/wp-json\/wp\/v2\/product_tag?post=13177"}],"curies":[{"name":"wp","href":"https:\/\/api.w.org\/{rel}","templated":true}]}}