{"id":13176,"date":"2025-04-07T19:54:57","date_gmt":"2025-04-07T19:54:57","guid":{"rendered":"https:\/\/nutrifitmax.co\/?post_type=product&#038;p=13176"},"modified":"2025-04-07T19:56:50","modified_gmt":"2025-04-07T19:56:50","slug":"potasio-medical-green","status":"publish","type":"product","link":"https:\/\/nutrifitmax.co\/index.php\/product\/potasio-medical-green\/","title":{"rendered":"POTASIO MEDICAL GREEN"},"content":{"rendered":"<h4><img decoding=\"async\" src=\"https:\/\/nutrifitmax.co\/wp-content\/uploads\/2021\/07\/Potasio-medicalgreen-tiendasenforma@2x-150x150.jpg\" \/><\/h4>\n<h4><strong>Caracter\u00edsticas: POTASIO MEDICAL GREEN<\/strong><\/h4>\n<h4><strong>El Potasio<\/strong>, es un elemento qu\u00edmico y un\u00a0metal alcalino de color blanco-plateado, que abunda en la naturaleza en los elementos relacionados con el\u00a0agua salada y otros\u00a0minerales.\u00a0 Se\u00a0oxida \u00a0r\u00e1pidamente en el\u00a0aire.\u00a0 Es muy reactivo, especialmente en\u00a0agua, y se parece qu\u00edmicamente al\u00a0sodio. Es un\u00a0elemento qu\u00edmico esencial.<\/h4>\n<h4>El potasio es un\u00a0mineral que el cuerpo necesita para funcionar normalmente.\u00a0 Ayuda a la funci\u00f3n de los nervios y a la contracci\u00f3n de los m\u00fasculos y a que su ritmo cardiaco se mantenga constante. Tambi\u00e9n permite que los nutrientes fluyan a las c\u00e9lulas y a expulsar los desechos de estas. Una dieta rica en potasio ayuda a contrarrestar algunos de los efectos nocivos del\u00a0sodio\u00a0sobre la presi\u00f3n arterial.<\/h4>\n<h4>Los ri\u00f1ones ayudan a mantener la cantidad adecuada de potasio en su cuerpo. Si usted tiene enfermedad renal cr\u00f3nica, los ri\u00f1ones no pueden eliminar el potasio adicional de la sangre. Algunos medicamentos tambi\u00e9n pueden elevar su nivel de potasio. Es posible que necesite una dieta especial para reducir la cantidad de potasio que consume.<\/h4>\n<h4>B\u00e1sicamente entonces, consiste en un\u00a0mineral electr\u00f3lito\u00a0que encontramos en la sangre, y que nuestro organismo obtiene sobre todo a partir de determinados alimentos. No obstante, una alimentaci\u00f3n equilibrada es suficiente para aportar la cantidad de potasio que nuestro organismo necesita al d\u00eda, en especial si se basa en una dieta especialmente rica en frutas y verduras.<\/h4>\n<h4>Como te indic\u00e1bamos, se trata de\u00a0uno de los minerales m\u00e1s abundantes en nuestro organismo, por lo que su acumulaci\u00f3n es ciertamente elevada.<\/h4>\n<h4>El potasio<strong>\u00a0<\/strong>se absorbe a trav\u00e9s del alimento\u00a0cuando \u00e9ste alcanza el intestino delgado, donde se asimila cerca del 90 por ciento. El restante es expulsado a trav\u00e9s de la orina.<\/h4>\n<h4>La falta de potasio se conoce como\u00a0hipopotasiemia. Adem\u00e1s de la falta de los alimentos con este mineral, el nivel de potasio se puede reducir por la toma de diur\u00e9ticos o de laxantes, as\u00ed como por un trastorno renal. Los s\u00edntomas de la hipopotasiemia son la debilidad muscular, un<strong>\u00a0<\/strong>ritmo anormal del pulso cardiaco<strong>,<\/strong>\u00a0una subida ligera de la\u00a0tensi\u00f3n arterial,<strong>\u00a0<\/strong>diarrea, fatiga o\u00a0estre\u00f1imiento.<\/h4>\n<h4>La\u00a0hiperpotasiemia, por el contrario, es el exceso de potasio en el cuerpo. Se puede causar por una insuficiencia renal o por la toma de medicamentos para tratar\u00a0enfermedades vasculares\u00a0o diur\u00e9ticos. Sus s\u00edntomas suelen darse como un cambio muy anormal en el ritmo cardiaco.<\/h4>\n<h4>El\u00a0potasio\u00a0ocupa el tercer puesto dentro de los<strong>\u00a0<\/strong>minerales\u00a0que m\u00e1s \u201cgobiernan\u201d en nuestro organismo, despu\u00e9s del calcio y el fosforo, por sus\u00a0propiedades\u00a0y\u00a0beneficios\u00a0para nuestra salud. Este mineral es responsable de normalizar el\u00a0balance de agua en el organismo<strong>,<\/strong>\u00a0participa en el mecanismo de contracci\u00f3n y relajaci\u00f3n de los m\u00fasculos, y en su mantenimiento saludable.<\/h4>\n<h4><strong>Beneficios:<\/strong><\/h4>\n<ul>\n<li>\n<h4>La descomposici\u00f3n y aprovechamiento de los\u00a0carbohidratos.<\/h4>\n<\/li>\n<li>\n<h4>El desarrollo de los m\u00fasculos y del crecimiento del cuerpo.<\/h4>\n<\/li>\n<li>\n<h4>El control de la actividad el\u00e9ctrica del coraz\u00f3n y el equilibrio \u00e1cido b\u00e1sico.<\/h4>\n<\/li>\n<li>\n<h4>La regulaci\u00f3n del nivel de agua en el organismo.<\/h4>\n<\/li>\n<li>\n<h4>La disminuci\u00f3n de los efectos negativos del sodio.<\/h4>\n<\/li>\n<li>\n<h4>Ayuda a mantener normal la tensi\u00f3n arterial sangu\u00ednea.<\/h4>\n<\/li>\n<li>\n<h4>Mantiene la cantidad correcta de agua en nuestras c\u00e9lulas.<\/h4>\n<\/li>\n<li>\n<h4>Estabiliza la estructura de las c\u00e9lulas corporales.<\/h4>\n<\/li>\n<li>\n<h4>Estimula los movimientos del intestino.<\/h4>\n<\/li>\n<li>\n<h4>Forma parte de los huesos, siendo esencial para el correcto crecimiento de nuestro organismo.<\/h4>\n<\/li>\n<li>\n<h4>Interviene y participa en la producci\u00f3n de prote\u00ednas. Es muy importante en la s\u00edntesis de \u00e9stas y en los \u00e1cidos nucleicos.<\/h4>\n<\/li>\n<li>\n<h4>Interviene en el metabolismo de los hidratos de carbono.<\/h4>\n<\/li>\n<li>\n<h4>Es coadyuvante en la regulaci\u00f3n de las contracciones musculares, e impulso nervioso y la regulaci\u00f3n de la funci\u00f3n cardiaca.<\/h4>\n<\/li>\n<li>\n<h4>Importante en la regulaci\u00f3n de los m\u00fasculos y nervios<\/h4>\n<\/li>\n<li>\n<h4>Participa en el equilibrio osm\u00f3tico.<\/h4>\n<\/li>\n<li>\n<h4>Interviene en la transmisi\u00f3n nerviosa.<\/h4>\n<\/li>\n<li>\n<h4>Participa en reacciones qu\u00edmicas.<\/h4>\n<\/li>\n<li>\n<h4>Desempe\u00f1a un papel importante en la mayor\u00eda de las funciones vitales.<\/h4>\n<\/li>\n<li>\n<h4>Impide la fuga, regulando el contenido en agua de las c\u00e9lulas y su movimiento.<\/h4>\n<\/li>\n<li>\n<h4>Mantiene el equilibrio acido-base y junto con el sodio, este mineral, controla la cantidad y el reparto normal del agua en el organismo.<\/h4>\n<\/li>\n<li>\n<h4>Interviene principalmente en la producci\u00f3n deprote\u00ednas<strong>\u00a0<\/strong>e incrementa la excitabilidad neuronal.<\/h4>\n<\/li>\n<li>\n<h4>Junto con el calcio y el magnesio, el potasio colabora a la regularizaci\u00f3n de todas las funciones celulares y sobretodo en la excitabilidad del coraz\u00f3n, de los m\u00fasculos y del sistema nervioso; es imprescindible para el movimiento del miocardio y activa los sistemas enzim\u00e1ticos.<\/h4>\n<\/li>\n<\/ul>\n<p><strong>REGISTRO INVIMA SD2013-0002938\u00a0<\/strong><\/p>\n","protected":false},"excerpt":{"rendered":"<p style=\"padding-left: 40px;\"><img decoding=\"async\" src=\"https:\/\/nutrifitmax.co\/wp-content\/uploads\/2021\/07\/Potasio-medicalgreen-tiendasenforma@2x-150x150.jpg\" \/><\/p>\n<h4>\u00a0Se oxida \u00a0r\u00e1pidamente en el aire.\u00a0 Es muy reactivo, especialmente en agua, y se parece qu\u00edmicamente al sodio. Es un elemento qu\u00edmico esencial.<\/h4>\n<h4><\/h4>\n<p>POTASIO MEDICAL GREEN<\/p>\n","protected":false},"featured_media":13234,"comment_status":"open","ping_status":"closed","template":"","meta":{"inline_featured_image":false},"product_brand":[],"product_cat":[86,111,112],"product_tag":[],"class_list":{"0":"post-13176","1":"product","2":"type-product","3":"status-publish","4":"has-post-thumbnail","6":"product_cat-marca","7":"product_cat-medical-green","8":"product_cat-suplementos-naturales","10":"first","11":"instock","12":"taxable","13":"shipping-taxable","14":"purchasable","15":"product-type-simple","16":"ebbe-col"},"_links":{"self":[{"href":"https:\/\/nutrifitmax.co\/index.php\/wp-json\/wp\/v2\/product\/13176","targetHints":{"allow":["GET"]}}],"collection":[{"href":"https:\/\/nutrifitmax.co\/index.php\/wp-json\/wp\/v2\/product"}],"about":[{"href":"https:\/\/nutrifitmax.co\/index.php\/wp-json\/wp\/v2\/types\/product"}],"replies":[{"embeddable":true,"href":"https:\/\/nutrifitmax.co\/index.php\/wp-json\/wp\/v2\/comments?post=13176"}],"wp:featuredmedia":[{"embeddable":true,"href":"https:\/\/nutrifitmax.co\/index.php\/wp-json\/wp\/v2\/media\/13234"}],"wp:attachment":[{"href":"https:\/\/nutrifitmax.co\/index.php\/wp-json\/wp\/v2\/media?parent=13176"}],"wp:term":[{"taxonomy":"product_brand","embeddable":true,"href":"https:\/\/nutrifitmax.co\/index.php\/wp-json\/wp\/v2\/product_brand?post=13176"},{"taxonomy":"product_cat","embeddable":true,"href":"https:\/\/nutrifitmax.co\/index.php\/wp-json\/wp\/v2\/product_cat?post=13176"},{"taxonomy":"product_tag","embeddable":true,"href":"https:\/\/nutrifitmax.co\/index.php\/wp-json\/wp\/v2\/product_tag?post=13176"}],"curies":[{"name":"wp","href":"https:\/\/api.w.org\/{rel}","templated":true}]}}