{"id":13144,"date":"2025-04-07T19:54:31","date_gmt":"2025-04-07T19:54:31","guid":{"rendered":"https:\/\/nutrifitmax.co\/?post_type=product&#038;p=13144"},"modified":"2026-01-13T22:10:18","modified_gmt":"2026-01-13T22:10:18","slug":"amino-energy-30-servicios","status":"publish","type":"product","link":"https:\/\/nutrifitmax.co\/index.php\/product\/amino-energy-30-servicios\/","title":{"rendered":"AMINO ENERGY 30 SERVICIOS FRUIT FUSION"},"content":{"rendered":"<h2><img decoding=\"async\" src=\"https:\/\/nutrifitmax.co\/wp-content\/uploads\/2021\/05\/amino-energy-fruit-150x150.jpg\" \/><\/h2>\n<h2>Descripci\u00f3n AMINO ENERGY 30 SERVICIOS<\/h2>\n<h4>Todos deseamos un f\u00edsico definido sin gota de grasa. Pero desearlo no es suficiente, hay que seguir una dieta y un programa de entrenamiento intensos que pondr\u00e1n a prueba la entereza f\u00edsica y mental de cualquiera. Para satisfacer estas demandas,\u00a0Essential Amino Energy\u00a0de\u00a0Optimum Nutrition\u00a0combina un excelente \u00edndice de amino\u00e1cidos libres de r\u00e1pida absorci\u00f3n (incluyendo amino\u00e1cidos de cadena ramificada para formar m\u00fasculo y arginina para unos bombeos vasculares intensos) con energizantes naturales, beta alanina e ingredientes para incrementar los \u00edndices de \u00f3xido n\u00edtrico. Con tan solo 10 calor\u00edas por dosis,\u00a0Essential Amino Energy\u00a0le da todo lo que necesita sin perjudicar su dieta.<\/h4>\n<h4>Puede tomar\u00a0Essential Amino Energy\u00a0solo o mezcl\u00e1ndolo con sus suplementos en polvo favoritos siempre que necesite m\u00e1s concentraci\u00f3n mental, energ\u00eda f\u00edsica, producci\u00f3n de \u00f3xido n\u00edtrico o una recuperaci\u00f3n m\u00e1s r\u00e1pida.<\/h4>\n<h4><strong>Essential Amino Energy\u00a0incluye:<\/strong><\/h4>\n<ul>\n<li>\n<h4>5 g de amino\u00e1cidos micronizados en su forma libre.<\/h4>\n<\/li>\n<li>\n<h4>Beta alanina.<\/h4>\n<\/li>\n<li>\n<h4>Extracto de t\u00e9 verde (100 mg de cafe\u00edna de t\u00e9 verde).<\/h4>\n<\/li>\n<li>\n<h4>Extracto de caf\u00e9 verde.<\/h4>\n<\/li>\n<li>\n<h4>10 calor\u00edas por dosis.<\/h4>\n<\/li>\n<li>\n<h4>0 grasas y az\u00facares.<\/h4>\n<\/li>\n<\/ul>\n<h4><strong>Principales beneficios de\u00a0Essential Amino Energy:<\/strong><\/h4>\n<ul>\n<li>\n<h4>Ayuda en el transporte de los amino\u00e1cidos esenciales.<\/h4>\n<\/li>\n<li>\n<h4>Favorece la producci\u00f3n de \u00f3xido n\u00edtrico.<\/h4>\n<\/li>\n<li>\n<h4>Acelera la recuperaci\u00f3n muscular.<\/h4>\n<\/li>\n<li>\n<h4>Mejora la energ\u00eda y la concentraci\u00f3n.<\/h4>\n<\/li>\n<\/ul>\n<p><strong>REGISTRO INVIMA RSA-005944-2018<\/strong><\/p>\n","protected":false},"excerpt":{"rendered":"<p><img decoding=\"async\" src=\"https:\/\/nutrifitmax.co\/wp-content\/uploads\/2021\/05\/amino-energy-fruit-150x150.jpg\" \/><\/p>\n<h4>AMINO ENERGY 30 SERVICIOS Todos deseamos un f\u00edsico definido sin gota de grasa. Pero desearlo no es suficiente, hay que seguir una dieta y un programa de entrenamiento intensos que pondr\u00e1n a prueba la entereza f\u00edsica y mental de cualquiera<\/h4>\n","protected":false},"featured_media":13202,"comment_status":"open","ping_status":"closed","template":"","meta":{"inline_featured_image":false},"product_brand":[],"product_cat":[93,86,90,95],"product_tag":[],"class_list":{"0":"post-13144","1":"product","2":"type-product","3":"status-publish","4":"has-post-thumbnail","6":"product_cat-aminoacidos","7":"product_cat-marca","8":"product_cat-on","9":"product_cat-recuperacion","11":"first","12":"instock","13":"taxable","14":"shipping-taxable","15":"purchasable","16":"product-type-simple","17":"ebbe-col","18":"product-has-gallery"},"_links":{"self":[{"href":"https:\/\/nutrifitmax.co\/index.php\/wp-json\/wp\/v2\/product\/13144","targetHints":{"allow":["GET"]}}],"collection":[{"href":"https:\/\/nutrifitmax.co\/index.php\/wp-json\/wp\/v2\/product"}],"about":[{"href":"https:\/\/nutrifitmax.co\/index.php\/wp-json\/wp\/v2\/types\/product"}],"replies":[{"embeddable":true,"href":"https:\/\/nutrifitmax.co\/index.php\/wp-json\/wp\/v2\/comments?post=13144"}],"wp:featuredmedia":[{"embeddable":true,"href":"https:\/\/nutrifitmax.co\/index.php\/wp-json\/wp\/v2\/media\/13202"}],"wp:attachment":[{"href":"https:\/\/nutrifitmax.co\/index.php\/wp-json\/wp\/v2\/media?parent=13144"}],"wp:term":[{"taxonomy":"product_brand","embeddable":true,"href":"https:\/\/nutrifitmax.co\/index.php\/wp-json\/wp\/v2\/product_brand?post=13144"},{"taxonomy":"product_cat","embeddable":true,"href":"https:\/\/nutrifitmax.co\/index.php\/wp-json\/wp\/v2\/product_cat?post=13144"},{"taxonomy":"product_tag","embeddable":true,"href":"https:\/\/nutrifitmax.co\/index.php\/wp-json\/wp\/v2\/product_tag?post=13144"}],"curies":[{"name":"wp","href":"https:\/\/api.w.org\/{rel}","templated":true}]}}