{"id":13115,"date":"2025-04-07T19:54:09","date_gmt":"2025-04-07T19:54:09","guid":{"rendered":"https:\/\/nutrifitmax.co\/?post_type=product&#038;p=13115"},"modified":"2026-02-05T19:25:31","modified_gmt":"2026-02-05T19:25:31","slug":"burner-stack","status":"publish","type":"product","link":"https:\/\/nutrifitmax.co\/index.php\/product\/burner-stack\/","title":{"rendered":"BURNER STACK"},"content":{"rendered":"<h4><img decoding=\"async\" src=\"https:\/\/nutrifitmax.co\/wp-content\/uploads\/2021\/03\/quemador-burner-150x150.jpg\" \/><\/h4>\n<h4 class=\"font-weight-bold price_description cyan-text animated fadeIn\">Descripci\u00f3n BURNER STACK<\/h4>\n<div class=\"font-px\">\n<p>Burner stack, es un producto de ultima generaci\u00f3n dise\u00f1ado para ayudar a cumplir tus objetivos f\u00e1cilmente, contiene los ingredientes m\u00e1s estudiados y con eficacia comprobada. Burner Stack contiene 6 g por porci\u00f3n de ingredientes, esta as\u00ed dise\u00f1ado para tener el 100 % de las cantidades recomendadas, que a diferencia de los productos en capsulas o tabletas solo contienen unas peque\u00f1as dosis de estos. Deliciosos sabor a UVA<\/p>\n<ul class=\"list-group list-group-flush my-4\">\n<li class=\"list-group-item\">100 mg Cafe\u00edna.<\/li>\n<li class=\"list-group-item\">1 g L-Carnitina.<\/li>\n<li class=\"list-group-item\">500 mg CLA (Acido linoleico conjugado).<\/li>\n<li class=\"list-group-item\">500 mg Beta-Alanina.<\/li>\n<li class=\"list-group-item\">1 g Taurina.<\/li>\n<li class=\"list-group-item\">100 mg Goma Guar.<\/li>\n<li class=\"list-group-item\">15 mg Extracto de Naranja Amarga.<\/li>\n<li class=\"list-group-item\">200 mcg Picolinato de Cromo.<\/li>\n<\/ul>\n<\/div>\n<h4 id=\"invima\" class=\"font-weight-bold price_description cyan-text animated fadeIn\"><strong>Registro Invima<\/strong><\/h4>\n<div>\n<h4 class=\"font-px\"><strong>RSA-0009455-2020<\/strong><\/h4>\n<\/div>\n","protected":false},"excerpt":{"rendered":"<p><strong>Si quieres m\u00e1s informaci\u00f3n o mejores precios comun\u00edcate con nosotros en nuestro <a href=\"https:\/\/www.instagram.com\/nutrifitmaxpereira\/?hl=es\">Instagram<\/a>\u00a0o en nuestro\u00a0<a href=\"https:\/\/api.whatsapp.com\/send?phone=573026673078\">WhatsApp<\/a><br \/>\nSi quieres ver m\u00e1s productos de la l\u00ednea ingresa a este\u00a0<a href=\"https:\/\/nutrifitmax.co\/index.php\/product-category\/marca\/proscience\/\">link<\/a> ahora.<br \/>\nLos mejores suplementos garantizados los encuentras en NUTRIFITMAX<\/strong><\/p>\n","protected":false},"featured_media":13167,"comment_status":"open","ping_status":"closed","template":"","meta":{"inline_featured_image":false},"product_brand":[],"product_cat":[85,86,100,92],"product_tag":[],"class_list":{"0":"post-13115","1":"product","2":"type-product","3":"status-publish","4":"has-post-thumbnail","6":"product_cat-definicion","7":"product_cat-marca","8":"product_cat-nutramerican","9":"product_cat-quemadores-de-grasa","11":"first","12":"instock","13":"sale","14":"taxable","15":"shipping-taxable","16":"purchasable","17":"product-type-simple","18":"ebbe-col","19":"product-has-gallery"},"_links":{"self":[{"href":"https:\/\/nutrifitmax.co\/index.php\/wp-json\/wp\/v2\/product\/13115","targetHints":{"allow":["GET"]}}],"collection":[{"href":"https:\/\/nutrifitmax.co\/index.php\/wp-json\/wp\/v2\/product"}],"about":[{"href":"https:\/\/nutrifitmax.co\/index.php\/wp-json\/wp\/v2\/types\/product"}],"replies":[{"embeddable":true,"href":"https:\/\/nutrifitmax.co\/index.php\/wp-json\/wp\/v2\/comments?post=13115"}],"wp:featuredmedia":[{"embeddable":true,"href":"https:\/\/nutrifitmax.co\/index.php\/wp-json\/wp\/v2\/media\/13167"}],"wp:attachment":[{"href":"https:\/\/nutrifitmax.co\/index.php\/wp-json\/wp\/v2\/media?parent=13115"}],"wp:term":[{"taxonomy":"product_brand","embeddable":true,"href":"https:\/\/nutrifitmax.co\/index.php\/wp-json\/wp\/v2\/product_brand?post=13115"},{"taxonomy":"product_cat","embeddable":true,"href":"https:\/\/nutrifitmax.co\/index.php\/wp-json\/wp\/v2\/product_cat?post=13115"},{"taxonomy":"product_tag","embeddable":true,"href":"https:\/\/nutrifitmax.co\/index.php\/wp-json\/wp\/v2\/product_tag?post=13115"}],"curies":[{"name":"wp","href":"https:\/\/api.w.org\/{rel}","templated":true}]}}