{"id":13114,"date":"2025-04-07T19:54:08","date_gmt":"2025-04-07T19:54:08","guid":{"rendered":"https:\/\/nutrifitmax.co\/?post_type=product&#038;p=13114"},"modified":"2026-01-21T18:32:37","modified_gmt":"2026-01-21T18:32:37","slug":"army-proscience-30-servicios-fruit-punch","status":"publish","type":"product","link":"https:\/\/nutrifitmax.co\/index.php\/product\/army-proscience-30-servicios-fruit-punch\/","title":{"rendered":"ARMY PROSCIENCE 30 SERVICIOS FRUIT PUNCH"},"content":{"rendered":"<p><strong>Army BCAA Proscience\u00a0<\/strong>se destaca como una f\u00f3rmula avanzada dise\u00f1ada para potenciar tu rendimiento f\u00edsico. Este suplemento ofrece una combinaci\u00f3n precisa de amino\u00e1cidos esenciales y BCAA&#8217;s. Por eso se ha convertido en el producto ideal para atletas y entusiastas del mundo fitness que buscan\u00a0<strong>maximizar su rendimiento y tambi\u00e9n su recuperaci\u00f3n.<\/strong><\/p>\n<p>Este suplemento contiene 9 g de EAA&#8217;s por porci\u00f3n. Por ejemplo, incluye leucina, isoleucina, valina, lisina, treonina, histidina, fenilalanina, metionina y tript\u00f3fano. Estos amino\u00e1cidos esenciales son cruciales\u00a0<strong>para la s\u00edntesis de prote\u00ednas y el desarrollo muscular<\/strong>. Adem\u00e1s, vale la pena recordar que proporciona 7 g de BCAA&#8217;s por dosis.<\/p>\n<p>Ingredientes: polvo deshidratado de frutos amarillos, citrato de calcio, \u00e1cido m\u00e1lico, saborizante natural (orange), coenzima Q10, sucralosa, di\u00f3xido de silicio, lecitina de soya, vitamina C, entre otros<\/p>\n<ul>\n<li>Contenido: 1,2 lb (19 oz)<\/li>\n<li>Servicios por envase: 30 scoops<\/li>\n<li>Sabor: green mix, citrus punch, fruit punch<\/li>\n<li>Modo de consumo: mezclar 1 scoop en 1000 ml de agua y consumir durante la actividad f\u00edsica<\/li>\n<li>M\u00e9todo de conservaci\u00f3n: almacenar a temperatura inferior a 30\u00b0C y humedad relativa inferior a 75%. Consumir en el menor tiempo posible despu\u00e9s de abierto<\/li>\n<li>Registro Invima: RSA-0009949-2020<\/li>\n<\/ul>\n","protected":false},"excerpt":{"rendered":"<p>Potencia tu rendimiento con 9 g de EAA&#8217;s y 7 g de BCAA&#8217;s por scoop. Sin az\u00facar a\u00f1adido, con glutamina y disponible en 3 sabores refrescantes.<\/p>\n<p>Army BCAA Proscience viene en un\u00a0<strong>envase pl\u00e1stico con\u00a0<em>liners\u00a0<\/em>internos<\/strong>\u00a0de seguridad. Cada envase contiene 1,2 lb (19 oz) de producto. Ofrece 30 scoops por envase proporcionando una cantidad adecuada para un mes de uso. Tambi\u00e9n es importante destacar que est\u00e1 registrado bajo el c\u00f3digo Invima RSA-0009949-2020.<\/p>\n<p>Disfruta de sabores refrescantes como Green Mix, Citrus Punch y Fruit Punch. Cada sabor est\u00e1 formulado para ofrecer una experiencia placentera y motivar el consumo regular. Selecciona el sabor que m\u00e1s te guste y potencia tu entrenamiento.<\/p>\n<p><strong>Somos distribuidores de PROSCIENCE\u00ae\u00a0 Si quieres m\u00e1s informaci\u00f3n o mejores precios comun\u00edcate con nosotros en nuestro <a href=\"https:\/\/www.instagram.com\/nutrifitmaxpereira\/?hl=es\">Instagram<\/a>\u00a0o en nuestro\u00a0<a href=\"https:\/\/api.whatsapp.com\/send?phone=573026673078\">WhatsApp<\/a><br \/>\nSi quieres ver m\u00e1s productos de la l\u00ednea ingresa a este\u00a0<a href=\"https:\/\/nutrifitmax.co\/index.php\/product-category\/marca\/proscience\/\">link<\/a> ahora.<br \/>\nLos mejores suplementos garantizados los encuentras en NUTRIFITMAX<\/strong><\/p>\n","protected":false},"featured_media":13166,"comment_status":"open","ping_status":"closed","template":"","meta":{"inline_featured_image":false},"product_brand":[],"product_cat":[93,86,101],"product_tag":[],"class_list":{"0":"post-13114","1":"product","2":"type-product","3":"status-publish","4":"has-post-thumbnail","6":"product_cat-aminoacidos","7":"product_cat-marca","8":"product_cat-proscience","10":"first","11":"instock","12":"sale","13":"taxable","14":"shipping-taxable","15":"purchasable","16":"product-type-simple","17":"ebbe-col"},"_links":{"self":[{"href":"https:\/\/nutrifitmax.co\/index.php\/wp-json\/wp\/v2\/product\/13114","targetHints":{"allow":["GET"]}}],"collection":[{"href":"https:\/\/nutrifitmax.co\/index.php\/wp-json\/wp\/v2\/product"}],"about":[{"href":"https:\/\/nutrifitmax.co\/index.php\/wp-json\/wp\/v2\/types\/product"}],"replies":[{"embeddable":true,"href":"https:\/\/nutrifitmax.co\/index.php\/wp-json\/wp\/v2\/comments?post=13114"}],"wp:featuredmedia":[{"embeddable":true,"href":"https:\/\/nutrifitmax.co\/index.php\/wp-json\/wp\/v2\/media\/13166"}],"wp:attachment":[{"href":"https:\/\/nutrifitmax.co\/index.php\/wp-json\/wp\/v2\/media?parent=13114"}],"wp:term":[{"taxonomy":"product_brand","embeddable":true,"href":"https:\/\/nutrifitmax.co\/index.php\/wp-json\/wp\/v2\/product_brand?post=13114"},{"taxonomy":"product_cat","embeddable":true,"href":"https:\/\/nutrifitmax.co\/index.php\/wp-json\/wp\/v2\/product_cat?post=13114"},{"taxonomy":"product_tag","embeddable":true,"href":"https:\/\/nutrifitmax.co\/index.php\/wp-json\/wp\/v2\/product_tag?post=13114"}],"curies":[{"name":"wp","href":"https:\/\/api.w.org\/{rel}","templated":true}]}}