{"id":13092,"date":"2025-04-07T19:53:46","date_gmt":"2025-04-07T19:53:46","guid":{"rendered":"https:\/\/nutrifitmax.co\/?post_type=product&#038;p=13092"},"modified":"2026-04-23T01:00:30","modified_gmt":"2026-04-23T01:00:30","slug":"whey-gold-standard-optimum-nutrition-2-lb-cookies-and-cream","status":"publish","type":"product","link":"https:\/\/nutrifitmax.co\/index.php\/product\/whey-gold-standard-optimum-nutrition-2-lb-cookies-and-cream\/","title":{"rendered":"WHEY GOLD STANDARD OPTIMUM NUTRITION 2 LB COOKIES AND CREAM"},"content":{"rendered":"<p>GOLD STANDARD\u00a0100% WHEY<\/p>\n<p>OPTIMUM NUTRITION\u00a0ha elevado el standard por el cual todas las prote\u00ednas son valoradas. Ahora ponen el list\u00f3n a\u00fan m\u00e1s alto con la tercera generaci\u00f3n de\u00a0ON 100% Whey Protein:\u00a0GOLD STANDARD 100% WHEY\u00a0.<\/p>\n<p>Como sus predecesoras,\u00a0GOLD STANDARD 100% WHEY\u00a0contiene una mezcla exclusiva de:<\/p>\n<ul>\n<li>Aislado de Proteina de Suero Microfiltrada.<\/li>\n<li>Aislado de Proteina de Suero por Intercambio I\u00f3nico.<\/li>\n<li>Concentrado de Proteina de Suero Ultrafiltrada.<\/li>\n<li>P\u00e9ptidos de Suero Hidrolizado HydroWhey.<\/li>\n<\/ul>\n<p>GOLD STANDARD 100% WHEY\u00a0es la nueva vuelta de \u201ctuerca\u201d de\u00a0OPTIMUM NUTRITION. Una considerable mejora del equipo de\u00a0OPTIMUM NUTRITION\u00a0para perfeccionar la prote\u00edna de aislado de suero que ha revolucionado el mercado americano y europeo, con millones de clientes satisfechos.<\/p>\n<p>Los aislados de prote\u00edna de suero son el 90% de pura prote\u00edna por peso. Esta es la m\u00e1s pura y cara forma de prote\u00edna que existe. Este es el ingrediente que puedes leer en la etiqueta de\u00a0GOLD STANDARD 100% WHEY.<\/p>\n<p>El Aislado de suero (whey protein isolate) es la fuente primaria de\u00a0GOLD STANDARD 100% WHEY\u00a0con 24 gramos de esta prote\u00edna creadora de masa muscular por toma, con menos grasa, colesterol, lactosa y otras sustancias que no deseas.<\/p>\n<p>Ventajas de\u00a0GOLD STANDARD 100% WHEY\u00a0sobre otros batidos de prote\u00ednas.<\/p>\n<ul>\n<li>M\u00e1s aislado de prote\u00edna de suero, la fuente m\u00e1s pura y costosa de prote\u00edna de suero disponible en el mercado.<\/li>\n<li>Mayor porcentaje de prote\u00edna, siendo\u00a0GOLD STANDARD 100% WHEY\u00a0l\u00edder en ese aspecto, con 24 gramos de prote\u00edna por toma, \u00a1siendo el 79% de peso de la toma!<\/li>\n<li>Se han a\u00f1adido m\u00e1s hidrolizados de p\u00e9ptidos de suero\u00a0HYDROWHEY\u00a9\u00a0que al ser de menor peso molecular son m\u00e1s asimilables.<\/li>\n<li>GOLD STANDARD 100% WHEY\u00a0contiene lactasas y otras enzimas digestivas como la mezcla patentada que realza la absorci\u00f3n y es apta para los intolerantes a la lactosa.<\/li>\n<li>GOLD STANDARD 100% WHEY\u00a0se disuelve instant\u00e1nea y f\u00e1cilmente con una cuchara o pocas agitaciones de tu mezclador.<\/li>\n<li>Cada servicio de\u00a0GOLD STANDARD 100% WHEY. incluye m\u00e1s microfracciones de prote\u00edna de suero biol\u00f3gicamente activas como alfa-lactoalb\u00faminas, glicomacrop\u00e9ptidos, beta-lactoglobulinas, inmunoglobulina G, lactoferrrinas, lactoperoxidasas, y varios activadores del crecimiento.<\/li>\n<li>GOLD STANDARD 100% WHEY\u00a0contiene 4 gramos de glutamina y precursores.<\/li>\n<li>GOLD STANDARD 100% WHEY\u00a0tambi\u00e9n contiene 5 gramos de BCAAs (amino\u00e1cidos ramificados: Leucina, Isoleucina, y Valina) en cada toma.<\/li>\n<\/ul>\n<p>Recomendaciones de uso: Para obtener un balance positivo de nitr\u00f3geno, consume aproximadamente 2 gramos de prote\u00edna por kg de peso corporal totales al d\u00eda, combinando alimentos ricos en prote\u00edna y el batido de prote\u00edna\u00a0GOLD STANDARD 100% WHEY. Para obtener mejores resultados, tomar las dosis de\u00a0GOLD STANDARD 100% WHEY\u00a0repartidas en 4-6 peque\u00f1as comidas durante todo el d\u00eda.<\/p>\n<p><em>Atenci\u00f3n: Este producto contiene ingredientes derivados de la leche y soja (para mejorar la solubilidad).<\/em><\/p>\n","protected":false},"excerpt":{"rendered":"<p>Post-Entrenamiento ayuda a la recueraci\u00f3n muscular<\/p>\n<p>24 gramos de prote\u00edna por servicio\u00b3<\/p>\n<p>5.5 gramos de BCAA\u00b4s ayudando al desempe\u00f1o y recuperaci\u00f3n<\/p>\n<p>Polvo de prote\u00edna m\u00e1s vendido en el Mundo<\/p>\n<p><strong>Si quieres m\u00e1s informaci\u00f3n o mejores precios comun\u00edcate con nosotros en nuestro <\/strong><a href=\"https:\/\/www.instagram.com\/nutrifitmaxpereira\/?hl=es\"><strong>Instagram<\/strong><\/a><strong>\u00a0o en nuestro\u00a0<\/strong><a href=\"https:\/\/api.whatsapp.com\/send?phone=573026673078\"><strong>WhatsApp<\/strong><\/a><strong><br \/>\nSi quieres ver m\u00e1s productos de la l\u00ednea ingresa a este\u00a0<\/strong><a href=\"https:\/\/nutrifitmax.co\/index.php\/product-category\/marca\/proscience\/\"><strong>link<\/strong><\/a><strong> ahora.<br \/>\nLos mejores suplementos garantizados los encuentras en NUTRIFITMAX<\/strong><\/p>\n","protected":false},"featured_media":13155,"comment_status":"open","ping_status":"closed","template":"","meta":{"inline_featured_image":false},"product_brand":[],"product_cat":[86,91,90,88,103,89],"product_tag":[],"class_list":{"0":"post-13092","1":"product","2":"type-product","3":"status-publish","4":"has-post-thumbnail","6":"product_cat-marca","7":"product_cat-mas-vendidos","8":"product_cat-on","9":"product_cat-proteinas","10":"product_cat-proteinas-concentradas","11":"product_cat-proteinas-hipocaloricas","13":"first","14":"instock","15":"taxable","16":"shipping-taxable","17":"purchasable","18":"product-type-simple","19":"ebbe-col"},"_links":{"self":[{"href":"https:\/\/nutrifitmax.co\/index.php\/wp-json\/wp\/v2\/product\/13092","targetHints":{"allow":["GET"]}}],"collection":[{"href":"https:\/\/nutrifitmax.co\/index.php\/wp-json\/wp\/v2\/product"}],"about":[{"href":"https:\/\/nutrifitmax.co\/index.php\/wp-json\/wp\/v2\/types\/product"}],"replies":[{"embeddable":true,"href":"https:\/\/nutrifitmax.co\/index.php\/wp-json\/wp\/v2\/comments?post=13092"}],"wp:featuredmedia":[{"embeddable":true,"href":"https:\/\/nutrifitmax.co\/index.php\/wp-json\/wp\/v2\/media\/13155"}],"wp:attachment":[{"href":"https:\/\/nutrifitmax.co\/index.php\/wp-json\/wp\/v2\/media?parent=13092"}],"wp:term":[{"taxonomy":"product_brand","embeddable":true,"href":"https:\/\/nutrifitmax.co\/index.php\/wp-json\/wp\/v2\/product_brand?post=13092"},{"taxonomy":"product_cat","embeddable":true,"href":"https:\/\/nutrifitmax.co\/index.php\/wp-json\/wp\/v2\/product_cat?post=13092"},{"taxonomy":"product_tag","embeddable":true,"href":"https:\/\/nutrifitmax.co\/index.php\/wp-json\/wp\/v2\/product_tag?post=13092"}],"curies":[{"name":"wp","href":"https:\/\/api.w.org\/{rel}","templated":true}]}}