{"id":13089,"date":"2025-04-07T19:53:46","date_gmt":"2025-04-07T19:53:46","guid":{"rendered":"https:\/\/nutrifitmax.co\/?post_type=product&#038;p=13089"},"modified":"2026-01-13T22:14:29","modified_gmt":"2026-01-13T22:14:29","slug":"whey-gold-standar-optimum-nutrition-10-libras","status":"publish","type":"product","link":"https:\/\/nutrifitmax.co\/index.php\/product\/whey-gold-standar-optimum-nutrition-10-libras\/","title":{"rendered":"WHEY GOLD STANDAR OPTIMUM NUTRITION 10 LIBRAS"},"content":{"rendered":"<h4><img decoding=\"async\" src=\"https:\/\/nutrifitmax.co\/wp-content\/uploads\/2021\/03\/GOLD-10-LB-ON-150x150.jpg\" \/>WHEY GOLD STANDAR OPTIMUN NUTRITION 10 LIBRAS<\/h4>\n<h4><strong>100% Whey Gold Standard<\/strong>\u00a0<strong>de<\/strong> <strong>Optimum Nutrition\u00a0<\/strong>es la prote\u00edna m\u00e1s prestigiosa y vendida en todo el mundo que contiene una mezcla proteica exclusiva de aislado de prote\u00edna de suero, concentrado de prote\u00edna de suero ultrafiltrada y p\u00e9ptidos de suero hidrolizado y que ha sido enriquecida con enzimas digestivas para una completa absorci\u00f3n. El aislado de prote\u00edna de suero (Whey Protein Isolate, WPI por sus siglas en ingl\u00e9s) contiene alrededor de un 90% de pura prote\u00edna por dosis. Esta es una de las formas m\u00e1s puras y caras de prote\u00edna de suero que existe, por eso es el primer ingrediente que aparece en nuestra etiqueta. Al usar aislado de prote\u00edna de suero como fuente principal de prote\u00edna junto con la prote\u00edna de concentrado de suero de ultrafiltrada (Whey Protein Concentrate, WPC por sus siglas en ingl\u00e9s), podemos cargar cada dosis con 24 gramos de la mejor prote\u00edna para tus m\u00fasculos despu\u00e9s del entrenamiento, con la mayor pureza y con mucha menos grasa, colesterol, lactosa y otros ingredientes que no necesitas.<\/h4>\n<h4><strong>PRINCIPALES BENEFICIOS<\/strong>:<\/h4>\n<ul>\n<li>\n<h4>La prote\u00edna m\u00e1s prestigiosa y vendida en todo el mundo.<\/h4>\n<\/li>\n<li>\n<h4>Contiene aislado de prote\u00edna de suero\u00a0(WPI) como ingrediente principal.<\/h4>\n<\/li>\n<li>\n<h4>Contiene microfracciones\u00a0de prote\u00edna de suero\u00a0procedentes del aislado de\u00a0suero\u00a0y del concentrado de suero ultrafiltrado.<\/h4>\n<\/li>\n<li>\n<h4>Proporciona m\u00e1s de 4\u00a0gramos de\u00a0glutamina\u00a0y\u00a0\u00e1cido glut\u00e1mico\u00a0por servicio.<\/h4>\n<\/li>\n<li>\n<h4>Proporciona m\u00e1s\u00a0de 5 gramos de\u00a0BCAAs presentes de forma natural por servicio.<\/h4>\n<\/li>\n<li>\n<h4>Se mezcla de forma instant\u00e1nea sin necesidad de usar una coctelera<\/h4>\n<\/li>\n<\/ul>\n<p><strong>REGISTRO INVIMA RSA-005945-2018<\/strong><\/p>\n","protected":false},"excerpt":{"rendered":"<p><img decoding=\"async\" src=\"https:\/\/nutrifitmax.co\/wp-content\/uploads\/2021\/03\/GOLD-10-LB-ON-150x150.jpg\" \/>WHEY GOLD STANDAR OPTIMUN NUTRITION 10 LIBRAS<\/p>\n<h4>es la prote\u00edna m\u00e1s prestigiosa y vendida en todo el mundo que contiene una mezcla proteica exclusiva de aislado de prote\u00edna de suero, concentrado de prote\u00edna de suero ultrafiltrada<\/h4>\n","protected":false},"featured_media":13138,"comment_status":"open","ping_status":"closed","template":"","meta":{"inline_featured_image":false},"product_brand":[],"product_cat":[85,96,86,91,90,88,103,89],"product_tag":[],"class_list":{"0":"post-13089","1":"product","2":"type-product","3":"status-publish","4":"has-post-thumbnail","6":"product_cat-definicion","7":"product_cat-ganancia","8":"product_cat-marca","9":"product_cat-mas-vendidos","10":"product_cat-on","11":"product_cat-proteinas","12":"product_cat-proteinas-concentradas","13":"product_cat-proteinas-hipocaloricas","15":"first","16":"instock","17":"taxable","18":"shipping-taxable","19":"purchasable","20":"product-type-simple","21":"ebbe-col","22":"product-has-gallery"},"_links":{"self":[{"href":"https:\/\/nutrifitmax.co\/index.php\/wp-json\/wp\/v2\/product\/13089","targetHints":{"allow":["GET"]}}],"collection":[{"href":"https:\/\/nutrifitmax.co\/index.php\/wp-json\/wp\/v2\/product"}],"about":[{"href":"https:\/\/nutrifitmax.co\/index.php\/wp-json\/wp\/v2\/types\/product"}],"replies":[{"embeddable":true,"href":"https:\/\/nutrifitmax.co\/index.php\/wp-json\/wp\/v2\/comments?post=13089"}],"wp:featuredmedia":[{"embeddable":true,"href":"https:\/\/nutrifitmax.co\/index.php\/wp-json\/wp\/v2\/media\/13138"}],"wp:attachment":[{"href":"https:\/\/nutrifitmax.co\/index.php\/wp-json\/wp\/v2\/media?parent=13089"}],"wp:term":[{"taxonomy":"product_brand","embeddable":true,"href":"https:\/\/nutrifitmax.co\/index.php\/wp-json\/wp\/v2\/product_brand?post=13089"},{"taxonomy":"product_cat","embeddable":true,"href":"https:\/\/nutrifitmax.co\/index.php\/wp-json\/wp\/v2\/product_cat?post=13089"},{"taxonomy":"product_tag","embeddable":true,"href":"https:\/\/nutrifitmax.co\/index.php\/wp-json\/wp\/v2\/product_tag?post=13089"}],"curies":[{"name":"wp","href":"https:\/\/api.w.org\/{rel}","templated":true}]}}