{"id":13063,"date":"2025-04-07T19:53:17","date_gmt":"2025-04-07T19:53:17","guid":{"rendered":"https:\/\/nutrifitmax.co\/?post_type=product&#038;p=13063"},"modified":"2025-09-17T01:55:02","modified_gmt":"2025-09-17T01:55:02","slug":"mantequilla-de-mani-wakeup-720-grm","status":"publish","type":"product","link":"https:\/\/nutrifitmax.co\/index.php\/product\/mantequilla-de-mani-wakeup-720-grm\/","title":{"rendered":"MANTEQUILLA DE MANI WAKEUP 720 GRM"},"content":{"rendered":"<p><img decoding=\"async\" src=\"https:\/\/nutrifitmax.co\/wp-content\/uploads\/2021\/03\/Crema-de-Mani-Natural-WAKE-UP--150x150.jpg\" \/>MANTEQUILLA DE MANI WAKEUP 720 GRM<\/p>\n<p class=\"jsx-2049201783 c--grey-neutral-800\"><strong>Se trata de un alimento saludable que puede ser consumido tanto en el desayuno como en los refrigerios<\/strong>\u00a0de media ma\u00f1ana o de la merienda. Cuenta con propiedades beneficiosas para el organismo humano y con una elevada densidad de nutrientes. Adem\u00e1s, se puede preparar de forma casera.<\/p>\n<p class=\"jsx-2049201783 c--grey-neutral-800\">Es importante tener en cuenta que no todas las mantequillas de man\u00ed comerciales cuentan con las mismas caracter\u00edsticas. Ser\u00e1 determinante el contenido en cacahuetes, as\u00ed como la ausencia de otros ingredientes, como los az\u00facares a\u00f1adidos. Estos conseguir\u00edan alterar el valor nutricional, empeor\u00e1ndolo.<\/p>\n","protected":false},"excerpt":{"rendered":"<p><img decoding=\"async\" src=\"https:\/\/nutrifitmax.co\/wp-content\/uploads\/2021\/03\/Crema-de-Mani-Natural-WAKE-UP--150x150.jpg\" \/>MANTEQUILLA DE MANI WAKEUP 720 GRM<\/p>\n","protected":false},"featured_media":13123,"comment_status":"open","ping_status":"closed","template":"","meta":{"inline_featured_image":false},"product_brand":[],"product_cat":[86,107,121,122],"product_tag":[],"class_list":{"0":"post-13063","1":"product","2":"type-product","3":"status-publish","4":"has-post-thumbnail","6":"product_cat-marca","7":"product_cat-snacks","8":"product_cat-veganos","9":"product_cat-wakeup","11":"first","12":"instock","13":"taxable","14":"shipping-taxable","15":"purchasable","16":"product-type-simple","17":"ebbe-col","18":"product-has-gallery"},"_links":{"self":[{"href":"https:\/\/nutrifitmax.co\/index.php\/wp-json\/wp\/v2\/product\/13063","targetHints":{"allow":["GET"]}}],"collection":[{"href":"https:\/\/nutrifitmax.co\/index.php\/wp-json\/wp\/v2\/product"}],"about":[{"href":"https:\/\/nutrifitmax.co\/index.php\/wp-json\/wp\/v2\/types\/product"}],"replies":[{"embeddable":true,"href":"https:\/\/nutrifitmax.co\/index.php\/wp-json\/wp\/v2\/comments?post=13063"}],"wp:featuredmedia":[{"embeddable":true,"href":"https:\/\/nutrifitmax.co\/index.php\/wp-json\/wp\/v2\/media\/13123"}],"wp:attachment":[{"href":"https:\/\/nutrifitmax.co\/index.php\/wp-json\/wp\/v2\/media?parent=13063"}],"wp:term":[{"taxonomy":"product_brand","embeddable":true,"href":"https:\/\/nutrifitmax.co\/index.php\/wp-json\/wp\/v2\/product_brand?post=13063"},{"taxonomy":"product_cat","embeddable":true,"href":"https:\/\/nutrifitmax.co\/index.php\/wp-json\/wp\/v2\/product_cat?post=13063"},{"taxonomy":"product_tag","embeddable":true,"href":"https:\/\/nutrifitmax.co\/index.php\/wp-json\/wp\/v2\/product_tag?post=13063"}],"curies":[{"name":"wp","href":"https:\/\/api.w.org\/{rel}","templated":true}]}}