{"id":13042,"date":"2025-04-07T19:52:55","date_gmt":"2025-04-07T19:52:55","guid":{"rendered":"https:\/\/nutrifitmax.co\/?post_type=product&#038;p=13042"},"modified":"2026-01-13T22:17:05","modified_gmt":"2026-01-13T22:17:05","slug":"isopure-natures-best-3-lb","status":"publish","type":"product","link":"https:\/\/nutrifitmax.co\/index.php\/product\/isopure-natures-best-3-lb\/","title":{"rendered":"ISOPURE NATURE&#8217;S BEST 3 LBS"},"content":{"rendered":"<h4><img decoding=\"async\" src=\"https:\/\/nutrifitmax.co\/wp-content\/uploads\/2021\/02\/ISOPURE-150x150.png\" \/>ISOPURE NATURE&#8217;S BEST 3 LB<\/h4>\n<h4><strong>ISOPURE\u00ae ZERO\/LOW CARB<\/strong>\u00a0es una prote\u00edna aislada de suero, con un bajo contenido en grasas y carbohidratos, obtenida mediante procesos de microfiltraci\u00f3n, que aseguran una prote\u00edna de gran calidad y pureza.<\/h4>\n<h4><strong>ISOPURE\u00ae ZERO\/LOW CARB<\/strong>\u00a0es la forma m\u00e1s f\u00e1cil de consumir prote\u00ednas, para contribuir al mantenimiento y desarrollo de la masa muscular, sin aportar excesivas cantidades de carbohidratos y grasas.<\/h4>\n<h4><strong>Caracter\u00edsticas principales<\/strong><\/h4>\n<ul>\n<li>\n<h4>110 kcal por dosis*.<\/h4>\n<\/li>\n<li>\n<h4>90% de prote\u00ednas.<\/h4>\n<\/li>\n<li>\n<h4>6,3 g de BCAA por dosis.<\/h4>\n<\/li>\n<li>\n<h4>Bajo contenido en carbohidratos y grasa.<\/h4>\n<\/li>\n<li>\n<h4>Sin aspartamo.<\/h4>\n<\/li>\n<li>\n<h4>Envase de 2000 g.<\/h4>\n<\/li>\n<\/ul>\n<h4><strong>Efectos principales<\/strong><\/h4>\n<ul>\n<li>\n<h4>Mantiene la masa muscular, evitando el catabolismo.<\/h4>\n<\/li>\n<li>\n<h4>Estimula la s\u00edntesis proteica y el desarrollo muscular.<\/h4>\n<\/li>\n<li>\n<h4>Incrementa la fuerza y la potencia muscular.<\/h4>\n<\/li>\n<\/ul>\n<h4><strong>La ciencia detr\u00e1s<\/strong><\/h4>\n<h4>Las prote\u00ednas son nutrientes esenciales para todas las personas, proporcionan amino\u00e1cidos esenciales, necesarios para la fabricaci\u00f3n de prote\u00ednas musculares, su consumo contribuye al mantenimiento y desarrollo de la masa muscular.<\/h4>\n<h4><strong>ISOPURE\u00ae ZERO\/LOW CARB<\/strong>\u00a0es un aislado de suero obtenido mediante procesos de microfiltraci\u00f3n, del cual se obtiene una prote\u00edna de gran calidad y pureza, de f\u00e1cil digesti\u00f3n y absorci\u00f3n. Mantiene todas las cualidades de la prote\u00edna a la vez que consigue un producto con bajo aporte de grasas y carbohidratos, ideal para procesos de definici\u00f3n o p\u00e9rdida de peso. El contenido en amino\u00e1cidos ramificados y esenciales de la prote\u00edna de leche, es superior a cualquier otra prote\u00edna.<\/h4>\n<h4>Proporciona un aminograma completo, con un gran contenido en amino\u00e1cidos ramificados y glutamina, estos amino\u00e1cidos se absorben r\u00e1pidamente y utilizan para acelerar la recuperaci\u00f3n y la s\u00edntesis proteica.<\/h4>\n<h4><strong>ISOPURE\u00ae<\/strong>\u00a0es una marca con m\u00e1s de 10 a\u00f1os de experiencia en el desarrollo de complementos nutricionales deportivos. Actualmente, su gama de productos son reconocidos a nivel mundial por sus altos est\u00e1ndares de calidad y pureza.<\/h4>\n<h4><strong>Objetivos principales<\/strong><\/h4>\n<ul>\n<li>\n<h4>Definici\u00f3n muscular.<\/h4>\n<\/li>\n<li>\n<h4>Desarrollo muscular.<\/h4>\n<\/li>\n<li>\n<h4>P\u00e9rdida de peso.<\/h4>\n<\/li>\n<li>\n<h4>Protecci\u00f3n de la musculatura.<\/h4>\n<\/li>\n<li>\n<h4>Recuperaci\u00f3n y mantenimiento muscular.<\/h4>\n<\/li>\n<\/ul>\n<h4><strong>\u00bfQui\u00e9n puede beneficiarse de ISOPURE\u00ae ZERO\/LOW CARB?<\/strong><\/h4>\n<ul>\n<li>\n<h4>Todo tipo de deportistas que deseen mantener y desarrollar su musculatura.<\/h4>\n<\/li>\n<li>\n<h4>Deportistas en periodos de definici\u00f3n y personas en \u00e9poca de p\u00e9rdida de peso, para evitar el catabolismo muscular.<\/h4>\n<\/li>\n<li>\n<h4>Poblaci\u00f3n general que desee proteger su masa muscular de los efectos de la edad, inmovilizaciones, lesiones, etc.<\/h4>\n<\/li>\n<\/ul>\n<h4><strong>C\u00f3mo combinar<\/strong><\/h4>\n<h4><strong>ISOPURE\u00ae ZERO\/LOW CARB<\/strong>\u00a0se puede combinar con pr\u00e1cticamente todos los productos de nutrici\u00f3n deportiva. Por ejemplo, con productos o ingredientes como un pre-entrenamiento (con o sin cafe\u00edna), precursores del \u00f3xido n\u00edtrico, BCAAs antes de entrenar, creatina, HMB o prote\u00ednas secuenciales antes de dormir.<\/h4>\n<h4>En los procesos de p\u00e9rdida de peso o definici\u00f3n puede acompa\u00f1arse de productos termog\u00e9nicos para ayudar a gastar m\u00e1s energ\u00eda o incluso ayudar a reducir la ingesta cal\u00f3rica total usandola como sustitutivo de comida.<\/h4>\n<h4>La informaci\u00f3n nutricional puede variar ligeramente dependiendo del sabor.<\/h4>\n","protected":false},"excerpt":{"rendered":"<p><img decoding=\"async\" src=\"https:\/\/nutrifitmax.co\/wp-content\/uploads\/2021\/02\/ISOPURE-150x150.png\" \/><\/p>\n<p>ISOPURE NATURE&#8217;S BEST 3 LB CHOCOLATE<\/p>\n<h4>las prote\u00ednas son nutrientes esenciales para todas las personas, proporcionan amino\u00e1cidos esenciales, necesarios para la fabricaci\u00f3n de prote\u00ednas musculares, su consumo contribuye al mantenimiento y desarrollo de la masa muscular.<\/h4>\n","protected":false},"featured_media":14312,"comment_status":"open","ping_status":"closed","template":"","meta":{"inline_featured_image":false},"product_brand":[],"product_cat":[85,86,119,88,89],"product_tag":[],"class_list":{"0":"post-13042","1":"product","2":"type-product","3":"status-publish","4":"has-post-thumbnail","6":"product_cat-definicion","7":"product_cat-marca","8":"product_cat-natures-best","9":"product_cat-proteinas","10":"product_cat-proteinas-hipocaloricas","12":"first","13":"instock","14":"taxable","15":"shipping-taxable","16":"purchasable","17":"product-type-simple","18":"ebbe-col"},"_links":{"self":[{"href":"https:\/\/nutrifitmax.co\/index.php\/wp-json\/wp\/v2\/product\/13042","targetHints":{"allow":["GET"]}}],"collection":[{"href":"https:\/\/nutrifitmax.co\/index.php\/wp-json\/wp\/v2\/product"}],"about":[{"href":"https:\/\/nutrifitmax.co\/index.php\/wp-json\/wp\/v2\/types\/product"}],"replies":[{"embeddable":true,"href":"https:\/\/nutrifitmax.co\/index.php\/wp-json\/wp\/v2\/comments?post=13042"}],"wp:featuredmedia":[{"embeddable":true,"href":"https:\/\/nutrifitmax.co\/index.php\/wp-json\/wp\/v2\/media\/14312"}],"wp:attachment":[{"href":"https:\/\/nutrifitmax.co\/index.php\/wp-json\/wp\/v2\/media?parent=13042"}],"wp:term":[{"taxonomy":"product_brand","embeddable":true,"href":"https:\/\/nutrifitmax.co\/index.php\/wp-json\/wp\/v2\/product_brand?post=13042"},{"taxonomy":"product_cat","embeddable":true,"href":"https:\/\/nutrifitmax.co\/index.php\/wp-json\/wp\/v2\/product_cat?post=13042"},{"taxonomy":"product_tag","embeddable":true,"href":"https:\/\/nutrifitmax.co\/index.php\/wp-json\/wp\/v2\/product_tag?post=13042"}],"curies":[{"name":"wp","href":"https:\/\/api.w.org\/{rel}","templated":true}]}}