{"id":13039,"date":"2025-04-07T19:52:55","date_gmt":"2025-04-07T19:52:55","guid":{"rendered":"https:\/\/nutrifitmax.co\/?post_type=product&#038;p=13039"},"modified":"2026-03-10T22:32:57","modified_gmt":"2026-03-10T22:32:57","slug":"pump-nox-smart-20-servicios","status":"publish","type":"product","link":"https:\/\/nutrifitmax.co\/index.php\/product\/pump-nox-smart-20-servicios\/","title":{"rendered":"PUMP NOX SMART 30 SERVICIOS"},"content":{"rendered":"<p>PUMP NOX SMART 30 SERVICIOS<\/p>\n<p>DESCRIPCION<\/p>\n<p>El Preworkout Pum Nox fue desarrollado para generar dilataci\u00f3n muscular (PUM), aumentar los niveles de \u00f3xido n\u00edtrico (NOX), el flujo sangu\u00edneo y la dilataci\u00f3n, voluminizaci\u00f3n de los tejidos musculares, mejorando la calidad del bombeo sangu\u00edneo en el musculo.<\/p>\n<ul>\n<li>Aumenta la resistencia, fuerza y\u00a0capacidad de\u00a0levantar el peso dado para m\u00e1s repeticiones.<\/li>\n<li>Aumenta tu energ\u00eda explosiva, intensifica el bombeo de sangre a nivel muscular, incrementa el \u201cfocus mental\u201d para lograr un alto desempe\u00f1o y r\u00e1pida recuperaci\u00f3n durante tus entrenamientos.<\/li>\n<li>Apoya el rendimiento neurol\u00f3gico general, el estado de \u00e1nimo, la motivaci\u00f3n y la energ\u00eda.<\/li>\n<li>Aumenta los niveles de \u00f3xido n\u00edtrico (NOX), el flujo sangu\u00edneo y la dilataci\u00f3n \/ voluminizaci\u00f3n de los tejidos musculares.<\/li>\n<li>Mejora la calidad de bombeo.<\/li>\n<li>Aumenta la resistencia de la fuerza. (Posibilidad de levantar un peso determinado para m\u00e1s repeticiones sin cansarse).<\/li>\n<\/ul>\n<p>&nbsp;<\/p>\n<p><strong>REGISTRO INVIMA RSA-005130-2018<\/strong><\/p>\n<p>&nbsp;<\/p>\n","protected":false},"excerpt":{"rendered":"<p>PUMP NOX SMART 20 SERVICIOS<\/p>\n<p><img decoding=\"async\" src=\"https:\/\/nutrifitmax.co\/wp-content\/uploads\/2021\/02\/pump-nox-edge-150x150.jpg\" \/><\/p>\n<p>El Preworkout Pum Nox fue desarrollado para generar dilataci\u00f3n muscular (PUM), aumentar los niveles de \u00f3xido n\u00edtrico (NOX), el flujo sangu\u00edneo y la dilataci\u00f3n, voluminizaci\u00f3n de los tejidos musculares, mejorando la calidad del bombeo sangu\u00edneo en el musculo.<\/p>\n","protected":false},"featured_media":14513,"comment_status":"open","ping_status":"closed","template":"","meta":{"inline_featured_image":false},"product_brand":[],"product_cat":[86,109,106],"product_tag":[],"class_list":{"0":"post-13039","1":"product","2":"type-product","3":"status-publish","4":"has-post-thumbnail","6":"product_cat-marca","7":"product_cat-pre-entrenos","8":"product_cat-smart","10":"first","11":"instock","12":"sale","13":"taxable","14":"shipping-taxable","15":"purchasable","16":"product-type-simple","17":"ebbe-col"},"_links":{"self":[{"href":"https:\/\/nutrifitmax.co\/index.php\/wp-json\/wp\/v2\/product\/13039","targetHints":{"allow":["GET"]}}],"collection":[{"href":"https:\/\/nutrifitmax.co\/index.php\/wp-json\/wp\/v2\/product"}],"about":[{"href":"https:\/\/nutrifitmax.co\/index.php\/wp-json\/wp\/v2\/types\/product"}],"replies":[{"embeddable":true,"href":"https:\/\/nutrifitmax.co\/index.php\/wp-json\/wp\/v2\/comments?post=13039"}],"wp:featuredmedia":[{"embeddable":true,"href":"https:\/\/nutrifitmax.co\/index.php\/wp-json\/wp\/v2\/media\/14513"}],"wp:attachment":[{"href":"https:\/\/nutrifitmax.co\/index.php\/wp-json\/wp\/v2\/media?parent=13039"}],"wp:term":[{"taxonomy":"product_brand","embeddable":true,"href":"https:\/\/nutrifitmax.co\/index.php\/wp-json\/wp\/v2\/product_brand?post=13039"},{"taxonomy":"product_cat","embeddable":true,"href":"https:\/\/nutrifitmax.co\/index.php\/wp-json\/wp\/v2\/product_cat?post=13039"},{"taxonomy":"product_tag","embeddable":true,"href":"https:\/\/nutrifitmax.co\/index.php\/wp-json\/wp\/v2\/product_tag?post=13039"}],"curies":[{"name":"wp","href":"https:\/\/api.w.org\/{rel}","templated":true}]}}