{"id":13012,"date":"2025-04-07T19:52:34","date_gmt":"2025-04-07T19:52:34","guid":{"rendered":"https:\/\/nutrifitmax.co\/?post_type=product&#038;p=13012"},"modified":"2025-12-02T01:17:15","modified_gmt":"2025-12-02T01:17:15","slug":"sascha-fitness-isolate-2-libras-chocolate","status":"publish","type":"product","link":"https:\/\/nutrifitmax.co\/index.php\/product\/sascha-fitness-isolate-2-libras-chocolate\/","title":{"rendered":"SASCHA FITNESS ISOLATE 2 LB CHOCOLATE"},"content":{"rendered":"<p>Sascha fitness hydrolyzed whey protein isolate (chocolate) La Whey Protein \u00f3 prote\u00edna de suero es un tipo de prote\u00edna derivada de la leche, contiene todos los amino\u00e1cidos esenciales, es prote\u00edna de la mejor calidad. Sus principales beneficios: Ayuda a regenerar e incrementar masa muscular, facilita la p\u00e9rdida de grasa preservando tejido muscular, controla notablemente el apetito, incrementa y mejora tu desempe\u00f1o.<\/p>\n<p>Hay dos tipos de whey protein, concentrada y aislada, la diferencia entre ambas es el nivel de pureza. La prote\u00edna concentrada es 80% prote\u00edna y contiene m\u00e1s grasa y lactosa, az\u00facar. La prote\u00edna aislada (Isolate) contiene m\u00e1s prote\u00edna, es mucho m\u00e1s pura y de mejor calidad, no contiene ni grasa ni lactosa<\/p>\n<div class=\"pr3 items-stretch vtex-flex-layout-0-x-stretchChildrenWidth flex\">\n<div class=\"vtex-flex-layout-0-x-flexCol vtex-flex-layout-0-x-flexCol--spec-name vtex-flex-layout-0-x-flexCol--table-cell vtex-flex-layout-0-x-flexCol--table-heading ml0 mr0 pl5 pr0 flex flex-column h-100 w-100\">\n<div class=\"vtex-flex-layout-0-x-flexColChild vtex-flex-layout-0-x-flexColChild--spec-name vtex-flex-layout-0-x-flexColChild--table-cell vtex-flex-layout-0-x-flexColChild--table-heading pb0\"><span class=\"vtex-product-specifications-1-x-specificationName\" data-specification-group=\"Producto\" data-specification-name=\"Registro sanitario\">Registro sanitario <\/span>RSA00285272023<\/div>\n<\/div>\n<\/div>\n","protected":false},"excerpt":{"rendered":"<p><strong>Si quieres m\u00e1s informaci\u00f3n o mejores precios comun\u00edcate con nosotros en nuestro <\/strong><a href=\"https:\/\/www.instagram.com\/nutrifitmaxpereira\/?hl=es\"><strong>Instagram<\/strong><\/a><strong>\u00a0o en nuestro\u00a0<\/strong><a href=\"https:\/\/api.whatsapp.com\/send?phone=573026673078\"><strong>WhatsApp<\/strong><\/a><strong><br \/>\nSi quieres ver m\u00e1s productos de la l\u00ednea ingresa a este\u00a0<\/strong><a href=\"https:\/\/nutrifitmax.co\/index.php\/product-category\/marca\/proscience\/\"><strong>link<\/strong><\/a><strong> ahora.<br \/>\nLos mejores suplementos garantizados los encuentras en NUTRIFITMAX<\/strong><\/p>\n","protected":false},"featured_media":13069,"comment_status":"open","ping_status":"closed","template":"","meta":{"inline_featured_image":false},"product_brand":[],"product_cat":[91,88,89,116],"product_tag":[],"class_list":{"0":"post-13012","1":"product","2":"type-product","3":"status-publish","4":"has-post-thumbnail","6":"product_cat-mas-vendidos","7":"product_cat-proteinas","8":"product_cat-proteinas-hipocaloricas","9":"product_cat-sascha-fitness","11":"first","12":"instock","13":"taxable","14":"shipping-taxable","15":"purchasable","16":"product-type-simple","17":"ebbe-col"},"_links":{"self":[{"href":"https:\/\/nutrifitmax.co\/index.php\/wp-json\/wp\/v2\/product\/13012","targetHints":{"allow":["GET"]}}],"collection":[{"href":"https:\/\/nutrifitmax.co\/index.php\/wp-json\/wp\/v2\/product"}],"about":[{"href":"https:\/\/nutrifitmax.co\/index.php\/wp-json\/wp\/v2\/types\/product"}],"replies":[{"embeddable":true,"href":"https:\/\/nutrifitmax.co\/index.php\/wp-json\/wp\/v2\/comments?post=13012"}],"wp:featuredmedia":[{"embeddable":true,"href":"https:\/\/nutrifitmax.co\/index.php\/wp-json\/wp\/v2\/media\/13069"}],"wp:attachment":[{"href":"https:\/\/nutrifitmax.co\/index.php\/wp-json\/wp\/v2\/media?parent=13012"}],"wp:term":[{"taxonomy":"product_brand","embeddable":true,"href":"https:\/\/nutrifitmax.co\/index.php\/wp-json\/wp\/v2\/product_brand?post=13012"},{"taxonomy":"product_cat","embeddable":true,"href":"https:\/\/nutrifitmax.co\/index.php\/wp-json\/wp\/v2\/product_cat?post=13012"},{"taxonomy":"product_tag","embeddable":true,"href":"https:\/\/nutrifitmax.co\/index.php\/wp-json\/wp\/v2\/product_tag?post=13012"}],"curies":[{"name":"wp","href":"https:\/\/api.w.org\/{rel}","templated":true}]}}