{"id":12992,"date":"2025-04-07T19:52:11","date_gmt":"2025-04-07T19:52:11","guid":{"rendered":"https:\/\/nutrifitmax.co\/?post_type=product&#038;p=12992"},"modified":"2025-12-02T01:18:16","modified_gmt":"2025-12-02T01:18:16","slug":"sascha-fitness-isolate-2-libras-vainilla","status":"publish","type":"product","link":"https:\/\/nutrifitmax.co\/index.php\/product\/sascha-fitness-isolate-2-libras-vainilla\/","title":{"rendered":"SASCHA FITNESS ISOLATE 2 LB VAINILLA"},"content":{"rendered":"<p>Sascha Hydrolyzed Whey Protein Isolate es un proteina 100% aislada e hidrolizada, Los m\u00fasculos la absorben r\u00e1pidamente, es el mejor tipo de prote\u00edna en polvo si quieres mejorar composici\u00f3n corporal. Tiene 25 g de prote\u00edna por porci\u00f3n, ideal para incrementar la s\u00edntesis de prote\u00edna. Es alta en amino\u00e1cidos BCAA\u2019s (amino\u00e1cidos de cadena ramificada) y EAAS (amino\u00e1cidos esenciales) ellos ayudan a proteger la masa muscular.<\/p>\n<p>Adem\u00e1s esta prote\u00edna en polvo contiene enzimas digestivas que se a\u00f1adieron para mejoran la digesti\u00f3n, prevenir inflamaci\u00f3n y gases.<\/p>\n<ul>\n<li>LIBRE DE AL\u00c9RGENOS \u2013 es libre de gluten y lactosa.<\/li>\n<li>ZERO CARBOHIDRATOS, ZERO AZ\u00daCAR, ZERO GRASAL Y BAJA EN SODIO<\/li>\n<\/ul>\n","protected":false},"excerpt":{"rendered":"<p><strong>Si quieres m\u00e1s informaci\u00f3n o mejores precios comun\u00edcate con nosotros en nuestro <\/strong><a href=\"https:\/\/www.instagram.com\/nutrifitmaxpereira\/?hl=es\"><strong>Instagram<\/strong><\/a><strong>\u00a0o en nuestro\u00a0<\/strong><a href=\"https:\/\/api.whatsapp.com\/send?phone=573026673078\"><strong>WhatsApp<\/strong><\/a><strong><br \/>\nSi quieres ver m\u00e1s productos de la l\u00ednea ingresa a este\u00a0<\/strong><a href=\"https:\/\/nutrifitmax.co\/index.php\/product-category\/marca\/proscience\/\"><strong>link<\/strong><\/a><strong> ahora.<br \/>\nLos mejores suplementos garantizados los encuentras en NUTRIFITMAX<\/strong><\/p>\n","protected":false},"featured_media":13058,"comment_status":"open","ping_status":"closed","template":"","meta":{"inline_featured_image":false},"product_brand":[],"product_cat":[88,89,116],"product_tag":[],"class_list":{"0":"post-12992","1":"product","2":"type-product","3":"status-publish","4":"has-post-thumbnail","6":"product_cat-proteinas","7":"product_cat-proteinas-hipocaloricas","8":"product_cat-sascha-fitness","10":"first","11":"instock","12":"taxable","13":"shipping-taxable","14":"purchasable","15":"product-type-simple","16":"ebbe-col"},"_links":{"self":[{"href":"https:\/\/nutrifitmax.co\/index.php\/wp-json\/wp\/v2\/product\/12992","targetHints":{"allow":["GET"]}}],"collection":[{"href":"https:\/\/nutrifitmax.co\/index.php\/wp-json\/wp\/v2\/product"}],"about":[{"href":"https:\/\/nutrifitmax.co\/index.php\/wp-json\/wp\/v2\/types\/product"}],"replies":[{"embeddable":true,"href":"https:\/\/nutrifitmax.co\/index.php\/wp-json\/wp\/v2\/comments?post=12992"}],"wp:featuredmedia":[{"embeddable":true,"href":"https:\/\/nutrifitmax.co\/index.php\/wp-json\/wp\/v2\/media\/13058"}],"wp:attachment":[{"href":"https:\/\/nutrifitmax.co\/index.php\/wp-json\/wp\/v2\/media?parent=12992"}],"wp:term":[{"taxonomy":"product_brand","embeddable":true,"href":"https:\/\/nutrifitmax.co\/index.php\/wp-json\/wp\/v2\/product_brand?post=12992"},{"taxonomy":"product_cat","embeddable":true,"href":"https:\/\/nutrifitmax.co\/index.php\/wp-json\/wp\/v2\/product_cat?post=12992"},{"taxonomy":"product_tag","embeddable":true,"href":"https:\/\/nutrifitmax.co\/index.php\/wp-json\/wp\/v2\/product_tag?post=12992"}],"curies":[{"name":"wp","href":"https:\/\/api.w.org\/{rel}","templated":true}]}}