{"id":12991,"date":"2025-04-07T19:52:11","date_gmt":"2025-04-07T19:52:11","guid":{"rendered":"https:\/\/nutrifitmax.co\/?post_type=product&#038;p=12991"},"modified":"2025-12-02T01:18:27","modified_gmt":"2025-12-02T01:18:27","slug":"sascha-fitness-isolate-2-libras","status":"publish","type":"product","link":"https:\/\/nutrifitmax.co\/index.php\/product\/sascha-fitness-isolate-2-libras\/","title":{"rendered":"SASCHA FITNESS ISOLATE 2 LIBRAS  VAINILLA"},"content":{"rendered":"<h4><a href=\"https:\/\/nutrifitmax.co\/product-category\/marca\/sascha-fitness\/\"><img decoding=\"async\" src=\"https:\/\/nutrifitmax.co\/wp-content\/uploads\/2021\/02\/SASCHA-COCO-150x150.png\" \/><\/a>SASCHA FITNESS ISOLATE 2 LIBRAS\u00a0 VENTAJAS Y CARACTER\u00cdSTICAS:<\/h4>\n<ul>\n<li>\n<h4>PROTEINA DE LA MEJOR CALIDAD \u2013 Proteina 100% aislada e hidrolizada, Los m\u00fasculos la absorben r\u00e1pidamente, es el mejor tipo de prote\u00edna en polvo si quieres mejorar composici\u00f3n corporal. Tiene 25 g de prote\u00edna por porci\u00f3n, ideal para incrementar la s\u00edntesis de prote\u00edna y aumento de masa muscular. Es alta en amino\u00e1cidos BCAA\u2019s (amino\u00e1cidos de cadena ramificada) y EAAS (amino\u00e1cidos esenciales) ellos ayudan a proteger e incrementar masa muscular, aumentar resistencia y mejorar ambiente hormonal. Adem\u00e1s esta prote\u00edna en polvo contiene enzimas digestivas que se a\u00f1adieron para mejoran la digesti\u00f3n, prevenir inflamaci\u00f3n y gases.<\/h4>\n<\/li>\n<li>\n<h4>LIBRE DE AL\u00c9RGENOS \u2013 es libre de gluten y lactosa.<\/h4>\n<\/li>\n<li>\n<h4>ZERO CARBOHIDRATOS, ZERO AZ\u00daCAR, ZERO GRASAL Y BAJA EN SODIO \u2013 ideal si buscas perder grasa y mantener definici\u00f3n.<\/h4>\n<\/li>\n<li>\n<h4>EXCELENTE SABOR \u2013 El sabor de estas prote\u00ednas es simplemente incre\u00edble! Son cremosas al punto que pensar\u00e1s que te est\u00e1s tomando una merengada hecha con helado. Son super deliciosas. Est\u00e1 disponible en cuatro sabores diferentes: Vanilla Ice Cream (helado de vainilla) Chocolate, Peanut Butter ( mantequilla de man\u00ed) and Very Strawberry (Fresa). Est\u00e1n endulzadas con stevia, un endulzante natural, no contiene edulcorantes artificiales.<\/h4>\n<\/li>\n<li>\n<h4>SASCHA FITNESS \u2013 una fitness coach conocida a nivel internacional, autora de dos libros bestseller. Da conferencias alrededor del mundo, pero sobretodo es una persona que genuinamente se preocupa por la salud y bienestar de los dem\u00e1s, ella puso su nombre y reputaci\u00f3n detr\u00e1s de la marca, es co-fundadora y desarrolladora de estas prote\u00ednas, a ella le importan los consumidores y la gente que cree en ella. Esta hydrolized whey protein ser\u00e1 una de las mejores inversiones que puedes hacer este a\u00f1o en tu salud.<\/h4>\n<\/li>\n<\/ul>\n<h4>DESCRIPCI\u00d3N DEL PRODUCTO :<\/h4>\n<h4>Nuestros productos son fabricados en un establecimiento certificado por el cGMP (buenas pr\u00e1cticas de fabricaci\u00f3n) y tambi\u00e9n ha sido inspeccionado por la FDA.<\/h4>\n<h4>INDICACI\u00d3N:<\/h4>\n<h4>Personas con ciertas condiciones e intolerancias a ciertos alimentos necesitan revisar los ingredientes de Sascha Fitness Hydrolyzed Whey Protein Isolate para evitar posibles contraindicaciones.<\/h4>\n<h4><\/h4>\n<h4><strong>Si quieres ver mas productos de sascha comun\u00edcate con nosotros en nuestro <a href=\"https:\/\/www.instagram.com\/nutrifitmaxpereira\/?hl=es\">Instagram<\/a> O\u00a0 en nuestro <a href=\"https:\/\/api.whatsapp.com\/send?phone=573116363698\">WhatsApp<\/a> Si quieres Ver m\u00e1s productos de la l\u00ednea ingresa a este <a href=\"https:\/\/nutrifitmax.co\/product-category\/marca\/sascha-fitness\/\">link<\/a> ahora.<br \/>\nLos mejores suplementos garantizados los encuentras en NUTRIFITMAX<\/strong><\/h4>\n","protected":false},"excerpt":{"rendered":"<p><img decoding=\"async\" src=\"https:\/\/nutrifitmax.co\/wp-content\/uploads\/2021\/02\/SASCHA-COCO-150x150.png\" \/><\/p>\n<p>SASCHA FITNESS ISOLATE 2 LIBRAS<\/p>\n<h4>PROTEINA DE LA MEJOR CALIDAD \u2013 Proteina 100% aislada e hidrolizada, Los m\u00fasculos la absorben r\u00e1pidamente, es el mejor tipo de prote\u00edna en polvo si quieres mejorar composici\u00f3n corporal<\/h4>\n<p>SASCHA FITNESS ISOLATE 2 LIBRAS<\/p>\n","protected":false},"featured_media":13056,"comment_status":"open","ping_status":"closed","template":"","meta":{"inline_featured_image":false},"product_brand":[],"product_cat":[85,86,88,89,116],"product_tag":[],"class_list":{"0":"post-12991","1":"product","2":"type-product","3":"status-publish","4":"has-post-thumbnail","6":"product_cat-definicion","7":"product_cat-marca","8":"product_cat-proteinas","9":"product_cat-proteinas-hipocaloricas","10":"product_cat-sascha-fitness","12":"first","13":"instock","14":"taxable","15":"shipping-taxable","16":"purchasable","17":"product-type-simple","18":"ebbe-col","19":"product-has-gallery"},"_links":{"self":[{"href":"https:\/\/nutrifitmax.co\/index.php\/wp-json\/wp\/v2\/product\/12991","targetHints":{"allow":["GET"]}}],"collection":[{"href":"https:\/\/nutrifitmax.co\/index.php\/wp-json\/wp\/v2\/product"}],"about":[{"href":"https:\/\/nutrifitmax.co\/index.php\/wp-json\/wp\/v2\/types\/product"}],"replies":[{"embeddable":true,"href":"https:\/\/nutrifitmax.co\/index.php\/wp-json\/wp\/v2\/comments?post=12991"}],"wp:featuredmedia":[{"embeddable":true,"href":"https:\/\/nutrifitmax.co\/index.php\/wp-json\/wp\/v2\/media\/13056"}],"wp:attachment":[{"href":"https:\/\/nutrifitmax.co\/index.php\/wp-json\/wp\/v2\/media?parent=12991"}],"wp:term":[{"taxonomy":"product_brand","embeddable":true,"href":"https:\/\/nutrifitmax.co\/index.php\/wp-json\/wp\/v2\/product_brand?post=12991"},{"taxonomy":"product_cat","embeddable":true,"href":"https:\/\/nutrifitmax.co\/index.php\/wp-json\/wp\/v2\/product_cat?post=12991"},{"taxonomy":"product_tag","embeddable":true,"href":"https:\/\/nutrifitmax.co\/index.php\/wp-json\/wp\/v2\/product_tag?post=12991"}],"curies":[{"name":"wp","href":"https:\/\/api.w.org\/{rel}","templated":true}]}}