{"id":12976,"date":"2025-04-07T19:51:06","date_gmt":"2025-04-07T19:51:06","guid":{"rendered":"https:\/\/nutrifitmax.co\/?post_type=product&#038;p=12976"},"modified":"2026-02-23T20:33:54","modified_gmt":"2026-02-23T20:33:54","slug":"bi-pro-lite-2-4-libras-nutramerican","status":"publish","type":"product","link":"https:\/\/nutrifitmax.co\/index.php\/product\/bi-pro-lite-2-4-libras-nutramerican\/","title":{"rendered":"BI PRO LITE 2.4 LBS NUTRAMERICAN VAINILLA"},"content":{"rendered":"<h4><img decoding=\"async\" src=\"https:\/\/nutrifitmax.co\/wp-content\/uploads\/2021\/02\/BI-PRO-LITE-150x150.jpg\" \/><\/h4>\n<h4><strong>\u00a0LB BI PRO LITE\u00a0<\/strong><\/h4>\n<h4><strong>Descripci\u00f3n<\/strong><\/h4>\n<h4>BiPro Lite\u00a0es una f\u00f3rmula nutricional elaborada a base de prote\u00edna de suero y case\u00edna, prote\u00ednas l\u00e1cteas con excelentes perfiles nutricionales y diferentes velocidades de absorci\u00f3n; contiene en su f\u00f3rmula L-Carnitina y Picolinato de cromo, en las proporciones adecuadas.<\/h4>\n<h4>Bi Pro Lite es una prote\u00edna dise\u00f1ada especialmente para las mujeres. Contiene 20 gramos de carbohidratos, 26 gramos de prote\u00edna, 1 gramo de L Carnitina y 5 gramos de colageno. Es la aliada perfecta para suplir las necesidades de las mujeres que desean reducir su porcentaje de grasa corporal<\/h4>\n<h4>BiPro Lite\u00a0contiene como fuente de carbohidratos pol\u00edmeros de glucosa provenientes del ma\u00edz. Incluye adem\u00e1s 5 gramos de col\u00e1geno hidrolizado y el m\u00e1s cremoso y delicioso sabor, para que disfrute al m\u00e1ximo el programa nutricional.<\/h4>\n<h4><strong>Bi Pro\u00a0Lite\u00a0Beneficios<\/strong><\/h4>\n<ul>\n<li>\n<h4>Ideal para\u00a0reducir porcentaje de grasa corporal<\/h4>\n<\/li>\n<li>\n<h4>Dise\u00f1ada para mujeres<\/h4>\n<\/li>\n<li>\n<h4>Contiene l carnitina y picolinato de cromo para quemar grasa<\/h4>\n<\/li>\n<li>\n<h4>26 gramos de prote\u00edna de suero de leche<\/h4>\n<\/li>\n<li>\n<h4>Contiene 5 gramos de col\u00e1geno<\/h4>\n<\/li>\n<\/ul>\n<h4><strong>REGISTRO INVIMA RSA-0007429-2019\u00a0<\/strong><\/h4>\n","protected":false},"excerpt":{"rendered":"<p><img decoding=\"async\" src=\"https:\/\/nutrifitmax.co\/wp-content\/uploads\/2021\/02\/BI-PRO-LITE-150x150.jpg\" \/><\/p>\n<p>BI PRO LITE<\/p>\n","protected":false},"featured_media":13032,"comment_status":"open","ping_status":"closed","template":"","meta":{"inline_featured_image":false},"product_brand":[],"product_cat":[85,86,100,88,103,89],"product_tag":[],"class_list":{"0":"post-12976","1":"product","2":"type-product","3":"status-publish","4":"has-post-thumbnail","6":"product_cat-definicion","7":"product_cat-marca","8":"product_cat-nutramerican","9":"product_cat-proteinas","10":"product_cat-proteinas-concentradas","11":"product_cat-proteinas-hipocaloricas","13":"first","14":"instock","15":"sale","16":"taxable","17":"shipping-taxable","18":"purchasable","19":"product-type-simple","20":"ebbe-col","21":"product-has-gallery"},"_links":{"self":[{"href":"https:\/\/nutrifitmax.co\/index.php\/wp-json\/wp\/v2\/product\/12976","targetHints":{"allow":["GET"]}}],"collection":[{"href":"https:\/\/nutrifitmax.co\/index.php\/wp-json\/wp\/v2\/product"}],"about":[{"href":"https:\/\/nutrifitmax.co\/index.php\/wp-json\/wp\/v2\/types\/product"}],"replies":[{"embeddable":true,"href":"https:\/\/nutrifitmax.co\/index.php\/wp-json\/wp\/v2\/comments?post=12976"}],"wp:featuredmedia":[{"embeddable":true,"href":"https:\/\/nutrifitmax.co\/index.php\/wp-json\/wp\/v2\/media\/13032"}],"wp:attachment":[{"href":"https:\/\/nutrifitmax.co\/index.php\/wp-json\/wp\/v2\/media?parent=12976"}],"wp:term":[{"taxonomy":"product_brand","embeddable":true,"href":"https:\/\/nutrifitmax.co\/index.php\/wp-json\/wp\/v2\/product_brand?post=12976"},{"taxonomy":"product_cat","embeddable":true,"href":"https:\/\/nutrifitmax.co\/index.php\/wp-json\/wp\/v2\/product_cat?post=12976"},{"taxonomy":"product_tag","embeddable":true,"href":"https:\/\/nutrifitmax.co\/index.php\/wp-json\/wp\/v2\/product_tag?post=12976"}],"curies":[{"name":"wp","href":"https:\/\/api.w.org\/{rel}","templated":true}]}}