{"id":12975,"date":"2025-04-07T19:51:05","date_gmt":"2025-04-07T19:51:05","guid":{"rendered":"https:\/\/nutrifitmax.co\/?post_type=product&#038;p=12975"},"modified":"2026-02-23T20:35:37","modified_gmt":"2026-02-23T20:35:37","slug":"bipro-mass-3-libras-nutramerican","status":"publish","type":"product","link":"https:\/\/nutrifitmax.co\/index.php\/product\/bipro-mass-3-libras-nutramerican\/","title":{"rendered":"BIPRO MASS 3 LBS NUTRAMERICAN"},"content":{"rendered":"<h4><strong> BIPRO MASS 3 LIBRAS NUTRAMERICAN<\/strong><\/h4>\n<p>&nbsp;<\/p>\n<p><a href=\"https:\/\/nutrifitmax.co\/product-category\/marca\/nutramerican\/\"><img fetchpriority=\"high\" decoding=\"async\" class=\"alignnone size-medium wp-image-6922\" src=\"https:\/\/nutrifitmax.co\/wp-content\/uploads\/2021\/02\/75_bi_pro_mass_3_libras_imagen-2-1024x1024-1-300x300.jpeg\" alt=\"\" width=\"300\" height=\"300\" \/><\/a><\/p>\n<h4>Compra tu Proteina BiPro Mass 3 Lb. Vainilla en Baratos.com<\/h4>\n<h4><strong>Descripcion<\/strong><\/h4>\n<h4>BiPro Mass contiene prote\u00edna de suero de leche bovina (Alfa lactoalb\u00famina, Beta lactoglobulina, Lactoferrina, Albumina del suero), como la \u00fanica fuente de prote\u00edna (no contiene soya ni case\u00ednatos), ideal para ser consumida despu\u00e9s de entrenar por su bajo peso molecular.<\/h4>\n<h4>Cuando se realiza ejercicio se consumen las reservas de gluc\u00f3geno (carbohidrato muscular) y muchos amino\u00e1cidos de cadena ramificada (BCAA), provenientes de los m\u00fasculos, los cuales son convertidos en energ\u00eda.<\/h4>\n<h4>El HMB (hidroximetil Butirato de Calcio) es un compuesto derivado de la leucina (aproximadamente el 10% de la leucina se convierte en HMB) con numerosos estudios y aprobado por los entes reguladores para el crecimiento y la reparaci\u00f3n muscular.<\/h4>\n<h4><strong>Bi Pro Mass Caracter\u00edsticas<\/strong><\/h4>\n<ul>\n<li>\n<h4>Ideal para aumentar masa muscular<\/h4>\n<\/li>\n<li>\n<h4>Contiene HMB para proteger y construir masa muscular<\/h4>\n<\/li>\n<li>\n<h4>30 gramos de prote\u00edna de suero de leche<\/h4>\n<\/li>\n<li>\n<h4>Contiene 30 gramos de carbohidratos<\/h4>\n<\/li>\n<li>\n<h4>8 gramos de BCAA<\/h4>\n<\/li>\n<\/ul>\n<h4><strong>REGISTRO INVIMA RSA-0007429-2019\u00a0<\/strong><\/h4>\n<h4><strong>Somos distribuidores de SMART NUTRITION\u00a0 Si quieres mas informaci\u00f3n o mejores precios comun\u00edcate con nosotros en nuestro <a href=\"https:\/\/www.instagram.com\/nutrifitmaxpereira\/?hl=es\">Instagram<\/a> O\u00a0 en nuestro <a href=\"https:\/\/api.whatsapp.com\/send?phone=573116363698\">WhatsApp<\/a> Si quieres Ver m\u00e1s productos de la l\u00ednea ingresa a este <a href=\"https:\/\/nutrifitmax.co\/product-category\/marca\/nutramerican\/\">link<\/a> ahora.<br \/>\nLos mejores suplementos garantizados los encuentras en NUTRIFITMAX<\/strong><\/h4>\n<h4><\/h4>\n","protected":false},"excerpt":{"rendered":"<p>BIPRO MASS 3 LIBRAS NUTRAMERICAN &nbsp; Compra tu Proteina BiPro Mass 3 Lb. Vainilla en Baratos.com Descripcion BiPro Mass contiene prote\u00edna de suero de leche bovina (Alfa lactoalb\u00famina, Beta lactoglobulina, Lactoferrina, Albumina del suero), como la \u00fanica fuente de prote\u00edna (no contiene soya ni case\u00ednatos), ideal para ser consumida despu\u00e9s de entrenar por su bajo [&hellip;]<\/p>\n","protected":false},"featured_media":13030,"comment_status":"open","ping_status":"closed","template":"","meta":{"inline_featured_image":false},"product_brand":[],"product_cat":[96,86,100,88,98],"product_tag":[],"class_list":{"0":"post-12975","1":"product","2":"type-product","3":"status-publish","4":"has-post-thumbnail","6":"product_cat-ganancia","7":"product_cat-marca","8":"product_cat-nutramerican","9":"product_cat-proteinas","10":"product_cat-proteinas-ganadoras-de-peso","12":"first","13":"instock","14":"sale","15":"taxable","16":"shipping-taxable","17":"purchasable","18":"product-type-simple","19":"ebbe-col","20":"product-has-gallery"},"_links":{"self":[{"href":"https:\/\/nutrifitmax.co\/index.php\/wp-json\/wp\/v2\/product\/12975","targetHints":{"allow":["GET"]}}],"collection":[{"href":"https:\/\/nutrifitmax.co\/index.php\/wp-json\/wp\/v2\/product"}],"about":[{"href":"https:\/\/nutrifitmax.co\/index.php\/wp-json\/wp\/v2\/types\/product"}],"replies":[{"embeddable":true,"href":"https:\/\/nutrifitmax.co\/index.php\/wp-json\/wp\/v2\/comments?post=12975"}],"wp:featuredmedia":[{"embeddable":true,"href":"https:\/\/nutrifitmax.co\/index.php\/wp-json\/wp\/v2\/media\/13030"}],"wp:attachment":[{"href":"https:\/\/nutrifitmax.co\/index.php\/wp-json\/wp\/v2\/media?parent=12975"}],"wp:term":[{"taxonomy":"product_brand","embeddable":true,"href":"https:\/\/nutrifitmax.co\/index.php\/wp-json\/wp\/v2\/product_brand?post=12975"},{"taxonomy":"product_cat","embeddable":true,"href":"https:\/\/nutrifitmax.co\/index.php\/wp-json\/wp\/v2\/product_cat?post=12975"},{"taxonomy":"product_tag","embeddable":true,"href":"https:\/\/nutrifitmax.co\/index.php\/wp-json\/wp\/v2\/product_tag?post=12975"}],"curies":[{"name":"wp","href":"https:\/\/api.w.org\/{rel}","templated":true}]}}