{"id":12972,"date":"2025-04-07T19:51:05","date_gmt":"2025-04-07T19:51:05","guid":{"rendered":"https:\/\/nutrifitmax.co\/?post_type=product&#038;p=12972"},"modified":"2026-02-05T19:41:38","modified_gmt":"2026-02-05T19:41:38","slug":"intenze-30-servicios-proscience-shaker-watermelon","status":"publish","type":"product","link":"https:\/\/nutrifitmax.co\/index.php\/product\/intenze-30-servicios-proscience-shaker-watermelon\/","title":{"rendered":"INTENZE 30 SERVICIOS PROSCIENCE WATERMELON"},"content":{"rendered":"<h2 class=\"yikes-custom-woo-tab-title yikes-custom-woo-tab-title-informacion-del-producto\">Informaci\u00f3n del Producto<\/h2>\n<p>Alimento en polvo de frutas deshidratadas con polvo de frutos rojos y polvo de remolacha.<\/p>\n<p><strong>Ingredientes:<\/strong>\u00a0Polvo Deshidratado de Frutos Rojos, L-Citrulina, Beta-Alanina, Creatina HCl, Polvo de Ra\u00edz de Remolacha, L-Leucina, L-Arginina, Beta\u00edna, L-Isoleucina, L-Valina, Di\u00f3xido de Silicio (Anticompactante), Cafe\u00edna, Sucralosa (Edulcorante), Saborizante Id\u00e9ntico al Natural, Aspartame (Edulcorante), Goma Xanthan (Espesante), Citrato de Zinc, \u00c1cido C\u00edtrico (\u00c1cidulante), \u00c1cido M\u00e1lico (Acidulante), Niacina (Vitamina B3), Silicato de Calcio, Benzoato de Sodio (Conservante), Colorante Rojo FD&amp;C CI 45430, Pimienta en Polvo, Piridoxina Clorhidrato, Tiamina Clorhidrato, Vitamina D3, Selenito de Sodio.<\/p>\n<p><strong>Presentaci\u00f3n Comercial:<\/strong>\u00a0Envase y Liners interno de seguridad.<\/p>\n<p><strong>Material del Empaque:<\/strong>\u00a0Envase pl\u00e1stico.<\/p>\n<p><strong>M\u00e9todo de Conservaci\u00f3n:<\/strong>\u00a0El producto debe estar almacenado en su empaque original a temperatura inferior a 30\u00b0C y a una humedad relativa inferior a 75%. No introducir elementos h\u00famedos, despu\u00e9s de abierto consumase en el menor tiempo posible.<\/p>\n<p><strong>Contenido:<\/strong>\u00a0Neto 900 g \/ 1,9 Lb \/ 31,7 Oz.<\/p>\n<p><strong>Servicios:<\/strong>\u00a030 Porciones por envase.<\/p>\n<p><strong>Sabor:<\/strong>\u00a0Citrus Punch \/ Fruit Punch \/ Watermelon.<\/p>\n<p><strong>Modo o M\u00e9todo de Consumo o Preparaci\u00f3n:\u00a0<\/strong>Mezclar una cuchara medidora (30g) incluida en el empaque del producto en 2.7 vasos de agua (650 mL), ag\u00edtese hasta obtener un producto homog\u00e9neo, cons\u00famase una vez preparado.<\/p>\n<p><strong>Formato de Venta:<\/strong>\u00a0Polvo.<\/p>\n<p><strong>Registro Sanitario:<\/strong>\u00a0NSA-0006177-2018.<\/p>\n","protected":false},"excerpt":{"rendered":"<p><strong>INTENZE<\/strong><\/p>\n<p>Es un alimento en polvo deshidratado de frutos rojos que contiene una serie de compuestos que puede aumentar tus niveles de energ\u00eda y mejorar la calidad de tus entrenamientos.<\/p>\n<p>La base de cualquier plan para salud y\/o entrenamiento, es una alimentaci\u00f3n completa y balanceada. Cuando realices actividad fisica o un ejercicio planificado I<strong>NTENZE<\/strong>\u00a0te aporta amino\u00e1cidos como\u00a0<strong>citrulina, arginina y nitratos\u00a0<\/strong>a partir de ra\u00edz de remolacha, que ayudan a mejorar el aporte sangu\u00edneo a tus m\u00fasculos gracias a la producci\u00f3n de\u00a0<strong>oxido n\u00edtrico<\/strong>.<\/p>\n<p>I<strong>NTENZE\u00a0<\/strong>aporta tambi\u00e9n\u00a0<strong>creatina hcl<\/strong>\u00a0que mejorar\u00e1 tu res\u00edntesis energ\u00e9tica y capacidad de recuperaci\u00f3n, para obtener los objetivos planeados. contiene 3 gramos del amino\u00e1cido\u00a0<strong>leucina<\/strong>, el cual es responsable de iniciar la s\u00edntesis proteica y estimular v\u00edas de se\u00f1alizaci\u00f3n celular para mejorar la construcci\u00f3n de masa muscular, cuando se combina con un plan de entrenamiento de fuerza y un balance proteico adecuado.\u00a0<strong>betaina<\/strong>\u00a0nos puede colaborar tambi\u00e9n durante el ejercicio, ya que es un osmolito, y combinado con\u00a0<strong>beta alanina<\/strong>\u00a0controlan la acidez dentro del musculo y puede ayudar a mejorar el entorno anab\u00f3lico mejorando la expresi\u00f3n de diferentes v\u00edas de se\u00f1alizaci\u00f3n celular.<\/p>\n<p>El aporte de cafe\u00edna en el I<strong>NTENZE<\/strong>\u00a0es vital ya que aporta a mejorar tus niveles de energ\u00eda, disminuye los niveles de fatiga mejorando la percepci\u00f3n del esfuerzo y optimizando la calidad del entrenamiento.<\/p>\n<p>Ten en cuenta, siempre lo m\u00e1s importante para lograr objetivos es dise\u00f1ar un plan de entrenamiento adecuado con un plan nutricional individualizado. Como un complemento adecuado puedes consumir un servicio de INTENZE (1 copa) 15-30 minutos antes de realizar actividad f\u00edsica. Idealmente iniciar con medio servicio (1\/2 copa) para ver la tolerancia a la cafe\u00edna y a la beta alanina. Cuando veas que lo toleras bien, consume el servicio completo.<\/p>\n<p><strong>Somos distribuidores de PROSCIENCE\u00ae\u00a0 Si quieres m\u00e1s informaci\u00f3n o mejores precios comun\u00edcate con nosotros en nuestro <a href=\"https:\/\/www.instagram.com\/nutrifitmaxpereira\/?hl=es\">Instagram<\/a>\u00a0o en nuestro\u00a0<a href=\"https:\/\/api.whatsapp.com\/send?phone=573026673078\">WhatsApp<\/a><br \/>\nSi quieres ver m\u00e1s productos de la l\u00ednea ingresa a este\u00a0<a href=\"https:\/\/nutrifitmax.co\/index.php\/product-category\/marca\/proscience\/\">link<\/a> ahora.<br \/>\nLos mejores suplementos garantizados los encuentras en NUTRIFITMAX<\/strong><\/p>\n","protected":false},"featured_media":13027,"comment_status":"open","ping_status":"closed","template":"","meta":{"inline_featured_image":false},"product_brand":[],"product_cat":[86,109,101],"product_tag":[],"class_list":{"0":"post-12972","1":"product","2":"type-product","3":"status-publish","4":"has-post-thumbnail","6":"product_cat-marca","7":"product_cat-pre-entrenos","8":"product_cat-proscience","10":"first","11":"instock","12":"taxable","13":"shipping-taxable","14":"purchasable","15":"product-type-simple","16":"ebbe-col"},"_links":{"self":[{"href":"https:\/\/nutrifitmax.co\/index.php\/wp-json\/wp\/v2\/product\/12972","targetHints":{"allow":["GET"]}}],"collection":[{"href":"https:\/\/nutrifitmax.co\/index.php\/wp-json\/wp\/v2\/product"}],"about":[{"href":"https:\/\/nutrifitmax.co\/index.php\/wp-json\/wp\/v2\/types\/product"}],"replies":[{"embeddable":true,"href":"https:\/\/nutrifitmax.co\/index.php\/wp-json\/wp\/v2\/comments?post=12972"}],"wp:featuredmedia":[{"embeddable":true,"href":"https:\/\/nutrifitmax.co\/index.php\/wp-json\/wp\/v2\/media\/13027"}],"wp:attachment":[{"href":"https:\/\/nutrifitmax.co\/index.php\/wp-json\/wp\/v2\/media?parent=12972"}],"wp:term":[{"taxonomy":"product_brand","embeddable":true,"href":"https:\/\/nutrifitmax.co\/index.php\/wp-json\/wp\/v2\/product_brand?post=12972"},{"taxonomy":"product_cat","embeddable":true,"href":"https:\/\/nutrifitmax.co\/index.php\/wp-json\/wp\/v2\/product_cat?post=12972"},{"taxonomy":"product_tag","embeddable":true,"href":"https:\/\/nutrifitmax.co\/index.php\/wp-json\/wp\/v2\/product_tag?post=12972"}],"curies":[{"name":"wp","href":"https:\/\/api.w.org\/{rel}","templated":true}]}}