{"id":12970,"date":"2025-04-07T19:51:05","date_gmt":"2025-04-07T19:51:05","guid":{"rendered":"https:\/\/nutrifitmax.co\/?post_type=product&#038;p=12970"},"modified":"2026-01-21T18:33:37","modified_gmt":"2026-01-21T18:33:37","slug":"army-proscience-30-servicios-citrus-punch","status":"publish","type":"product","link":"https:\/\/nutrifitmax.co\/index.php\/product\/army-proscience-30-servicios-citrus-punch\/","title":{"rendered":"ARMY PROSCIENCE 30 SERVICIOS CITRUS PUNCH"},"content":{"rendered":"<h2 class=\"yikes-custom-woo-tab-title yikes-custom-woo-tab-title-informacion-del-producto\">Informaci\u00f3n del Producto<\/h2>\n<p><strong>Ingredientes:<\/strong>\u00a0Polvo Deshidratado de Frutos Amarillos, L-Glutamina, L-Leucina, L-Isoleucina, L- Valina, L-Lisina, L-Treonina, L-Histidina, L-Fenilalanina, L-Metionina, L-Tript\u00f3fano, Carboximetilcelulosa (CMC), Fosfato Tric\u00e1lcico, Saborizante Id\u00e9ntico al Natural, Vitamina C (\u00c1cido Asc\u00f3rbico), Stevia, Citrato de Sodio, Citrato de Potasio, \u00c1cido M\u00e1lico, Di\u00f3xido de Silicio, Colorante (Amarillo), Citrato de Magnesio, Gluconato de Zinc.<\/p>\n<p><strong>Presentaci\u00f3n Comercial:<\/strong>\u00a0Envase y Liners interno de seguridad.<\/p>\n<p><strong>Material del Empaque:<\/strong>\u00a0Envase pl\u00e1stico.<\/p>\n<p><strong>M\u00e9todo de Conservaci\u00f3n:<\/strong>\u00a0El producto debe estar almacenado en su empaque original a temperatura inferior a 30\u00b0C y a una humedad relativa inferior a 75%. No introducir elementos h\u00famedos, despu\u00e9s de abierto consumase en el menor tiempo posible.<\/p>\n<p><strong>Contenido:<\/strong>\u00a0Neto 540g \/ 1,2 Lb \/ 19 Oz.<\/p>\n<p><strong>Servicios:<\/strong>\u00a030 Porciones por envase.<\/p>\n<p><strong>Sabor:<\/strong>\u00a0Green Mix \/ Citrus Punch \/ Fruit Punch.<\/p>\n<p><strong>Modo o M\u00e9todo de Consumo o Preparaci\u00f3n:<\/strong>\u00a0Mezclar 1 cuchara medidora (18 g) incluida en el empaque del producto en 5 vasos de agua (1000 mL), ag\u00edtese hasta obtener un producto homog\u00e9neo. Consumase una vez preparado.<\/p>\n<p><strong>Formato de Venta:<\/strong>\u00a0Polvo.<\/p>\n<p><strong>Registro Sanitario:<\/strong>\u00a0RSA-0009949-2020.<\/p>\n","protected":false},"excerpt":{"rendered":"<p><strong>ARMY\u00a0<\/strong>es un producto a base de frutas deshidratadas y los nueve amino\u00e1cidos esenciales como son: (leucina isoleucina, valina, treonina, metionina, fenilalanina, lisina, tript\u00f3fano, histidina) y el amino\u00e1cido m\u00e1s abundante en el musculo esquel\u00e9tico, como lo es la glutamina.<\/p>\n<p>Este producto alimenticio es un complemento ideal en aquellas dietas que sean bajas en prote\u00ednas o lleven una alimentaci\u00f3n a base de vegetales, que en algunas ocasiones puede tener un bajo aporte de amino\u00e1cidos esenciales,\u00a0<strong>ARMY<\/strong>\u00a0es ideal tambi\u00e9n en poblaciones vulnerables como adultos mayores, en los cuales su dieta sea pobre en prote\u00ednas de alto valor biol\u00f3gico.<\/p>\n<p>En personas con un alto gasto cal\u00f3rico o en deportistas que necesitan un mayor aporte de amino\u00e1cidos esenciales para una ideal s\u00edntesis proteica para reparaci\u00f3n y\/o construcci\u00f3n de masa muscular\u00a0<strong>ARMY<\/strong>\u00a0por su aporte de los nueve amino\u00e1cidos esenciales y glutamina, termina siendo de gran valor en dichas poblaciones.<\/p>\n<p>Si deseas mejorar tu entorno anab\u00f3lico principalmente en aquellas personas con poco apetito o grandes demandas energ\u00e9ticas que no logren obtener una cantidad de amino\u00e1cidos esenciales adecuados\u00a0<strong>ARMY<\/strong>\u00a0ser\u00e1 una excelente opci\u00f3n para suplir estas necesidades.<\/p>\n<p><strong>ARMY\u00a0<\/strong>puede ser consumido a cualquier hora del d\u00eda como un complemento a la alimentaci\u00f3n para mejorar el contenido de amino\u00e1cidos esenciales en la dieta, puede utilizarse sobre las comidas \u00f3 durante la actividad f\u00edsica.<\/p>\n<p><strong>Somos distribuidores de PROSCIENCE\u00ae\u00a0 Si quieres m\u00e1s informaci\u00f3n o mejores precios comun\u00edcate con nosotros en nuestro <a href=\"https:\/\/www.instagram.com\/nutrifitmaxpereira\/?hl=es\">Instagram<\/a>\u00a0o en nuestro\u00a0<a href=\"https:\/\/api.whatsapp.com\/send?phone=573026673078\">WhatsApp<\/a><br \/>\nSi quieres ver m\u00e1s productos de la l\u00ednea ingresa a este\u00a0<a href=\"https:\/\/nutrifitmax.co\/index.php\/product-category\/marca\/proscience\/\">link<\/a> ahora.<br \/>\nLos mejores suplementos garantizados los encuentras en NUTRIFITMAX<\/strong><\/p>\n","protected":false},"featured_media":13025,"comment_status":"open","ping_status":"closed","template":"","meta":{"inline_featured_image":false},"product_brand":[],"product_cat":[93,86,101],"product_tag":[],"class_list":{"0":"post-12970","1":"product","2":"type-product","3":"status-publish","4":"has-post-thumbnail","6":"product_cat-aminoacidos","7":"product_cat-marca","8":"product_cat-proscience","10":"first","11":"instock","12":"sale","13":"taxable","14":"shipping-taxable","15":"purchasable","16":"product-type-simple","17":"ebbe-col"},"_links":{"self":[{"href":"https:\/\/nutrifitmax.co\/index.php\/wp-json\/wp\/v2\/product\/12970","targetHints":{"allow":["GET"]}}],"collection":[{"href":"https:\/\/nutrifitmax.co\/index.php\/wp-json\/wp\/v2\/product"}],"about":[{"href":"https:\/\/nutrifitmax.co\/index.php\/wp-json\/wp\/v2\/types\/product"}],"replies":[{"embeddable":true,"href":"https:\/\/nutrifitmax.co\/index.php\/wp-json\/wp\/v2\/comments?post=12970"}],"wp:featuredmedia":[{"embeddable":true,"href":"https:\/\/nutrifitmax.co\/index.php\/wp-json\/wp\/v2\/media\/13025"}],"wp:attachment":[{"href":"https:\/\/nutrifitmax.co\/index.php\/wp-json\/wp\/v2\/media?parent=12970"}],"wp:term":[{"taxonomy":"product_brand","embeddable":true,"href":"https:\/\/nutrifitmax.co\/index.php\/wp-json\/wp\/v2\/product_brand?post=12970"},{"taxonomy":"product_cat","embeddable":true,"href":"https:\/\/nutrifitmax.co\/index.php\/wp-json\/wp\/v2\/product_cat?post=12970"},{"taxonomy":"product_tag","embeddable":true,"href":"https:\/\/nutrifitmax.co\/index.php\/wp-json\/wp\/v2\/product_tag?post=12970"}],"curies":[{"name":"wp","href":"https:\/\/api.w.org\/{rel}","templated":true}]}}