{"id":12964,"date":"2025-04-07T19:51:04","date_gmt":"2025-04-07T19:51:04","guid":{"rendered":"https:\/\/nutrifitmax.co\/?post_type=product&#038;p=12964"},"modified":"2026-02-23T20:35:13","modified_gmt":"2026-02-23T20:35:13","slug":"creatina-power-nutramerican-10-lbs","status":"publish","type":"product","link":"https:\/\/nutrifitmax.co\/index.php\/product\/creatina-power-nutramerican-10-lbs\/","title":{"rendered":"CREATINA POWER NUTRAMERICAN 10 LBS"},"content":{"rendered":"<h3><img decoding=\"async\" src=\"https:\/\/nutrifitmax.co\/wp-content\/uploads\/2021\/02\/creatina-power-500x500-1-150x150.png\" \/>CREATINA POWER UPN 10 LBS<\/h3>\n<h3>Mega Plex Creatine Power de UPN<\/h3>\n<h3>Es una f\u00f3rmula que ha evolucionado suministr\u00e1ndole al deportista un incremento extremo de su masa muscular, tambi\u00e9n dando gran cantidad de calor\u00edas para obtener m\u00e1xima ganancia de peso. Esta producido con prote\u00edna de suero, bridando al deportista todos los amino\u00e1cidos fundamentales y no fundamentales requeridos para el levantamiento y sostenimiento de la masa muscular.<\/h3>\n<h3>Mega Plex Creatine Power contiene 5g de creatina monohidratada por dosis, producto que incrementa notoriamente la fuerza y potencia, que mezcl\u00e1ndolo con el excelente perfil nutricional da como resultado un aumento extremo de masa muscular.<\/h3>\n<h3>\u00bfMega Plex es recomendado para?<\/h3>\n<h3>Personas de contextura delgada que buscan aumentar su peso y fuerza, ganando masa muscular y volumen. Es recomendado para deportistas con lapsos amplios de entrenamientos y elevados gastos cal\u00f3ricos como lo son: ciclistas, nadadores, etc. Mega Plex suministra los nutrientes imprescindibles para que los deportistas no entren en catabolismo proteico.<\/h3>\n<p>&nbsp;<\/p>\n<p><strong>REGISTRO INVIMA RSAD16|51009\u00a0<\/strong><\/p>\n","protected":false},"excerpt":{"rendered":"<p><img decoding=\"async\" src=\"https:\/\/nutrifitmax.co\/wp-content\/uploads\/2021\/02\/creatina-power-500x500-1-150x150.png\" \/><\/p>\n<p>CREATINA POWER UPN 10 LBS<\/p>\n","protected":false},"featured_media":13006,"comment_status":"open","ping_status":"closed","template":"","meta":{"inline_featured_image":false},"product_brand":[],"product_cat":[96,86,100,88,98],"product_tag":[],"class_list":{"0":"post-12964","1":"product","2":"type-product","3":"status-publish","4":"has-post-thumbnail","6":"product_cat-ganancia","7":"product_cat-marca","8":"product_cat-nutramerican","9":"product_cat-proteinas","10":"product_cat-proteinas-ganadoras-de-peso","12":"first","13":"instock","14":"sale","15":"taxable","16":"shipping-taxable","17":"purchasable","18":"product-type-simple","19":"ebbe-col","20":"product-has-gallery"},"_links":{"self":[{"href":"https:\/\/nutrifitmax.co\/index.php\/wp-json\/wp\/v2\/product\/12964","targetHints":{"allow":["GET"]}}],"collection":[{"href":"https:\/\/nutrifitmax.co\/index.php\/wp-json\/wp\/v2\/product"}],"about":[{"href":"https:\/\/nutrifitmax.co\/index.php\/wp-json\/wp\/v2\/types\/product"}],"replies":[{"embeddable":true,"href":"https:\/\/nutrifitmax.co\/index.php\/wp-json\/wp\/v2\/comments?post=12964"}],"wp:featuredmedia":[{"embeddable":true,"href":"https:\/\/nutrifitmax.co\/index.php\/wp-json\/wp\/v2\/media\/13006"}],"wp:attachment":[{"href":"https:\/\/nutrifitmax.co\/index.php\/wp-json\/wp\/v2\/media?parent=12964"}],"wp:term":[{"taxonomy":"product_brand","embeddable":true,"href":"https:\/\/nutrifitmax.co\/index.php\/wp-json\/wp\/v2\/product_brand?post=12964"},{"taxonomy":"product_cat","embeddable":true,"href":"https:\/\/nutrifitmax.co\/index.php\/wp-json\/wp\/v2\/product_cat?post=12964"},{"taxonomy":"product_tag","embeddable":true,"href":"https:\/\/nutrifitmax.co\/index.php\/wp-json\/wp\/v2\/product_tag?post=12964"}],"curies":[{"name":"wp","href":"https:\/\/api.w.org\/{rel}","templated":true}]}}