{"id":12962,"date":"2025-04-07T19:51:04","date_gmt":"2025-04-07T19:51:04","guid":{"rendered":"https:\/\/nutrifitmax.co\/?post_type=product&#038;p=12962"},"modified":"2026-01-13T22:23:13","modified_gmt":"2026-01-13T22:23:13","slug":"serious-mass-optimum-nutrition-6-libras-chocolate","status":"publish","type":"product","link":"https:\/\/nutrifitmax.co\/index.php\/product\/serious-mass-optimum-nutrition-6-libras-chocolate\/","title":{"rendered":"SERIOUS MASS OPTIMUM NUTRITION 6 LB CHOCOLATE"},"content":{"rendered":"<p>Serious Mass presenta una f\u00f3rmula equilibrada que combina prote\u00ednas, carbohidratos y nutrientes esenciales. Esta mezcla garantiza que tu cuerpo reciba los componentes necesarios para un desarrollo muscular eficiente. La prote\u00edna de alta calidad es clave para la reparaci\u00f3n y crecimiento de los tejidos musculares, mientras que los carbohidratos proporcionan la energ\u00eda que necesitas para entrenamientos intensivos. Cada porci\u00f3n est\u00e1 dise\u00f1ada para satisfacer tus necesidades nutricionales, manteniendo un equilibrio que te permitir\u00e1 superar tus l\u00edmites.<\/p>\n<p>Optimum Nutrition es un l\u00edder en el sector de la nutrici\u00f3n deportiva, y Serious Mass refleja esa reputaci\u00f3n. La calidad de los ingredientes utilizados en su formulaci\u00f3n garantiza que est\u00e9s consumiendo un producto seguro y efectivo. Cada ingrediente ha sido seleccionado para maximizar el rendimiento y la recuperaci\u00f3n. Esto significa que puedes confiar en Serious Mass Optimum Nutrition para impulsarte hacia tus metas<\/p>\n<p>Una de las principales ventajas de Serious Mass Optimum Nutrition es su alto contenido cal\u00f3rico. Este suplemento es ideal para quienes se encuentran en un r\u00e9gimen de entrenamiento intenso y necesitan un aporte cal\u00f3rico adicional. Proporciona las calor\u00edas necesarias para mantener un equilibrio nutricional adecuado y optimizar la recuperaci\u00f3n. Incorporar Serious Mass en tu rutina es una forma eficaz de asegurarte de que est\u00e1s alimentando adecuadamente tu cuerpo para soportar la carga de entrenamiento.<\/p>\n<p>Para obtener los mejores resultados, se recomienda mezclar un servicio de Serious Mass con agua o la bebida de tu elecci\u00f3n. Consume esta mezcla como parte integral de tu rutina diaria de suplementos. La mejor pr\u00e1ctica es tomarlo despu\u00e9s del entrenamiento, cuando tus m\u00fasculos est\u00e1n m\u00e1s receptivos a los nutrientes. Este enfoque maximiza los beneficios del suplemento y ayuda en la recuperaci\u00f3n muscular.<\/p>\n","protected":false},"excerpt":{"rendered":"<ul>\n<li>Presentaci\u00f3n: disponible en diversos tama\u00f1os.<\/li>\n<li>Ingredientes clave: mezcla de prote\u00ednas de alta calidad, carbohidratos, vitaminas y minerales.<\/li>\n<li>Aporte cal\u00f3rico: alto contenido cal\u00f3rico para soporte nutricional.<\/li>\n<li>Modo de uso: mezclar un servicio con agua o bebida preferida, idealmente post-entrenamiento.<\/li>\n<li>Recomendaciones: consultar con un nutricionista antes de cambios significativos.\n<p><strong>Si quieres m\u00e1s informaci\u00f3n o mejores precios comun\u00edcate con nosotros en nuestro <\/strong><a href=\"https:\/\/www.instagram.com\/nutrifitmaxpereira\/?hl=es\"><strong>Instagram<\/strong><\/a><strong>\u00a0o en nuestro\u00a0<\/strong><a href=\"https:\/\/api.whatsapp.com\/send?phone=573026673078\"><strong>WhatsApp<\/strong><\/a><strong><br \/>\nSi quieres ver m\u00e1s productos de la l\u00ednea ingresa a este\u00a0<\/strong><a href=\"https:\/\/nutrifitmax.co\/index.php\/product-category\/marca\/proscience\/\"><strong>link<\/strong><\/a><strong> ahora.<br \/>\nLos mejores suplementos garantizados los encuentras en NUTRIFITMAX<\/strong><\/li>\n<\/ul>\n","protected":false},"featured_media":13004,"comment_status":"open","ping_status":"closed","template":"","meta":{"inline_featured_image":false},"product_brand":[],"product_cat":[96,90,88,98],"product_tag":[],"class_list":{"0":"post-12962","1":"product","2":"type-product","3":"status-publish","4":"has-post-thumbnail","6":"product_cat-ganancia","7":"product_cat-on","8":"product_cat-proteinas","9":"product_cat-proteinas-ganadoras-de-peso","11":"first","12":"instock","13":"taxable","14":"shipping-taxable","15":"purchasable","16":"product-type-simple","17":"ebbe-col"},"_links":{"self":[{"href":"https:\/\/nutrifitmax.co\/index.php\/wp-json\/wp\/v2\/product\/12962","targetHints":{"allow":["GET"]}}],"collection":[{"href":"https:\/\/nutrifitmax.co\/index.php\/wp-json\/wp\/v2\/product"}],"about":[{"href":"https:\/\/nutrifitmax.co\/index.php\/wp-json\/wp\/v2\/types\/product"}],"replies":[{"embeddable":true,"href":"https:\/\/nutrifitmax.co\/index.php\/wp-json\/wp\/v2\/comments?post=12962"}],"wp:featuredmedia":[{"embeddable":true,"href":"https:\/\/nutrifitmax.co\/index.php\/wp-json\/wp\/v2\/media\/13004"}],"wp:attachment":[{"href":"https:\/\/nutrifitmax.co\/index.php\/wp-json\/wp\/v2\/media?parent=12962"}],"wp:term":[{"taxonomy":"product_brand","embeddable":true,"href":"https:\/\/nutrifitmax.co\/index.php\/wp-json\/wp\/v2\/product_brand?post=12962"},{"taxonomy":"product_cat","embeddable":true,"href":"https:\/\/nutrifitmax.co\/index.php\/wp-json\/wp\/v2\/product_cat?post=12962"},{"taxonomy":"product_tag","embeddable":true,"href":"https:\/\/nutrifitmax.co\/index.php\/wp-json\/wp\/v2\/product_tag?post=12962"}],"curies":[{"name":"wp","href":"https:\/\/api.w.org\/{rel}","templated":true}]}}