{"id":12939,"date":"2025-04-07T19:50:32","date_gmt":"2025-04-07T19:50:32","guid":{"rendered":"https:\/\/nutrifitmax.co\/?post_type=product&#038;p=12939"},"modified":"2025-12-02T01:40:07","modified_gmt":"2025-12-02T01:40:07","slug":"super-mass-gainer-dymatize-12-lbs-fresa","status":"publish","type":"product","link":"https:\/\/nutrifitmax.co\/index.php\/product\/super-mass-gainer-dymatize-12-lbs-fresa\/","title":{"rendered":"SUPER MASS GAINER DYMATIZE 12 LBS FRESA"},"content":{"rendered":"<h3>\u00bfQu\u00e9 es Super Mass Gainer de Dymatize?<\/h3>\n<p>Super Mass Gainer Contiene prote\u00ednas, carbohidratos y calor\u00edas que proporcionan una nutrici\u00f3n densa. Es una prote\u00edna enriquecida con un gran perfil, y contiene entre sus beneficios: amino\u00e1cidos (17 gramos), 1,5 gramos de creatina monohidratada, vitaminas y minerales y m\u00e1s de 250 gramos de carbohidratos principalmente provenientes de la maltodextrina, un carbohidrato de f\u00e1cil asimilaci\u00f3n y buen generador de resultados de crecimiento.<\/p>\n<p><strong>\u00bfPara qui\u00e9n es ideal?<\/strong><\/p>\n<ul>\n<li>Para personas que desean complementar su alimentaci\u00f3n con una mezcla de prote\u00ednas y carbohidratos.<\/li>\n<li>Para quienes buscan opciones pr\u00e1cticas para consumir en diferentes momentos del d\u00eda.<\/li>\n<li>Para atletas y personas activas con requerimientos nutricionales espec\u00edficos.<\/li>\n<\/ul>\n<p><strong>Registro sanitario:<\/strong>\u00a0RSA-002728-2016<\/p>\n","protected":false},"excerpt":{"rendered":"<p>Super Mass Gainer de Dymatize es una f\u00f3rmula en polvo, ideal para personas con dificultades para ganar peso o que tienen un alto metabolismo. \u00c9sta combina prote\u00ednas y carbohidratos, y tambi\u00e9n est\u00e1 dise\u00f1ada para complementar la alimentaci\u00f3n en el d\u00eda a d\u00eda.<\/p>\n<p><strong>\u00bfSe puede consumir despu\u00e9s del entrenamiento?<\/strong><br \/>\nPuede ser una opci\u00f3n para quienes desean incluirlo en su rutina post-entrenamiento.<\/p>\n<p><strong>\u00bfCon qu\u00e9 se puede combinar?<\/strong><br \/>\nSe puede mezclar con frutas, frutos secos o utilizar en recetas seg\u00fan la preferencia.<\/p>\n<p><strong>Si quieres m\u00e1s informaci\u00f3n o mejores precios comun\u00edcate con nosotros en nuestro <\/strong><a href=\"https:\/\/www.instagram.com\/nutrifitmaxpereira\/?hl=es\"><strong>Instagram<\/strong><\/a><strong>\u00a0o en nuestro\u00a0<\/strong><a href=\"https:\/\/api.whatsapp.com\/send?phone=573026673078\"><strong>WhatsApp<\/strong><\/a><strong><br \/>\nSi quieres ver m\u00e1s productos de la l\u00ednea ingresa a este\u00a0<\/strong><a href=\"https:\/\/nutrifitmax.co\/index.php\/product-category\/marca\/proscience\/\"><strong>link<\/strong><\/a><strong> ahora.<br \/>\nLos mejores suplementos garantizados los encuentras en NUTRIFITMAX<\/strong><\/p>\n","protected":false},"featured_media":12998,"comment_status":"open","ping_status":"closed","template":"","meta":{"inline_featured_image":false},"product_brand":[],"product_cat":[102,96,88,98],"product_tag":[],"class_list":{"0":"post-12939","1":"product","2":"type-product","3":"status-publish","4":"has-post-thumbnail","6":"product_cat-dymatize","7":"product_cat-ganancia","8":"product_cat-proteinas","9":"product_cat-proteinas-ganadoras-de-peso","11":"first","12":"instock","13":"taxable","14":"shipping-taxable","15":"purchasable","16":"product-type-simple","17":"ebbe-col"},"_links":{"self":[{"href":"https:\/\/nutrifitmax.co\/index.php\/wp-json\/wp\/v2\/product\/12939","targetHints":{"allow":["GET"]}}],"collection":[{"href":"https:\/\/nutrifitmax.co\/index.php\/wp-json\/wp\/v2\/product"}],"about":[{"href":"https:\/\/nutrifitmax.co\/index.php\/wp-json\/wp\/v2\/types\/product"}],"replies":[{"embeddable":true,"href":"https:\/\/nutrifitmax.co\/index.php\/wp-json\/wp\/v2\/comments?post=12939"}],"wp:featuredmedia":[{"embeddable":true,"href":"https:\/\/nutrifitmax.co\/index.php\/wp-json\/wp\/v2\/media\/12998"}],"wp:attachment":[{"href":"https:\/\/nutrifitmax.co\/index.php\/wp-json\/wp\/v2\/media?parent=12939"}],"wp:term":[{"taxonomy":"product_brand","embeddable":true,"href":"https:\/\/nutrifitmax.co\/index.php\/wp-json\/wp\/v2\/product_brand?post=12939"},{"taxonomy":"product_cat","embeddable":true,"href":"https:\/\/nutrifitmax.co\/index.php\/wp-json\/wp\/v2\/product_cat?post=12939"},{"taxonomy":"product_tag","embeddable":true,"href":"https:\/\/nutrifitmax.co\/index.php\/wp-json\/wp\/v2\/product_tag?post=12939"}],"curies":[{"name":"wp","href":"https:\/\/api.w.org\/{rel}","templated":true}]}}