{"id":12923,"date":"2025-04-07T19:50:10","date_gmt":"2025-04-07T19:50:10","guid":{"rendered":"https:\/\/nutrifitmax.co\/?post_type=product&#038;p=12923"},"modified":"2025-04-07T19:51:38","modified_gmt":"2025-04-07T19:51:38","slug":"biotin-900-mg-medical-green-90-capsulas","status":"publish","type":"product","link":"https:\/\/nutrifitmax.co\/index.php\/product\/biotin-900-mg-medical-green-90-capsulas\/","title":{"rendered":"BIOTIN 900 MG MEDICAL GREEN 90 CAPSULAS"},"content":{"rendered":"<h4><img decoding=\"async\" src=\"https:\/\/nutrifitmax.co\/wp-content\/uploads\/2021\/02\/Biotin900mg-image-product-150x150.png\" \/>BIOTIN 900 MG MEDICAL GREEN 90 CAPSULAS\u00a0 Caracter\u00edsticas:<\/h4>\n<h4>Posiblemente hayas o\u00eddo hablar de la\u00a0biotina, pero no sabes qu\u00e9 es exactamente. Esta es una vitamina fundamental que debemos aportar a nuestro organismo para metabolizar grasas, hidratos de carbono y amino\u00e1cidos. Es una vitamina hidrosoluble que el cuerpo no almacena, pero \u00a0es producida por bacterias intestinales. Se puede encontrar en\u00a0algunos\u00a0alimentos, pero\u00a0<em>en<\/em>\u00a0peque\u00f1as cantidades.<\/h4>\n<h4>A su vez, la biotina, conocida tambi\u00e9n como Vitamina B8, B7 o Vitamina H (conocida como biotin), se encarga de transformar la glucosa en energ\u00eda, mantener saludables c\u00e9lulas de tejidos como la piel, el cabello o las u\u00f1as, as\u00ed como la creaci\u00f3n de hemoglobina. Como vemos es muy importante tener un aporte de Biotina correcto.<\/h4>\n<h4>Debido a estas propiedades beneficiosas,\u00a0la biotina\u00a0se emplea en diferentes tratamientos, como por ejemplo la diabetes de tipo II, la dermatitis seborreica y en especial en tratamientos para el cabello con biotina, utilizando champ\u00fas y comprimidos para paliar la debilidad del pelo y su posterior ca\u00edda.<\/h4>\n<h4>Beneficios:<\/h4>\n<ul>\n<li>\n<h4>Nutre el fol\u00edculo piloso (cabello), y retarda la aparici\u00f3n de canas.<\/h4>\n<\/li>\n<li>\n<h4>Ayuda a tratar la psoriasis, la dermatitis y la caspa.<\/h4>\n<\/li>\n<li>\n<h4>Mantiene fuerte el sistema inmunol\u00f3gico.<\/h4>\n<\/li>\n<li>\n<h4>Mejora el procesamiento de la energ\u00eda, facilitando el transporte del di\u00f3xido de carbono a trav\u00e9s del organismo.<\/h4>\n<\/li>\n<li>\n<h4>Ayuda a mantener una piel sana.<\/h4>\n<\/li>\n<li>\n<h4>Permite mantener m\u00e1s fuerte el pelo.<\/h4>\n<\/li>\n<li>\n<h4>La biotina es muy conocida debido a las propiedades que tiene para mejorar nuestro pelo. Esta vitamina aporta un mayor brillo y fortaleza al pelo. Pero para que esta vitamina haga mejorar nuestro pelo deberemos ingerir la biotina con suplementos de biotina.<\/h4>\n<\/li>\n<li>\n<h4>Se utiliza tambi\u00e9n para tratar u\u00f1as quebradizas y piel reseca. Los dermat\u00f3logos la recomiendan para conseguir brillo y fortaleza.<\/h4>\n<\/li>\n<li>\n<h4>Disminuye la ansiedad y el estr\u00e9s.<\/h4>\n<\/li>\n<li>\n<h4>En personas con diabetes tipo II, estudios recientes sugieren que una combinaci\u00f3n debiot\u00edn con cromiopuede mejorar el az\u00facar en la sangre.<\/h4>\n<\/li>\n<li>\n<h4>El biot\u00edn, se utiliza para mantener la piel hidratada.<\/h4>\n<\/li>\n<li>\n<h4>Las\u00a0gl\u00e1ndulas sudor\u00edparas, el tejido nervioso y la m\u00e9dula \u00f3seafuncionan a su\u00a0m\u00e1xima eficiencia\u00a0cuando se tiene niveles adecuados de biotina.<\/h4>\n<\/li>\n<li>\n<h4>Mejora el metabolismo y el estado an\u00edmico en general.<\/h4>\n<\/li>\n<li>\n<h4>La biotina previene la depresi\u00f3n, estr\u00e9s \u00a0(uno de losfactores que influye en la p\u00e9rdida de cabello<em>)<\/em>y ansiedad.<\/h4>\n<\/li>\n<li>\n<h4>Se cree que el biot\u00edn juega cierto papel en la disminuci\u00f3n del colesterol malo (LDL).<\/h4>\n<\/li>\n<\/ul>\n<p><strong>REGISTRO INVIMA SD2008-0000778<\/strong><\/p>\n","protected":false},"excerpt":{"rendered":"<p><img decoding=\"async\" src=\"https:\/\/nutrifitmax.co\/wp-content\/uploads\/2021\/02\/Biotin900mg-image-product-150x150.png\" \/><\/p>\n<p>BIOTIN 900 MG MEDICAL GREEN 90 CAPSULAS<\/p>\n","protected":false},"featured_media":12982,"comment_status":"open","ping_status":"closed","template":"","meta":{"inline_featured_image":false},"product_brand":[],"product_cat":[114,86,91,111,112],"product_tag":[],"class_list":{"0":"post-12923","1":"product","2":"type-product","3":"status-publish","4":"has-post-thumbnail","6":"product_cat-cuidado-personal","7":"product_cat-marca","8":"product_cat-mas-vendidos","9":"product_cat-medical-green","10":"product_cat-suplementos-naturales","12":"first","13":"instock","14":"taxable","15":"shipping-taxable","16":"purchasable","17":"product-type-simple","18":"ebbe-col","19":"product-has-gallery"},"_links":{"self":[{"href":"https:\/\/nutrifitmax.co\/index.php\/wp-json\/wp\/v2\/product\/12923","targetHints":{"allow":["GET"]}}],"collection":[{"href":"https:\/\/nutrifitmax.co\/index.php\/wp-json\/wp\/v2\/product"}],"about":[{"href":"https:\/\/nutrifitmax.co\/index.php\/wp-json\/wp\/v2\/types\/product"}],"replies":[{"embeddable":true,"href":"https:\/\/nutrifitmax.co\/index.php\/wp-json\/wp\/v2\/comments?post=12923"}],"wp:featuredmedia":[{"embeddable":true,"href":"https:\/\/nutrifitmax.co\/index.php\/wp-json\/wp\/v2\/media\/12982"}],"wp:attachment":[{"href":"https:\/\/nutrifitmax.co\/index.php\/wp-json\/wp\/v2\/media?parent=12923"}],"wp:term":[{"taxonomy":"product_brand","embeddable":true,"href":"https:\/\/nutrifitmax.co\/index.php\/wp-json\/wp\/v2\/product_brand?post=12923"},{"taxonomy":"product_cat","embeddable":true,"href":"https:\/\/nutrifitmax.co\/index.php\/wp-json\/wp\/v2\/product_cat?post=12923"},{"taxonomy":"product_tag","embeddable":true,"href":"https:\/\/nutrifitmax.co\/index.php\/wp-json\/wp\/v2\/product_tag?post=12923"}],"curies":[{"name":"wp","href":"https:\/\/api.w.org\/{rel}","templated":true}]}}