{"id":12921,"date":"2025-04-07T19:50:10","date_gmt":"2025-04-07T19:50:10","guid":{"rendered":"https:\/\/nutrifitmax.co\/?post_type=product&#038;p=12921"},"modified":"2025-04-07T19:51:18","modified_gmt":"2025-04-07T19:51:18","slug":"vitamina-c-1000-mg-medical-green-100-tabletas","status":"publish","type":"product","link":"https:\/\/nutrifitmax.co\/index.php\/product\/vitamina-c-1000-mg-medical-green-100-tabletas\/","title":{"rendered":"VITAMINA C 1000 MG MEDICAL GREEN 100 TABLETAS"},"content":{"rendered":"<h4><img decoding=\"async\" src=\"https:\/\/nutrifitmax.co\/wp-content\/uploads\/2021\/02\/VitaminaC-image-product-150x150.png\" \/>VITAMINA C 1000 MG MEDICAL GREEN 100 TABLETAS<\/h4>\n<h4>Vitamina C-1000mg: presente en el producto como \u00e1cido asc\u00f3rbico con extracto de rosa canina, rica en vitamina C de forma natural. La vitamina C permite regular el sistema inmunol\u00f3gico, para tratar el resfriado com\u00fan y a su vez act\u00faa como precursor de col\u00e1geno.<\/h4>\n<h4>Beneficios:<\/h4>\n<ul>\n<li>\n<h4>Inhibe el crecimiento de bacterias da\u00f1inas para el organismo.<\/h4>\n<\/li>\n<li>\n<h4>Es cicatrizante de heridas y quemaduras.<\/h4>\n<\/li>\n<li>\n<h4>Contribuye a la normalidad del metabolismo de rendimiento energ\u00e9tico<\/h4>\n<\/li>\n<li>\n<h4>Sanar heridas y formar tejido cicatricial.<\/h4>\n<\/li>\n<li>\n<h4>Contribuye al funcionamiento normal del sistema nervioso<\/h4>\n<\/li>\n<li>\n<h4>Contribuye a la funci\u00f3n psicol\u00f3gica normal,<\/h4>\n<\/li>\n<li>\n<h4>Necesaria para la reparaci\u00f3n y mantenimiento de los tejidos.<\/h4>\n<\/li>\n<li>\n<h4>Contribuye a la protecci\u00f3n de las c\u00e9lulas del estr\u00e9s oxidativo<\/h4>\n<\/li>\n<li>\n<h4>Contribuye a la reducci\u00f3n de la fatiga y el cansancio<\/h4>\n<\/li>\n<li>\n<h4>Aumenta la absorci\u00f3n del hierro<\/h4>\n<\/li>\n<li>\n<h4>\u00datil en tratamientos antial\u00e9rgicos, contra el asma y la sinusitis.<\/h4>\n<\/li>\n<li>\n<h4>Ayuda a prevenir o mejorar afecciones de la piel como eczemas o psoriasis.<\/h4>\n<\/li>\n<li>\n<h4>Prevenci\u00f3n de gripes y resfr\u00edos.<\/h4>\n<\/li>\n<\/ul>\n<h4>Modo de uso:<\/h4>\n<h4>La cantidad de vitamina C que necesita por d\u00eda depende de su edad. Las cantidades promedio diarias de vitamina C, expresadas en miligramos (mg), que se recomiendan para las personas adultas es hasta 2.000 mg<\/h4>\n","protected":false},"excerpt":{"rendered":"<h4><img decoding=\"async\" src=\"https:\/\/nutrifitmax.co\/wp-content\/uploads\/2021\/02\/VitaminaC-image-product-150x150.png\" \/><\/h4>\n<p>VITAMINA C 1000 MG MEDICAL GREEN 100 TABLETAS<\/p>\n","protected":false},"featured_media":12978,"comment_status":"open","ping_status":"closed","template":"","meta":{"inline_featured_image":false},"product_brand":[],"product_cat":[86,111,112],"product_tag":[],"class_list":{"0":"post-12921","1":"product","2":"type-product","3":"status-publish","4":"has-post-thumbnail","6":"product_cat-marca","7":"product_cat-medical-green","8":"product_cat-suplementos-naturales","10":"first","11":"instock","12":"taxable","13":"shipping-taxable","14":"purchasable","15":"product-type-simple","16":"ebbe-col","17":"product-has-gallery"},"_links":{"self":[{"href":"https:\/\/nutrifitmax.co\/index.php\/wp-json\/wp\/v2\/product\/12921","targetHints":{"allow":["GET"]}}],"collection":[{"href":"https:\/\/nutrifitmax.co\/index.php\/wp-json\/wp\/v2\/product"}],"about":[{"href":"https:\/\/nutrifitmax.co\/index.php\/wp-json\/wp\/v2\/types\/product"}],"replies":[{"embeddable":true,"href":"https:\/\/nutrifitmax.co\/index.php\/wp-json\/wp\/v2\/comments?post=12921"}],"wp:featuredmedia":[{"embeddable":true,"href":"https:\/\/nutrifitmax.co\/index.php\/wp-json\/wp\/v2\/media\/12978"}],"wp:attachment":[{"href":"https:\/\/nutrifitmax.co\/index.php\/wp-json\/wp\/v2\/media?parent=12921"}],"wp:term":[{"taxonomy":"product_brand","embeddable":true,"href":"https:\/\/nutrifitmax.co\/index.php\/wp-json\/wp\/v2\/product_brand?post=12921"},{"taxonomy":"product_cat","embeddable":true,"href":"https:\/\/nutrifitmax.co\/index.php\/wp-json\/wp\/v2\/product_cat?post=12921"},{"taxonomy":"product_tag","embeddable":true,"href":"https:\/\/nutrifitmax.co\/index.php\/wp-json\/wp\/v2\/product_tag?post=12921"}],"curies":[{"name":"wp","href":"https:\/\/api.w.org\/{rel}","templated":true}]}}