{"id":12920,"date":"2025-04-07T19:50:10","date_gmt":"2025-04-07T19:50:10","guid":{"rendered":"https:\/\/nutrifitmax.co\/?post_type=product&#038;p=12920"},"modified":"2025-04-07T19:51:04","modified_gmt":"2025-04-07T19:51:04","slug":"cranberry-medical-green-100-capsulas-vegetales","status":"publish","type":"product","link":"https:\/\/nutrifitmax.co\/index.php\/product\/cranberry-medical-green-100-capsulas-vegetales\/","title":{"rendered":"CRANBERRY MEDICAL GREEN 100 CAPSULAS VEGETALES"},"content":{"rendered":"<h4>El ar\u00e1ndano rojo (Vaccinium macrocarpon), presenta acci\u00f3n antibacteriana y diur\u00e9tica, ayudando a acidificar el ph de la orina evitando que las bacterias logren adherirse a las paredes del tracto urinario.<\/h4>\n<h4>Beneficios:<\/h4>\n<ul>\n<li>\n<h4>Coadyuvante en el tratamiento de la cistitis.<\/h4>\n<\/li>\n<li>\n<h4>Reduce el riesgo de sufrir ca\u00eddas de infecciones urinarias. (uretritis, cistitis).<\/h4>\n<\/li>\n<li>\n<h4>El ar\u00e1ndano (cranberry) tiene propiedades anti-bacterianas, anti-oxidantes y anti-inflamatorias, seg\u00fan Memorial Sloan-Kettering C\u00e1ncer Center. El ar\u00e1ndano contiene compuestos llamados proantocianidinas que evitan que el E. coli y otras bacterias se unan a las c\u00e9lulas del tracto circulatorio, lo que puede prevenir infecciones. El ar\u00e1ndano tambi\u00e9n es beneficiosos para el c\u00e1ncer de pr\u00f3stata y la prostatitis, una infecci\u00f3n de la gl\u00e1ndula de la pr\u00f3stata m\u00e1s com\u00fan en hombres con pr\u00f3statas grandes.<\/h4>\n<\/li>\n<li>\n<h4>Uno de los principales beneficios de las p\u00edldoras de ar\u00e1ndano es la prevenci\u00f3n de la infecci\u00f3n del tracto urinario (UTI, seg\u00fan sus siglas en ingl\u00e9s), que es un problema de salud cr\u00f3nico frecuente entre las mujeres.<\/h4>\n<\/li>\n<li>\n<h4>Es una buena fuente de Vitamina C.<\/h4>\n<\/li>\n<li>\n<h4>Acidifica la orina para evitar la proliferaci\u00f3n de bacterias.<\/h4>\n<\/li>\n<li>\n<h4>Los componentes del cranberry pueden evitar que las bacterias aniden en el estomago. De tal forma que su consumo protege el estomago y los intestinos.<\/h4>\n<\/li>\n<li>\n<h4>Protege las c\u00e9lulas de los radicales libres, que no solo hacen envejecer, sino que afectan la salud. El envejecimiento prematuro de la piel y otras afecciones como el c\u00e1ncer y las enfermedades cardiacas son consecuencia del da\u00f1o causado por los radicales libres.<\/h4>\n<\/li>\n<li>\n<h4>Para aumentar los niveles de colesterol bueno (HDL) en la sangre, aportando cantidades de antioxidantes.<\/h4>\n<\/li>\n<li>\n<h4>Las p\u00edldoras del ar\u00e1ndano son beneficiosas para el lavado de los ri\u00f1ones, lo que reduce el riesgo de c\u00e1lculos renales.<\/h4>\n<\/li>\n<li>\n<h4>Las p\u00edldoras de ar\u00e1ndano contienen propiedades que inhiben que las bacterias se adhieran a los dientes y las enc\u00edas, lo que reduce el riesgo de la acumulaci\u00f3n de placa y la enfermedad periodontal, de acuerdo con el Nutritional Supplement Educational Centre.<\/h4>\n<\/li>\n<li>\n<h4>La ti\u00f1a inguinal, una erupci\u00f3n de la ingle que resulta de una infecci\u00f3n mic\u00f3tica superficial de la piel, es un problema inc\u00f3modo com\u00fan causado por el calor, la humedad, los pliegues h\u00famedos de la piel o la ropa apretada. Las pastillas de ar\u00e1ndano podr\u00edan ayudar a aliviar la comez\u00f3n discretamente. Dichas pastillas contienen vitaminas y nutrientes.<\/h4>\n<\/li>\n<li>\n<h4>Las pastillas de ar\u00e1ndano pueden ser beneficiosas para la desintoxicaci\u00f3n del cuerpo contra los organismos nocivos que lo sobrecargan y evitan que el sistema de limpieza natural trabaje de manera eficiente. Los ar\u00e1ndanos contienen propiedades de anti-adherencia bacteriana que mantienen al cuerpo limpio de toxinas.<\/h4>\n<\/li>\n<\/ul>\n<p><strong>REGISTRO INVIMA PFM2013-0002180\u00a0<\/strong><\/p>\n","protected":false},"excerpt":{"rendered":"<p>El ar\u00e1ndano rojo (Vaccinium macrocarpon), presenta acci\u00f3n antibacteriana y diur\u00e9tica, ayudando a acidificar el ph de la orina evitando que las bacterias logren adherirse a las paredes del tracto urinario. Beneficios: Coadyuvante en el tratamiento de la cistitis. Reduce el riesgo de sufrir ca\u00eddas de infecciones urinarias. (uretritis, cistitis). El ar\u00e1ndano (cranberry) tiene propiedades anti-bacterianas, [&hellip;]<\/p>\n","protected":false},"featured_media":12958,"comment_status":"open","ping_status":"closed","template":"","meta":{"inline_featured_image":false},"product_brand":[],"product_cat":[86,111,112],"product_tag":[],"class_list":{"0":"post-12920","1":"product","2":"type-product","3":"status-publish","4":"has-post-thumbnail","6":"product_cat-marca","7":"product_cat-medical-green","8":"product_cat-suplementos-naturales","10":"first","11":"instock","12":"taxable","13":"shipping-taxable","14":"purchasable","15":"product-type-simple","16":"ebbe-col","17":"product-has-gallery"},"_links":{"self":[{"href":"https:\/\/nutrifitmax.co\/index.php\/wp-json\/wp\/v2\/product\/12920","targetHints":{"allow":["GET"]}}],"collection":[{"href":"https:\/\/nutrifitmax.co\/index.php\/wp-json\/wp\/v2\/product"}],"about":[{"href":"https:\/\/nutrifitmax.co\/index.php\/wp-json\/wp\/v2\/types\/product"}],"replies":[{"embeddable":true,"href":"https:\/\/nutrifitmax.co\/index.php\/wp-json\/wp\/v2\/comments?post=12920"}],"wp:featuredmedia":[{"embeddable":true,"href":"https:\/\/nutrifitmax.co\/index.php\/wp-json\/wp\/v2\/media\/12958"}],"wp:attachment":[{"href":"https:\/\/nutrifitmax.co\/index.php\/wp-json\/wp\/v2\/media?parent=12920"}],"wp:term":[{"taxonomy":"product_brand","embeddable":true,"href":"https:\/\/nutrifitmax.co\/index.php\/wp-json\/wp\/v2\/product_brand?post=12920"},{"taxonomy":"product_cat","embeddable":true,"href":"https:\/\/nutrifitmax.co\/index.php\/wp-json\/wp\/v2\/product_cat?post=12920"},{"taxonomy":"product_tag","embeddable":true,"href":"https:\/\/nutrifitmax.co\/index.php\/wp-json\/wp\/v2\/product_tag?post=12920"}],"curies":[{"name":"wp","href":"https:\/\/api.w.org\/{rel}","templated":true}]}}