{"id":12917,"date":"2025-04-07T19:50:09","date_gmt":"2025-04-07T19:50:09","guid":{"rendered":"https:\/\/nutrifitmax.co\/?post_type=product&#038;p=12917"},"modified":"2026-01-13T22:30:55","modified_gmt":"2026-01-13T22:30:55","slug":"amino-x-bsn-30-servicios-watermelon","status":"publish","type":"product","link":"https:\/\/nutrifitmax.co\/index.php\/product\/amino-x-bsn-30-servicios-watermelon\/","title":{"rendered":"AMINO X BSN 30 SERVICIOS WATERMELON"},"content":{"rendered":"<p>AMINOx\u00ae es un producto libre de estimulantes, f\u00f3rmulado con BCAA\u2019s y dise\u00f1ado para apoyar la resistencia durante el entrenamiento y la ayuda en la formaci\u00f3n posterior recuperaci\u00f3n muscular, por lo que puede empujar su rendimiento al siguiente nivel. Con una mezcla de 10 gramos de BCAA\u2019s y los amino\u00e1cidos esenciales, L-alanina, taurina y L-citrulina, AMINOx\u00ae le ayudar\u00e1 a su cuerpo a recuperarse del entrenamiento de hoy y prepararse para ma\u00f1ana. Se ofrece en cinco sabores refrescantes, AMINOx\u00ae le proporciona soporte vers\u00e1til, nutritivo para cualquier tipo de r\u00e9gimen de ejercicios.<\/p>\n<p><strong>BCAA\u2019s y el Cuerpo:<\/strong><\/p>\n<p>Los amino\u00e1cidos son los bloques de construcci\u00f3n de prote\u00ednas y, por tanto, los bloques de construcci\u00f3n de m\u00fasculo magro. Los amino\u00e1cidos de cadena ramificada (BCAA\u2019s) se refieren a tres amino\u00e1cidos espec\u00edficos \u2013 leucina, isoleucina y valina \u2013 que el cuerpo debe obtener de los alimentos o de suplementos de BCAA\u2019s. Los BCAA\u2019s pueden ser utilizados por las c\u00e9lulas del m\u00fasculo como fuente de energ\u00eda, lo que puede ayudar a compensar la degradaci\u00f3n muscular durante el ejercicio de resistencia y ayudar a apoyar la recuperaci\u00f3n y la reparaci\u00f3n despu\u00e9s de entrenamiento con pesas. Como resultado, los BCAA\u2019s son un suplemento popular y relevante entre aquellos que hacen ejercicio regularmente.<\/p>\n<p><strong>Uso recomendado:<\/strong>\u00a0Tome con NITRIX\u00ae 2.0, NO-XPLODE\u00ae y CELLMASS\u00ae 2.0 para el m\u00e1ximo rendimiento f\u00edsico.<\/p>\n<p>Instrucciones: Como suplemento diet\u00e9tico, mezclar 1 cucharada con 6-8 oz de agua fr\u00eda o cualquier bebida de su elecci\u00f3n antes, durante o despu\u00e9s de su entrenamiento.<\/p>\n<p><strong>Nota:<\/strong>\u00a0Para evitar la sedimentaci\u00f3n, revuelva y beba inmediatamente. Para garantizar los m\u00e1ximos resultados: esperar 20-30 minutos despues de comer o beber un batido para tomar AMINOx\u00ae. Para maximizar los efectos de AMINOx\u00ae consumen 120 oz de agua por d\u00eda y una dieta rica en prote\u00ednas y carbohidratos. Su composici\u00f3n corporal y su peso determinar\u00e1n cu\u00e1nto tiempo se necesita para experimentar los efectos de AMINOx\u00ae. AMINOx\u00ae comienza a inducir sus efectos m\u00e1ximos en las semanas 3-12. Despu\u00e9s de 12 semanas de uso, deje por lo menos 4 semanas de descanso del producto.<\/p>\n","protected":false},"excerpt":{"rendered":"<p><strong>Si quieres m\u00e1s informaci\u00f3n o mejores precios comun\u00edcate con nosotros en nuestro <\/strong><a href=\"https:\/\/www.instagram.com\/nutrifitmaxpereira\/?hl=es\"><strong>Instagram<\/strong><\/a><strong>\u00a0o en nuestro\u00a0<\/strong><a href=\"https:\/\/api.whatsapp.com\/send?phone=573026673078\"><strong>WhatsApp<\/strong><\/a><strong><br \/>\nSi quieres ver m\u00e1s productos de la l\u00ednea ingresa a este\u00a0<\/strong><a href=\"https:\/\/nutrifitmax.co\/index.php\/product-category\/marca\/proscience\/\"><strong>link<\/strong><\/a><strong> ahora.<br \/>\nLos mejores suplementos garantizados los encuentras en NUTRIFITMAX<\/strong><\/p>\n","protected":false},"featured_media":14216,"comment_status":"open","ping_status":"closed","template":"","meta":{"inline_featured_image":false},"product_brand":[],"product_cat":[93,94,86,91,95],"product_tag":[],"class_list":{"0":"post-12917","1":"product","2":"type-product","3":"status-publish","4":"has-post-thumbnail","6":"product_cat-aminoacidos","7":"product_cat-bsn","8":"product_cat-marca","9":"product_cat-mas-vendidos","10":"product_cat-recuperacion","12":"first","13":"instock","14":"taxable","15":"shipping-taxable","16":"purchasable","17":"product-type-simple","18":"ebbe-col"},"_links":{"self":[{"href":"https:\/\/nutrifitmax.co\/index.php\/wp-json\/wp\/v2\/product\/12917","targetHints":{"allow":["GET"]}}],"collection":[{"href":"https:\/\/nutrifitmax.co\/index.php\/wp-json\/wp\/v2\/product"}],"about":[{"href":"https:\/\/nutrifitmax.co\/index.php\/wp-json\/wp\/v2\/types\/product"}],"replies":[{"embeddable":true,"href":"https:\/\/nutrifitmax.co\/index.php\/wp-json\/wp\/v2\/comments?post=12917"}],"wp:featuredmedia":[{"embeddable":true,"href":"https:\/\/nutrifitmax.co\/index.php\/wp-json\/wp\/v2\/media\/14216"}],"wp:attachment":[{"href":"https:\/\/nutrifitmax.co\/index.php\/wp-json\/wp\/v2\/media?parent=12917"}],"wp:term":[{"taxonomy":"product_brand","embeddable":true,"href":"https:\/\/nutrifitmax.co\/index.php\/wp-json\/wp\/v2\/product_brand?post=12917"},{"taxonomy":"product_cat","embeddable":true,"href":"https:\/\/nutrifitmax.co\/index.php\/wp-json\/wp\/v2\/product_cat?post=12917"},{"taxonomy":"product_tag","embeddable":true,"href":"https:\/\/nutrifitmax.co\/index.php\/wp-json\/wp\/v2\/product_tag?post=12917"}],"curies":[{"name":"wp","href":"https:\/\/api.w.org\/{rel}","templated":true}]}}