{"id":12890,"date":"2025-04-07T19:49:38","date_gmt":"2025-04-07T19:49:38","guid":{"rendered":"https:\/\/nutrifitmax.co\/?post_type=product&#038;p=12890"},"modified":"2026-02-06T16:01:16","modified_gmt":"2026-02-06T16:01:16","slug":"iso-100-dymatize-1-3-libras-cookies-and-cream","status":"publish","type":"product","link":"https:\/\/nutrifitmax.co\/index.php\/product\/iso-100-dymatize-1-3-libras-cookies-and-cream\/","title":{"rendered":"ISO 100 DYMATIZE 1.3 LB COOKIES AND CREAM"},"content":{"rendered":"<p>La Iso 100 1.3 lb de Dymatize\u00a0es una prote\u00edna aislada e hidrolizada que destaca por su alta pureza, absorci\u00f3n ultra r\u00e1pida y sabor excepcional,\u00a0reconocidas en el mundo fitness especialmente por su f\u00f3rmula basada en suero l\u00e1cteo aislado e hidrolizado, lo que facilita una digesti\u00f3n m\u00e1s ligera y una mezcla r\u00e1pida. Es una excelente opci\u00f3n para quienes prefieren f\u00f3rmulas puras, sin rellenos ni exceso de carbohidratos o grasas.<\/p>\n<p>Iso 100 est\u00e1 compuesta por prote\u00edna de suero en dos formas refinadas: aislada e hidrolizada. Esto le da una textura m\u00e1s ligera, disoluci\u00f3n casi instant\u00e1nea y un sabor suave. Su perfil nutricional la hace una opci\u00f3n pr\u00e1ctica para integrar justo despu\u00e9s del entrenamiento o durante el d\u00eda como parte de una alimentaci\u00f3n equilibrada.<\/p>\n<h3>\u00bfPor qu\u00e9 se diferencia de otras prote\u00ednas en el mercado?<\/h3>\n<p>Es una prote\u00edna aislada e hidrolizada, de r\u00e1pida absorci\u00f3n y alta pureza. La hidrolizaci\u00f3n es un proceso adicional que se le practica a la prote\u00edna de suero aislado, en tal proceso se busca eliminar la mayor cantidad posible de agentes no deseados como los carbohidratos, grasas, az\u00facares y aspartame, adem\u00e1s, hidrolizar una prote\u00edna hace que se facilite la digesti\u00f3n del producto. Adem\u00e1s el sabor es una de las caracter\u00edsticas m\u00e1s destacables de este producto, muchos usuarios la clasifican como uno de los batidos de prote\u00edna m\u00e1s ricos del mercado.<\/p>\n<h3>Principales beneficios<\/h3>\n<ul>\n<li>25 gramos de prote\u00edna premium por porci\u00f3n<\/li>\n<li>5.7 gramos de BCAA\u2019s, esenciales para la recuperaci\u00f3n muscular<\/li>\n<li>Sin gluten, lactosa ni grasas<\/li>\n<li>Bajo en carbohidratos y sin az\u00facar a\u00f1adida<\/li>\n<li>Digesti\u00f3n f\u00e1cil y textura suave<\/li>\n<\/ul>\n<h3>\u00bfPara puede tomar la prote\u00edna ISO 100 1.3 lb Dimatize?<\/h3>\n<p>Es ideal para atletas, personas activas o quienes desean mejorar su rendimiento f\u00edsico, ya sean principiantes o avanzados, o quienes simplemente cuidan su ingesta diaria de nutrientes. Su presentaci\u00f3n y reputaci\u00f3n la han convertido en una de las f\u00f3rmulas m\u00e1s buscadas a nivel mundial, tanto por principiantes como por avanzados.<\/p>\n<p>Adem\u00e1s, ayuda a maximizar la s\u00edntesis proteica y a prevenir la degradaci\u00f3n muscular, especialmente tras entrenamientos intensos.<\/p>\n<h3><span class=\"bnf\">Registro sanitario <\/span>RSA-0020547-2022<\/h3>\n","protected":false},"excerpt":{"rendered":"<p>Iso 100 de Dymatize es una prote\u00edna aislada e hidrolizada, de r\u00e1pida absorci\u00f3n y excelente calidad. Disponible en 1.3 y 5 libras. Ideal para quienes buscan una opci\u00f3n confiable y liviana.<\/p>\n<h3>\u00bfC\u00f3mo tomar la prote\u00edna ISO 100 1.3 lb para obtener mejores resultados?<\/h3>\n<ul>\n<li>Puedes mezclar 1 scoop de prote\u00edna en 120-350 ml de agua, jugo o leche<\/li>\n<li>Consumo recomendado: Se recomienda consumir 2-3 veces al d\u00eda (ideal post-entreno y entre comidas)<\/li>\n<li>Tip: Tambi\u00e9n \u00fasala para preparar deliciosos batidos, pancakes proteicos y postres saludables<\/li>\n<\/ul>\n<h4>Sabores deliciosos y variados<\/h4>\n<p>LA ISO 100 1.3 lb tiene varias opciones de sabor pensadas para diferentes gustos. Disfruta de un batido delicioso y con textura cremosa.<\/p>\n<p>Asegura los resultados que buscas consumiendo una prote\u00edna de alta calidad.<\/p>\n<p><strong>Si quieres m\u00e1s informaci\u00f3n o mejores precios comun\u00edcate con nosotros en nuestro <\/strong><a href=\"https:\/\/www.instagram.com\/nutrifitmaxpereira\/?hl=es\"><strong>Instagram<\/strong><\/a><strong>\u00a0o en nuestro\u00a0<\/strong><a href=\"https:\/\/api.whatsapp.com\/send?phone=573026673078\"><strong>WhatsApp<\/strong><\/a><strong><br \/>\nSi quieres ver m\u00e1s productos de la l\u00ednea ingresa a este\u00a0<\/strong><a href=\"https:\/\/nutrifitmax.co\/index.php\/product-category\/marca\/proscience\/\"><strong>link<\/strong><\/a><strong> ahora.<br \/>\nLos mejores suplementos garantizados los encuentras en NUTRIFITMAX<\/strong><\/p>\n","protected":false},"featured_media":12947,"comment_status":"open","ping_status":"closed","template":"","meta":{"inline_featured_image":false},"product_brand":[],"product_cat":[102,91,88,89],"product_tag":[],"class_list":{"0":"post-12890","1":"product","2":"type-product","3":"status-publish","4":"has-post-thumbnail","6":"product_cat-dymatize","7":"product_cat-mas-vendidos","8":"product_cat-proteinas","9":"product_cat-proteinas-hipocaloricas","11":"first","12":"instock","13":"taxable","14":"shipping-taxable","15":"purchasable","16":"product-type-simple","17":"ebbe-col"},"_links":{"self":[{"href":"https:\/\/nutrifitmax.co\/index.php\/wp-json\/wp\/v2\/product\/12890","targetHints":{"allow":["GET"]}}],"collection":[{"href":"https:\/\/nutrifitmax.co\/index.php\/wp-json\/wp\/v2\/product"}],"about":[{"href":"https:\/\/nutrifitmax.co\/index.php\/wp-json\/wp\/v2\/types\/product"}],"replies":[{"embeddable":true,"href":"https:\/\/nutrifitmax.co\/index.php\/wp-json\/wp\/v2\/comments?post=12890"}],"wp:featuredmedia":[{"embeddable":true,"href":"https:\/\/nutrifitmax.co\/index.php\/wp-json\/wp\/v2\/media\/12947"}],"wp:attachment":[{"href":"https:\/\/nutrifitmax.co\/index.php\/wp-json\/wp\/v2\/media?parent=12890"}],"wp:term":[{"taxonomy":"product_brand","embeddable":true,"href":"https:\/\/nutrifitmax.co\/index.php\/wp-json\/wp\/v2\/product_brand?post=12890"},{"taxonomy":"product_cat","embeddable":true,"href":"https:\/\/nutrifitmax.co\/index.php\/wp-json\/wp\/v2\/product_cat?post=12890"},{"taxonomy":"product_tag","embeddable":true,"href":"https:\/\/nutrifitmax.co\/index.php\/wp-json\/wp\/v2\/product_tag?post=12890"}],"curies":[{"name":"wp","href":"https:\/\/api.w.org\/{rel}","templated":true}]}}