{"id":12885,"date":"2025-04-07T19:49:38","date_gmt":"2025-04-07T19:49:38","guid":{"rendered":"https:\/\/nutrifitmax.co\/?post_type=product&#038;p=12885"},"modified":"2026-01-21T18:34:13","modified_gmt":"2026-01-21T18:34:13","slug":"best-protein-proscience-2-libras-chocolate","status":"publish","type":"product","link":"https:\/\/nutrifitmax.co\/index.php\/product\/best-protein-proscience-2-libras-chocolate\/","title":{"rendered":"BEST PROTEIN PROSCIENCE 2 LBS CHOCOLATE"},"content":{"rendered":"<h2 class=\"yikes-custom-woo-tab-title yikes-custom-woo-tab-title-informacion-del-producto\"><img fetchpriority=\"high\" decoding=\"async\" class=\"\" src=\"https:\/\/outletfitcolombia.co\/wp-content\/uploads\/2023\/03\/Tablas-nutricionales-1_BEST-PROTEIN-2.5-02-768x768-1.png\" width=\"421\" height=\"421\" \/><\/h2>\n<h2 class=\"yikes-custom-woo-tab-title yikes-custom-woo-tab-title-informacion-del-producto\">Informaci\u00f3n del Producto<\/h2>\n<p>Alimento en polvo a base de Prote\u00edna aislada de suero 65%, Case\u00edna Micelar 35% y Leucina 3g. 1 servicio de Best (1 Scoop) te brinda 26g de prote\u00edna y 3g de leucina.<\/p>\n<p><strong>Ingredientes:<\/strong>\u00a0Prote\u00edna Aislada de Suero, Case\u00edna Micelar, Leucine, Citrato de Sodio, Sabor id\u00e9ntico al Natural, Di\u00f3xido de Silicio (Anticompactante), Goma Xanthan (Espesante), Lecitina (Estabilizante), Carboximetilcelulosa CMC (Estabilizante), Stevia (Edulcorante), Vitamina C, Benzoato de Sodio (Conservante), Vitamina B6 (Piridoxina), Vitamina B1 (Tiamina), Vitamina D3. Contiene: Leche y Soya.<\/p>\n<p><strong>Presentaci\u00f3n comercial:<\/strong>\u00a0Envase y Liners interno de seguridad.<\/p>\n<p><strong>Material del empaque:<\/strong>\u00a0Envase pl\u00e1stico.<\/p>\n<p><strong>M\u00e9todo de conservaci\u00f3n:\u00a0<\/strong>Almacenar bien cerrado en su empaque original, en un lugar fresco a temperatura inferior a 30\u00b0C y humedad relativa inferior a 75%. No introducir elementos h\u00famedos, despu\u00e9s de abierto consumase en el menor tiempo posible.<\/p>\n<p><strong>Contenido:<\/strong>\u00a0Neto 924 g \/ 2,04 Lb \/ 32.6 Oz.<\/p>\n<p><strong>Servicios:<\/strong>\u00a028 Porciones por envase.<\/p>\n<p><strong>Sabor:<\/strong>\u00a0Vainilla Gourmet \/ Coco \/ Chocolate Gourmet \/ Fresa \/ Arequipe.<\/p>\n<p><strong>Modo o m\u00e9todo de consumo o preparaci\u00f3n:<\/strong>\u00a0Mezclar 1 cuchara medidora (33g) incluida en el empaque del producto en un vaso de agua (200 mL), ag\u00edtese hasta obtener un producto homog\u00e9neo, consumase una vez preparado.<\/p>\n<p><strong>Formato de Venta:<\/strong>\u00a0Polvo.<\/p>\n<p><strong>Registro Sanitario:<\/strong>\u00a0RSA -0025303-2023.<\/p>\n","protected":false},"excerpt":{"rendered":"<p><strong>Best protein<\/strong>\u00a0es un producto alimenticio a base de prote\u00edna de Suero de leche aislada, combinado con case\u00edna micelar y leucina.<\/p>\n<p><strong>Best protein<\/strong>\u00a0es una combinaci\u00f3n de una prote\u00edna de absorci\u00f3n r\u00e1pida como lo es la prote\u00edna de suero aislada de leche y case\u00edna micelar, la cual es una prote\u00edna de absorci\u00f3n lenta, con una adici\u00f3n del amino\u00e1cido leucina qui\u00e9n es el amino\u00e1cido que inicia la s\u00edntesis proteica.<\/p>\n<p>La cantidad de prote\u00edna obtenida durante el d\u00eda es b\u00e1sica para nuestra salud metab\u00f3lica, la obtenci\u00f3n de esta debe ser principalmente de los alimentos, pero en los casos que la persona no logra los requerimientos proteicos, complementar la alimentaci\u00f3n con\u00a0<strong>Best protein<\/strong>\u00a0es una excelente opci\u00f3n.<\/p>\n<p>En aquellas personas que tienen necesidades proteicas mucho m\u00e1s altas como son los atletas, o en algunos procesos de p\u00e9rdida de grasa en los cuales la cantidad de prote\u00edna se vuelve imprescindible,\u00a0<strong>Best protein<\/strong>\u00a0puede acompa\u00f1ar de una manera eficaz estos procesos.<\/p>\n<p><strong>Best protein<\/strong>\u00a0puedes consumirla a cualquier hora del d\u00eda como un complemento a tu alimentaci\u00f3n y\/o para lograr un mayor requerimiento proteico. Si realiza actividad f\u00edsica puede utilizarla posterior al entrenamiento, mezcl\u00e1ndola con agua o si desea aumentar su contenido cal\u00f3rico la puede preparar en leche.<\/p>\n<p><strong>Somos distribuidores de PROSCIENCE\u00ae\u00a0 Si quieres m\u00e1s informaci\u00f3n o mejores precios comun\u00edcate con nosotros en nuestro <a href=\"https:\/\/www.instagram.com\/nutrifitmaxpereira\/?hl=es\">Instagram<\/a>\u00a0o en nuestro\u00a0<a href=\"https:\/\/api.whatsapp.com\/send?phone=573026673078\">WhatsApp<\/a><br \/>\nSi quieres ver m\u00e1s productos de la l\u00ednea ingresa a este\u00a0<a href=\"https:\/\/nutrifitmax.co\/index.php\/product-category\/marca\/proscience\/\">link<\/a> ahora.<br \/>\nLos mejores suplementos garantizados los encuentras en NUTRIFITMAX<\/strong><\/p>\n","protected":false},"featured_media":14332,"comment_status":"open","ping_status":"closed","template":"","meta":{"inline_featured_image":false},"product_brand":[],"product_cat":[86,101,88,89],"product_tag":[],"class_list":{"0":"post-12885","1":"product","2":"type-product","3":"status-publish","4":"has-post-thumbnail","6":"product_cat-marca","7":"product_cat-proscience","8":"product_cat-proteinas","9":"product_cat-proteinas-hipocaloricas","11":"first","12":"instock","13":"sale","14":"taxable","15":"shipping-taxable","16":"purchasable","17":"product-type-simple","18":"ebbe-col"},"_links":{"self":[{"href":"https:\/\/nutrifitmax.co\/index.php\/wp-json\/wp\/v2\/product\/12885","targetHints":{"allow":["GET"]}}],"collection":[{"href":"https:\/\/nutrifitmax.co\/index.php\/wp-json\/wp\/v2\/product"}],"about":[{"href":"https:\/\/nutrifitmax.co\/index.php\/wp-json\/wp\/v2\/types\/product"}],"replies":[{"embeddable":true,"href":"https:\/\/nutrifitmax.co\/index.php\/wp-json\/wp\/v2\/comments?post=12885"}],"wp:featuredmedia":[{"embeddable":true,"href":"https:\/\/nutrifitmax.co\/index.php\/wp-json\/wp\/v2\/media\/14332"}],"wp:attachment":[{"href":"https:\/\/nutrifitmax.co\/index.php\/wp-json\/wp\/v2\/media?parent=12885"}],"wp:term":[{"taxonomy":"product_brand","embeddable":true,"href":"https:\/\/nutrifitmax.co\/index.php\/wp-json\/wp\/v2\/product_brand?post=12885"},{"taxonomy":"product_cat","embeddable":true,"href":"https:\/\/nutrifitmax.co\/index.php\/wp-json\/wp\/v2\/product_cat?post=12885"},{"taxonomy":"product_tag","embeddable":true,"href":"https:\/\/nutrifitmax.co\/index.php\/wp-json\/wp\/v2\/product_tag?post=12885"}],"curies":[{"name":"wp","href":"https:\/\/api.w.org\/{rel}","templated":true}]}}