{"id":12863,"date":"2025-04-07T19:49:18","date_gmt":"2025-04-07T19:49:18","guid":{"rendered":"https:\/\/nutrifitmax.co\/?post_type=product&#038;p=12863"},"modified":"2026-02-23T20:34:26","modified_gmt":"2026-02-23T20:34:26","slug":"bi-pro-classic-2lb-nutramerican-2-libras-natural","status":"publish","type":"product","link":"https:\/\/nutrifitmax.co\/index.php\/product\/bi-pro-classic-2lb-nutramerican-2-libras-natural\/","title":{"rendered":"BI PRO CLASSIC 2LB NUTRAMERICAN NATURAL"},"content":{"rendered":"<p><strong>Bipro Classic\u00a0<\/strong>es una prote\u00edna de suero de alta pureza y concentraci\u00f3n, con m\u00ednimos niveles de grasa y lactosa.<\/p>\n<p><strong>Bipro Classic\u00a0<\/strong>es un m\u00f3dulo proteico vers\u00e1til, que se adapta a tu plan nutricional. La prote\u00edna de suero posee bajo peso molecular y r\u00e1pida digesti\u00f3n, haci\u00e9ndola ideal para ser consumida inmediatamente despu\u00e9s de entrenar y as\u00ed logres tu objetivo deseado f\u00e1cilmente.<\/p>\n<p>La prote\u00edna de suero\u00a0<strong>es la mayor fuente natural<\/strong>\u00a0de amino\u00e1cidos de cadena ramificada y amino\u00e1cidos esenciales, haciendola una prote\u00edna ideal para deportistas o personas con altas necesidades proteicas.<\/p>\n<p><strong>Bipro<\/strong>\u00a0puede ser incluido en programas nutricionales con calor\u00edas controladas, obteniendo excelentes resultados, debido a que la prote\u00edna de suero posee el mayor valor biol\u00f3gico de todas las prote\u00ednas.<\/p>\n<p>La prote\u00edna de suero\u00a0<strong>tiene mayor valor nutricional<\/strong>\u00a0que el pollo, la carne o el pescado; pudiendo esta ser incluida en la nutrici\u00f3n de personas, que deseen tener una fuente alterna de prote\u00ednas o incrementar su ingesta proteica.<\/p>\n<ul class=\"list-group list-group-flush my-4\">\n<li class=\"list-group-item\">Prote\u00edna de suero de leche.<\/li>\n<li class=\"list-group-item\">21 g por porci\u00f3n.<\/li>\n<li class=\"list-group-item\">90 calor\u00edas.<\/li>\n<\/ul>\n<ul class=\"list-group list-group-flush my-4\">\n<li class=\"list-group-item\">Registro Invima\u00a0<strong>RSA-0007428-2019<\/strong>.<\/li>\n<\/ul>\n","protected":false},"excerpt":{"rendered":"<p><strong>Caracter\u00edsticas<\/strong><br \/>\nBipro Classic es una prote\u00edna de suero de alta pureza y concentraci\u00f3n con m\u00ednimos niveles de grasa y lactosa, contiene 40g de prote\u00edna por 1 scoop, 196 calor\u00edas y contiene 16 servicios por envase, sabor vainilla. Bipro Classic es una prote\u00edna whey de alto valor biol\u00f3gico.<\/p>\n<p><strong>USO SUGERIDO:<\/strong>\u00a0Mezcle Bipro Classic 26 g (1\/2 medidas\/cucharadas) en 300 ml o 10 oz de agua o adicione su bebida favorita. Cons\u00famalo inmediatamente despu\u00e9s de entrenar y\/o entre comidas. Si su entrenamiento es nocturno, \u00faselo despu\u00e9s de entrenar y con el desayuno. Para aumento de peso no reemplace ninguna comida con este producto. Incluye medidor (cuchara dosificadora). Los requerimientos proteicos varian de acuerdo a cada persona, basado en el peso corporal, nivel de actividad f\u00edsica y salud general.<\/p>\n<p><strong>Si quieres m\u00e1s informaci\u00f3n o mejores precios comun\u00edcate con nosotros en nuestro <\/strong><a href=\"https:\/\/www.instagram.com\/nutrifitmaxpereira\/?hl=es\"><strong>Instagram<\/strong><\/a><strong>\u00a0o en nuestro\u00a0<\/strong><a href=\"https:\/\/api.whatsapp.com\/send?phone=573026673078\"><strong>WhatsApp<\/strong><\/a><strong><br \/>\nSi quieres ver m\u00e1s productos de la l\u00ednea ingresa a este\u00a0<\/strong><a href=\"https:\/\/nutrifitmax.co\/index.php\/product-category\/marca\/proscience\/\"><strong>link<\/strong><\/a><strong> ahora.<br \/>\nLos mejores suplementos garantizados los encuentras en NUTRIFITMAX<\/strong><\/p>\n","protected":false},"featured_media":14334,"comment_status":"open","ping_status":"closed","template":"","meta":{"inline_featured_image":false},"product_brand":[],"product_cat":[86,100,88,103,89],"product_tag":[],"class_list":{"0":"post-12863","1":"product","2":"type-product","3":"status-publish","4":"has-post-thumbnail","6":"product_cat-marca","7":"product_cat-nutramerican","8":"product_cat-proteinas","9":"product_cat-proteinas-concentradas","10":"product_cat-proteinas-hipocaloricas","12":"first","13":"instock","14":"sale","15":"taxable","16":"shipping-taxable","17":"purchasable","18":"product-type-simple","19":"ebbe-col","20":"product-has-gallery"},"_links":{"self":[{"href":"https:\/\/nutrifitmax.co\/index.php\/wp-json\/wp\/v2\/product\/12863","targetHints":{"allow":["GET"]}}],"collection":[{"href":"https:\/\/nutrifitmax.co\/index.php\/wp-json\/wp\/v2\/product"}],"about":[{"href":"https:\/\/nutrifitmax.co\/index.php\/wp-json\/wp\/v2\/types\/product"}],"replies":[{"embeddable":true,"href":"https:\/\/nutrifitmax.co\/index.php\/wp-json\/wp\/v2\/comments?post=12863"}],"wp:featuredmedia":[{"embeddable":true,"href":"https:\/\/nutrifitmax.co\/index.php\/wp-json\/wp\/v2\/media\/14334"}],"wp:attachment":[{"href":"https:\/\/nutrifitmax.co\/index.php\/wp-json\/wp\/v2\/media?parent=12863"}],"wp:term":[{"taxonomy":"product_brand","embeddable":true,"href":"https:\/\/nutrifitmax.co\/index.php\/wp-json\/wp\/v2\/product_brand?post=12863"},{"taxonomy":"product_cat","embeddable":true,"href":"https:\/\/nutrifitmax.co\/index.php\/wp-json\/wp\/v2\/product_cat?post=12863"},{"taxonomy":"product_tag","embeddable":true,"href":"https:\/\/nutrifitmax.co\/index.php\/wp-json\/wp\/v2\/product_tag?post=12863"}],"curies":[{"name":"wp","href":"https:\/\/api.w.org\/{rel}","templated":true}]}}