{"id":12860,"date":"2025-04-07T19:49:17","date_gmt":"2025-04-07T19:49:17","guid":{"rendered":"https:\/\/nutrifitmax.co\/?post_type=product&#038;p=12860"},"modified":"2025-04-07T19:50:27","modified_gmt":"2025-04-07T19:50:27","slug":"vitamina-e-400-mg-medical-green-100-softgels","status":"publish","type":"product","link":"https:\/\/nutrifitmax.co\/index.php\/product\/vitamina-e-400-mg-medical-green-100-softgels\/","title":{"rendered":"VITAMINA E 400 MG MEDICAL GREEN 100 SOFTGELS"},"content":{"rendered":"<h4><\/h4>\n<h4><img decoding=\"async\" src=\"https:\/\/nutrifitmax.co\/wp-content\/uploads\/2021\/02\/d8325915-386e-4a2a-bf2a-983ea4aebeef-150x150.jpg\" \/>VITAMINA E 400 MG MEDICAL GREEN 100 SOFTGELS<\/h4>\n<h4><strong>El<\/strong>\u00a0<strong>\u03b1-tocoferol<\/strong>\u00a0o\u00a0<strong>vitamina E<\/strong>\u00a0es una\u00a0vitamina\u00a0liposoluble\u00a0que act\u00faa como\u00a0antioxidante\u00a0a nivel de la s\u00edntesis del pigmento\u00a0hemo, que es una parte esencial de la\u00a0hemoglobina\u00a0de los\u00a0gl\u00f3bulos rojos. La vitamina E se encuentra en muchos alimentos, principalmente de origen vegetal, y sobre todo en los de hoja verde (el\u00a0br\u00f3coli, las\u00a0espinacas) y las semillas, entre ellos la\u00a0soya, el\u00a0germen de trigo\u00a0y la\u00a0levadura de cerveza. Tambi\u00e9n puede encontrarse en alimentos de origen animal, como la yema de\u00a0huevo. Habitualmente, se suele considerar que los\u00a0aceites vegetales\u00a0y algunas dietas que emplean\u00a0desayunos de cereales\u00a0aportan una gran cantidad de vitamina E al cuerpo<\/h4>\n<h4>La vitamina E es un nutriente esencial fundamental para la buena salud. Como una poderosa fuente de apoyo antioxidante, la vitamina E ayuda a combatir los radicales libres en el cuerpo. Los estudios han demostrado que el estr\u00e9s oxidativo causado por los radicales libres puede contribuir al envejecimiento prematuro de las c\u00e9lulas. La vitamina E\u00a0 tambi\u00e9n ayuda a mantener la funci\u00f3n inmune. Ayuda a prevenir el c\u00e1ncer y las enfermedades cardiovasculares. Mejora la circulaci\u00f3n y el tratamiento del s\u00edndrome premenstrual. Previene problemas fibroquisticos de los senos. Favorece el proceso de cicatrizaci\u00f3n.<\/h4>\n<h4>La vitamina E es un antioxidante. Eso significa que protege el tejido corporal del da\u00f1o causado por sustancias llamadas radicales libres, que pueden da\u00f1ar c\u00e9lulas, tejidos y \u00f3rganos. Se cree que juegan un papel en ciertas afecciones relacionadas con el envejecimiento.<\/h4>\n<h4>El cuerpo tambi\u00e9n necesita vitamina E para ayudar a mantener el sistema inmunitario fuerte frente a virus y bacterias.<\/h4>\n<h4>La vitamina E tambi\u00e9n es importante en la formaci\u00f3n de gl\u00f3bulos rojos y ayuda al cuerpo a utilizar la\u00a0vitamina K. Tambi\u00e9n ayuda a dilatar los vasos sangu\u00edneos y a impedir que la sangre se coagule dentro de ellos.<\/h4>\n<h4>Las c\u00e9lulas usan la vitamina E para interactuar entre s\u00ed y llevar a cabo muchas funciones importantes.<\/h4>\n<h4>Es necesaria m\u00e1s investigaci\u00f3n para saber si la vitamina E puede prevenir el c\u00e1ncer, la enfermedad del coraz\u00f3n, la demencia, la enfermedad hep\u00e1tica y el accidente cerebrovascular.<\/h4>\n<h4><strong>Beneficios:<\/strong><\/h4>\n<ul>\n<li>\n<h4>Su campo de acci\u00f3n transcurre en neutralizar el efecto de los radicales libres, los cuales son mol\u00e9culas inestables, debido a su desequilibrio at\u00f3mico y que por ello buscan recuperarlo a partir de otras c\u00e9lulas colindantes.<\/h4>\n<\/li>\n<li>\n<h4>Beneficioso para la piel y las membranas. Fortalece el revestimiento de los capilares sangu\u00edneos de la piel, consiguiendo mejorar el soporte de cara a la hidrataci\u00f3n y fomentar su elasticidad.<\/h4>\n<\/li>\n<li>\n<h4>Otro efecto destacado es reducir la inflamaci\u00f3n a nivel celular y verse traducido en un aspecto de la piel m\u00e1s joven.<\/h4>\n<\/li>\n<li>\n<h4>Fortalece el cabello. La fragilidad y ca\u00edda del cabello son dos aspectos muy importantes a los que se les suele prestar bastante importancia, dada su estrecha relaci\u00f3n con nuestro aspecto. En tal caso, el uso regular de vitamina E puede ayudarnos a mitigar estos problemas.<\/h4>\n<\/li>\n<li>\n<h4>Protege las c\u00e9lulas rojas sangu\u00edneas que son las encargadas de transportar el ox\u00edgeno a todas las c\u00e9lulas del cuerpo, tambi\u00e9n lo hace con las c\u00e9lulas blancas, que son las encargadas de defender al organismo contra ciertas enfermedades, de modo que puede estimular y proteger el sistema inmunol\u00f3gico.<\/h4>\n<\/li>\n<li>\n<h4>Evita la formaci\u00f3n de tumores y enfermedades<\/h4>\n<\/li>\n<li>\n<h4>Regula las hormonas del cuerpo. La vitamina E tambi\u00e9n afecta al sistema endocrino y nervioso, ejerciendo una acci\u00f3n moduladora para regular el balance hormonal. Hay que destacar que el\u00a0normal desarrollo de los nervios\u00a0depende de la vitamina E.<\/h4>\n<\/li>\n<li>\n<h4>Otros de los beneficios de la vitamina E, es su implicaci\u00f3n en la\u00a0producci\u00f3n de energ\u00eda, la\u00a0s\u00edntesis de \u00e1cido desoxirribonucleico\u00a0(ADN) y del\u00a0\u00e1cido ribonucleico\u00a0(ARN). Debido a su gran capacidad para actuar como antioxidante, protege las membranas celulares de la oxidaci\u00f3n y se especula con sus efectos favorables contra el c\u00e1ncer o las enfermedades card\u00edacas.<\/h4>\n<\/li>\n<li>\n<h4>Ayuda a mantener una circulaci\u00f3n saludable en las arterias coronarias y en los vasos sangu\u00edneos perif\u00e9ricos.<\/h4>\n<\/li>\n<li>\n<h4>Reduce la coagulaci\u00f3n excesiva de la sangre y protege contra la trombosis.<\/h4>\n<\/li>\n<li>\n<h4>Mejora la salud del cerebro y del sistema inmunol\u00f3gico.<\/h4>\n<\/li>\n<li>\n<h4>Disminuye el riesgo del mal de alzheimer.<\/h4>\n<\/li>\n<li>\n<h4>Se encuentra implicada en\u00a0frenar los s\u00edntomas del envejecimiento prematuro, resultando en mejorar sustancialmente el aspecto exterior (piel), y por supuesto, la funci\u00f3n normal de los \u00f3rganos del organismo; la regulaci\u00f3n de la funci\u00f3n inmune, el mantenimiento de la integridad de las\u00a0c\u00e9lulas endoteliales\u00a0y el equilibrio de la coagulaci\u00f3n normal.<\/h4>\n<\/li>\n<li>\n<h4>Asistir en la formaci\u00f3n de c\u00e9lulas rojas en la sangre\u00a0y ayudar en la regulaci\u00f3n de la s\u00edntesis de prostanoides<strong>,<\/strong>\u00a0que son compuestos importantes en los procesos de reproducci\u00f3n; por este motivo se ha considerado durante mucho tiempo a esta vitamina como la vitamina de la fertilidad.<\/h4>\n<\/li>\n<li>\n<h4>La vitamina E ejerce un fuerte efecto antioxidante especialmente importante en los pulmones, donde las c\u00e9lulas est\u00e1n expuestas a altas concentraciones de ox\u00edgeno que pueden da\u00f1arlas.<\/h4>\n<\/li>\n<li>\n<h4><strong>Uso sugerido:<\/strong><\/h4>\n<\/li>\n<\/ul>\n<h4>Los atletas suelen consumir entre 200 y 500 IU y cuando se recuperan de una lesi\u00f3n, o entrenan a altitudes elevadas, a menudo ingieren\u00a0600 a 1200 IU\u00a0porque favorece el transporte del ox\u00edgeno en la sangre y por tanto compensa la reducci\u00f3n que existe en el aire a esa altitud. Las personas de mayor corpulencia y peso admiten mejor una dosis m\u00e1s elevada de vitamina E.<\/h4>\n<p>&nbsp;<\/p>\n<p><strong>REGISTRO INVIMA SD2018-0000328-R1\u00a0<\/strong><\/p>\n","protected":false},"excerpt":{"rendered":"<p><img decoding=\"async\" src=\"https:\/\/nutrifitmax.co\/wp-content\/uploads\/2021\/02\/d8325915-386e-4a2a-bf2a-983ea4aebeef-150x150.jpg\" \/>VITAMINA E 400 MG MEDICAL GREEN 100 SOFTGELS<\/p>\n","protected":false},"featured_media":12927,"comment_status":"open","ping_status":"closed","template":"","meta":{"inline_featured_image":false},"product_brand":[],"product_cat":[86,91,111,112],"product_tag":[],"class_list":{"0":"post-12860","1":"product","2":"type-product","3":"status-publish","4":"has-post-thumbnail","6":"product_cat-marca","7":"product_cat-mas-vendidos","8":"product_cat-medical-green","9":"product_cat-suplementos-naturales","11":"first","12":"instock","13":"taxable","14":"shipping-taxable","15":"purchasable","16":"product-type-simple","17":"ebbe-col","18":"product-has-gallery"},"_links":{"self":[{"href":"https:\/\/nutrifitmax.co\/index.php\/wp-json\/wp\/v2\/product\/12860","targetHints":{"allow":["GET"]}}],"collection":[{"href":"https:\/\/nutrifitmax.co\/index.php\/wp-json\/wp\/v2\/product"}],"about":[{"href":"https:\/\/nutrifitmax.co\/index.php\/wp-json\/wp\/v2\/types\/product"}],"replies":[{"embeddable":true,"href":"https:\/\/nutrifitmax.co\/index.php\/wp-json\/wp\/v2\/comments?post=12860"}],"wp:featuredmedia":[{"embeddable":true,"href":"https:\/\/nutrifitmax.co\/index.php\/wp-json\/wp\/v2\/media\/12927"}],"wp:attachment":[{"href":"https:\/\/nutrifitmax.co\/index.php\/wp-json\/wp\/v2\/media?parent=12860"}],"wp:term":[{"taxonomy":"product_brand","embeddable":true,"href":"https:\/\/nutrifitmax.co\/index.php\/wp-json\/wp\/v2\/product_brand?post=12860"},{"taxonomy":"product_cat","embeddable":true,"href":"https:\/\/nutrifitmax.co\/index.php\/wp-json\/wp\/v2\/product_cat?post=12860"},{"taxonomy":"product_tag","embeddable":true,"href":"https:\/\/nutrifitmax.co\/index.php\/wp-json\/wp\/v2\/product_tag?post=12860"}],"curies":[{"name":"wp","href":"https:\/\/api.w.org\/{rel}","templated":true}]}}