{"id":12832,"date":"2025-04-07T19:48:55","date_gmt":"2025-04-07T19:48:55","guid":{"rendered":"https:\/\/nutrifitmax.co\/?post_type=product&#038;p=12832"},"modified":"2025-10-23T20:26:48","modified_gmt":"2025-10-23T20:26:48","slug":"c4-ripped-cellucor-30-servicios","status":"publish","type":"product","link":"https:\/\/nutrifitmax.co\/index.php\/product\/c4-ripped-cellucor-30-servicios\/","title":{"rendered":"C4 RIPPED CELLUCOR 30 SERVICIOS"},"content":{"rendered":"<h4>C4 RIPPED CELLUCOR 30 SERVICIOS<\/h4>\n<h4>Es un pre-entreno especialmente formulado con ingredientes enfocados para mejorar la intensidad, la fuerza, la resistencia y te ayuda a tonificar tus m\u00fasculos \u00a0en tus entrenamientos m\u00e1s intensos.\u00a0contiene estimulantes, vitaminas, y amino\u00e1cidos, todo para mejorar tu capacidad de entreno, notar\u00e1s los resultados desde el primer d\u00eda. Entre otros componentes, contiene CarnoSyn\u00a0Beta Alanina, la \u00fanica forma patentada y cl\u00ednicamente estudiada de beta-alanina que ha demostrado que ayuda a la resistencia muscular. Adem\u00e1s contiene 160mg de cafe\u00edna para mejorar los entrenamientos y complejo c4 Ripped \u00a0que ayuda a que marques tu cuerpo buscandos tus objetivos mientras que recibes energ\u00eda fuerza y resistencia \u00a0.<\/h4>\n<h4>Ingredientes<\/h4>\n<ul>\n<li>\n<h4>1600 mg de Beta Alanina por dosis (6 g).<\/h4>\n<\/li>\n<li>\n<h4>1000 mg de Arginina AKG por dosis.<\/h4>\n<\/li>\n<li>\n<h4>1000 mg de Complejo C4 Ripped por dosis.<\/h4>\n<\/li>\n<li>\n<h4>160 mg de Cafe\u00edna por dosis.<\/h4>\n<\/li>\n<li>\n<h4>150 mg de L-Tirosina por dosis.<\/h4>\n<\/li>\n<li>\n<h4>Con vitaminas C y del grupo B.<\/h4>\n<\/li>\n<li>\n<h4>Sin Creatina.<\/h4>\n<\/li>\n<li>\n<h4>180 g por envase.<\/h4>\n<\/li>\n<\/ul>\n<p>&nbsp;<\/p>\n","protected":false},"excerpt":{"rendered":"<p>C4 RIPPED CELLUCOR 30 SERVICIOS<\/p>\n","protected":false},"featured_media":12898,"comment_status":"open","ping_status":"closed","template":"","meta":{"inline_featured_image":false},"product_brand":[],"product_cat":[108,86,109,95],"product_tag":[],"class_list":{"0":"post-12832","1":"product","2":"type-product","3":"status-publish","4":"has-post-thumbnail","6":"product_cat-cellucor","7":"product_cat-marca","8":"product_cat-pre-entrenos","9":"product_cat-recuperacion","11":"first","12":"instock","13":"taxable","14":"shipping-taxable","15":"purchasable","16":"product-type-simple","17":"ebbe-col"},"_links":{"self":[{"href":"https:\/\/nutrifitmax.co\/index.php\/wp-json\/wp\/v2\/product\/12832","targetHints":{"allow":["GET"]}}],"collection":[{"href":"https:\/\/nutrifitmax.co\/index.php\/wp-json\/wp\/v2\/product"}],"about":[{"href":"https:\/\/nutrifitmax.co\/index.php\/wp-json\/wp\/v2\/types\/product"}],"replies":[{"embeddable":true,"href":"https:\/\/nutrifitmax.co\/index.php\/wp-json\/wp\/v2\/comments?post=12832"}],"wp:featuredmedia":[{"embeddable":true,"href":"https:\/\/nutrifitmax.co\/index.php\/wp-json\/wp\/v2\/media\/12898"}],"wp:attachment":[{"href":"https:\/\/nutrifitmax.co\/index.php\/wp-json\/wp\/v2\/media?parent=12832"}],"wp:term":[{"taxonomy":"product_brand","embeddable":true,"href":"https:\/\/nutrifitmax.co\/index.php\/wp-json\/wp\/v2\/product_brand?post=12832"},{"taxonomy":"product_cat","embeddable":true,"href":"https:\/\/nutrifitmax.co\/index.php\/wp-json\/wp\/v2\/product_cat?post=12832"},{"taxonomy":"product_tag","embeddable":true,"href":"https:\/\/nutrifitmax.co\/index.php\/wp-json\/wp\/v2\/product_tag?post=12832"}],"curies":[{"name":"wp","href":"https:\/\/api.w.org\/{rel}","templated":true}]}}