{"id":12831,"date":"2025-04-07T19:48:55","date_gmt":"2025-04-07T19:48:55","guid":{"rendered":"https:\/\/nutrifitmax.co\/?post_type=product&#038;p=12831"},"modified":"2026-03-10T22:33:22","modified_gmt":"2026-03-10T22:33:22","slug":"c4-cellucor-60-servicios","status":"publish","type":"product","link":"https:\/\/nutrifitmax.co\/index.php\/product\/c4-cellucor-60-servicios\/","title":{"rendered":"C4 CELLUCOR 60 SERVICIOS"},"content":{"rendered":"<h4><img decoding=\"async\" src=\"https:\/\/nutrifitmax.co\/wp-content\/uploads\/2021\/02\/C4-Original-pinklemonade-x60srvs-cellucor-tiendasenforma-150x150.webp\" \/><\/h4>\n<h4 class=\"toggle-title\"><a class=\"toggleLink\" href=\"https:\/\/nutrifitmax.co\/product\/c4-cellucor-60-servicios\/\" data-toggle=\"collapse\" aria-expanded=\"true\"><span class=\"page-heading\">C4 CELLUCOR 60 SERVICIOS DESCRIPCI\u00d3N\u00a0<\/span><\/a><\/h4>\n<div id=\"tab1_mobile\" class=\"toggle-content collapse show\">\n<div class=\"rte\">\n<h4>Es una f\u00f3rmula combinada de\u00a0ingredientes con\u00a0contenido de cafe\u00edna.<br \/>\n<b>Cada servicio contiene:<\/b><\/h4>\n<ul>\n<li>\n<h4><span class=\"ugb-highlight\">1600mg\u00a0CarnoSyn\u00ae Beta-Alanine.<\/span><\/h4>\n<\/li>\n<li>\n<h4>1000mg Creatine.<\/h4>\n<\/li>\n<li>\n<h4>150 mg Cafe\u00edna<\/h4>\n<\/li>\n<li>\n<h4>0 Az\u00facar .<\/h4>\n<\/li>\n<\/ul>\n<h4><strong>Modo de uso:\u00a0<\/strong>\u00a0Adultos,\u00a0Mezclar\u00a01 servicio (1 Cucharas medidoras) \u00a0en 4-6 oz. de agua fr\u00eda y mezclar.<\/h4>\n<h4><strong>Tama\u00f1o de la porci\u00f3n:<\/strong>\u00a05.7 gr (60 Servicios aprox)<br \/>\n<strong>Contenido:<\/strong>\u00a0342 g \/ Neto 12.1 oz<\/h4>\n<h4><strong>Ingredientes:<\/strong>\u00a0vitamina C (como \u00e1cido asc\u00f3rbico), niacina (como niacinamida), vitamina B6 (como piridoxal-5-fosfato), \u00e1cido f\u00f3lico, vitamina B12 (como metilcobalamina), calcio, beta alanina, nitrato de creatina, arginina AKG, mezcla de energ\u00eda explosiva, N-acetil-L-tirosina, cafe\u00edna anhidrohidrohidrohidroxico. US (1500) mg), extracto de semillas de grano de terciopelo (Mucuna pruriens), \u00e1cido tetrametil\u00farico TeaCor.<\/h4>\n<h4><strong>M\u00e9todo de conservaci\u00f3n:<\/strong>\u00a0El producto debe estar almacenado en su empaque original a temperatura inferior a 30\u00b0C y a una humedad relativa inferior a 75%. No introducir elementos h\u00famedos, despu\u00e9s de abierto consumase en el menor tiempo posible.<\/h4>\n<h4><strong>ADVERTENCIA:<\/strong>\u00a0Este producto no pretende diagnosticar , tratar, curar, o prevenir enfermedades. Este producto es un alimento y no debe ser usado como sustituto de una dieta equilibrada.<br \/>\n-Mantener fuera del alcance de los ni\u00f1os.<br \/>\n&#8211; NO CONSUMIR EN ESTADO DE EMBARRAZO Y LACTANCIA.<\/h4>\n<h4><strong>Reg. San. INVIMA No.<\/strong>\u00a0INVIMA RSiA16l163114<\/h4>\n<\/div>\n<\/div>\n","protected":false},"excerpt":{"rendered":"<p>C4 CELLUCOR 60 SERVICIOS<\/p>\n<h4><img decoding=\"async\" src=\"https:\/\/nutrifitmax.co\/wp-content\/uploads\/2021\/02\/C4-Original-pinklemonade-x60srvs-cellucor-tiendasenforma-150x150.webp\" \/><\/h4>\n","protected":false},"featured_media":12896,"comment_status":"open","ping_status":"closed","template":"","meta":{"inline_featured_image":false},"product_brand":[],"product_cat":[108,86,91,109],"product_tag":[],"class_list":{"0":"post-12831","1":"product","2":"type-product","3":"status-publish","4":"has-post-thumbnail","6":"product_cat-cellucor","7":"product_cat-marca","8":"product_cat-mas-vendidos","9":"product_cat-pre-entrenos","11":"first","12":"instock","13":"taxable","14":"shipping-taxable","15":"purchasable","16":"product-type-simple","17":"ebbe-col","18":"product-has-gallery"},"_links":{"self":[{"href":"https:\/\/nutrifitmax.co\/index.php\/wp-json\/wp\/v2\/product\/12831","targetHints":{"allow":["GET"]}}],"collection":[{"href":"https:\/\/nutrifitmax.co\/index.php\/wp-json\/wp\/v2\/product"}],"about":[{"href":"https:\/\/nutrifitmax.co\/index.php\/wp-json\/wp\/v2\/types\/product"}],"replies":[{"embeddable":true,"href":"https:\/\/nutrifitmax.co\/index.php\/wp-json\/wp\/v2\/comments?post=12831"}],"wp:featuredmedia":[{"embeddable":true,"href":"https:\/\/nutrifitmax.co\/index.php\/wp-json\/wp\/v2\/media\/12896"}],"wp:attachment":[{"href":"https:\/\/nutrifitmax.co\/index.php\/wp-json\/wp\/v2\/media?parent=12831"}],"wp:term":[{"taxonomy":"product_brand","embeddable":true,"href":"https:\/\/nutrifitmax.co\/index.php\/wp-json\/wp\/v2\/product_brand?post=12831"},{"taxonomy":"product_cat","embeddable":true,"href":"https:\/\/nutrifitmax.co\/index.php\/wp-json\/wp\/v2\/product_cat?post=12831"},{"taxonomy":"product_tag","embeddable":true,"href":"https:\/\/nutrifitmax.co\/index.php\/wp-json\/wp\/v2\/product_tag?post=12831"}],"curies":[{"name":"wp","href":"https:\/\/api.w.org\/{rel}","templated":true}]}}