{"id":12829,"date":"2025-04-07T19:48:55","date_gmt":"2025-04-07T19:48:55","guid":{"rendered":"https:\/\/nutrifitmax.co\/?post_type=product&#038;p=12829"},"modified":"2026-02-23T20:39:51","modified_gmt":"2026-02-23T20:39:51","slug":"pancakes-nutramerican-con-albumina-de-huevo","status":"publish","type":"product","link":"https:\/\/nutrifitmax.co\/index.php\/product\/pancakes-nutramerican-con-albumina-de-huevo\/","title":{"rendered":"PANCAKES NUTRAMERICAN CON ALB\u00daMINA DE HUEVO"},"content":{"rendered":"<h4><img decoding=\"async\" src=\"https:\/\/nutrifitmax.co\/wp-content\/uploads\/2021\/02\/fbee96af-ed60-4fd9-9dc6-a022b9441f07-1-150x150.jpg\" \/>PANCAKES NUTRAMERICAN CON ALB\u00daMINA DE HUEVO<\/h4>\n<h4>es una mezcla para preparar deliciosos pancakes y waffles con alto aporte alto de prote\u00ednas, para personas que desean tener una buena nutrici\u00f3n basada en un consumo apropiado de nutrientes, todo gracias a su avanzada y deliciosa formula.<\/h4>\n<h4>\u00a0aporta 20g de prote\u00edna por servicio, puedes encontrar este producto en una \u00fanica presentaci\u00f3n de 770gr.<\/h4>\n<h4>USO SUGERIDO:<strong>\u00a0<\/strong>Mezcle<strong><em>\u00a0<\/em><\/strong>55g (1 medida\/cucharadas) en 90ml de agua. Cons\u00famalo en el desayuno y\/o como merienda en cualquier momento del dia, prepare seg\u00fan las siguientes indicaciones. Incluye medidor (cuchara dosificadora).<\/h4>\n<h4><strong>\u00a0<\/strong><\/h4>\n<p><strong>REGISTRO INVIMA RSAV02|30010\u00a0<\/strong><\/p>\n","protected":false},"excerpt":{"rendered":"<p><img decoding=\"async\" src=\"https:\/\/nutrifitmax.co\/wp-content\/uploads\/2021\/02\/fbee96af-ed60-4fd9-9dc6-a022b9441f07-1-150x150.jpg\" \/><\/p>\n<p>PANCAKES NUTRAMERICAN CON ALB\u00daMINA DE HUEVO<\/p>\n","protected":false},"featured_media":12880,"comment_status":"open","ping_status":"closed","template":"","meta":{"inline_featured_image":false},"product_brand":[],"product_cat":[86,100,107],"product_tag":[],"class_list":{"0":"post-12829","1":"product","2":"type-product","3":"status-publish","4":"has-post-thumbnail","6":"product_cat-marca","7":"product_cat-nutramerican","8":"product_cat-snacks","10":"first","11":"instock","12":"taxable","13":"shipping-taxable","14":"purchasable","15":"product-type-simple","16":"ebbe-col","17":"product-has-gallery"},"_links":{"self":[{"href":"https:\/\/nutrifitmax.co\/index.php\/wp-json\/wp\/v2\/product\/12829","targetHints":{"allow":["GET"]}}],"collection":[{"href":"https:\/\/nutrifitmax.co\/index.php\/wp-json\/wp\/v2\/product"}],"about":[{"href":"https:\/\/nutrifitmax.co\/index.php\/wp-json\/wp\/v2\/types\/product"}],"replies":[{"embeddable":true,"href":"https:\/\/nutrifitmax.co\/index.php\/wp-json\/wp\/v2\/comments?post=12829"}],"wp:featuredmedia":[{"embeddable":true,"href":"https:\/\/nutrifitmax.co\/index.php\/wp-json\/wp\/v2\/media\/12880"}],"wp:attachment":[{"href":"https:\/\/nutrifitmax.co\/index.php\/wp-json\/wp\/v2\/media?parent=12829"}],"wp:term":[{"taxonomy":"product_brand","embeddable":true,"href":"https:\/\/nutrifitmax.co\/index.php\/wp-json\/wp\/v2\/product_brand?post=12829"},{"taxonomy":"product_cat","embeddable":true,"href":"https:\/\/nutrifitmax.co\/index.php\/wp-json\/wp\/v2\/product_cat?post=12829"},{"taxonomy":"product_tag","embeddable":true,"href":"https:\/\/nutrifitmax.co\/index.php\/wp-json\/wp\/v2\/product_tag?post=12829"}],"curies":[{"name":"wp","href":"https:\/\/api.w.org\/{rel}","templated":true}]}}