{"id":12810,"date":"2025-04-07T19:48:33","date_gmt":"2025-04-07T19:48:33","guid":{"rendered":"https:\/\/nutrifitmax.co\/?post_type=product&#038;p=12810"},"modified":"2026-03-18T20:14:12","modified_gmt":"2026-03-18T20:14:12","slug":"titan-beef-vitanas-2-libras","status":"publish","type":"product","link":"https:\/\/nutrifitmax.co\/index.php\/product\/titan-beef-vitanas-2-libras\/","title":{"rendered":"TITAN BEEF VITANAS 2 LB VAINILLA"},"content":{"rendered":"<h4 class=\"toggle-title\">TIT\u00c1N BEEF MASS Es una f\u00f3rmula con prote\u00edna de carne aislada e hidrolizada, con adici\u00f3n de carbohidratos.\u00a0<strong>Prote\u00edna de carne libre de Lactosa<\/strong>.\u00a0<b>Cada servicio contiene:<\/b><\/h4>\n<ul>\n<li>50 g de prote\u00edna de carne aislada e hidrolizada.<\/li>\n<li>161 g de carbohidrato<\/li>\n<li>8.8 g de grasa<\/li>\n<li>917 calor\u00edas por servicio.<\/li>\n<li>0 az\u00facares a\u00f1adido.<\/li>\n<li>Contiene Nutraflora\u00ae (prebi\u00f3ticos) y Lactospore\u00ae (probi\u00f3ticos)<\/li>\n<\/ul>\n<h4 class=\"toggle-title\"><strong>Tama\u00f1o de la porci\u00f3n:\u00a0<\/strong>220 gr (5 Scoops \/5 Cucharas)\u00a0 4 Servicios aprox.<strong>\u00a0Contenido:<\/strong>2 Libras\/ Neto 908g<strong>\u00a0Sabor:<\/strong>\u00a0Vainilla Caramelo<\/h4>\n<p><strong>Ingredientes:<\/strong>\u00a0Ingredientes: Mezcla de carbohidratos (Maltodextrina (almidon hidrolizado de maiz), almidon de maiz), proteina de carne de res aislada, aislado de soya, Crema no l\u00e1ctea (Jarabe de glucosa, aceite de palma, proteina, estabilizante, emulsificante y agente anticompactante), sabor natural y\/o artificial (vainilla, caramelo), mezcla de gomas (goma guar y goma xantana)(espesantes), prebi\u00f3tico, sucralosa (edulcorante artificial), amino\u00e1cidos de cadena ramificada (L-leucina, L-isoleucina y L-Valina), glutamina, di\u00f3xido de silicio (anticompactante), probioticos.<\/p>\n<p><strong>Sabor:<\/strong>\u00a0Vainilla Caramelo<\/p>\n<p><strong>Modo de uso:<\/strong>Mezclar 5 cucharas medidoras (220g) de TITAN BEEF MASS en 30 oz (890 mL) de agua y agitar hasta obtener una mezcla homog\u00e9nea. Una vez preparado, cons\u00famase en el menor tiempo posible.<\/p>\n<p><strong>Sugerencia:\u00a0<\/strong><br \/>\nPara una mejor experiencia de sabor, puede adicionar trozos de frutas o disolver en tu bebida favorita. Obtendr\u00e1s un delicioso batido de TIT\u00c1N BEEF MASS.<\/p>\n<p><strong>TOMAR TITAN BEEF MASS\u00a0\u00a0<\/strong><\/p>\n<ul>\n<li>Antes y\/o despu\u00e9s del entrenamiento.<\/li>\n<li>En cualquier momento: Consumir entre las comidas principales, como un snack saludable.<\/li>\n<\/ul>\n<p><strong>M\u00e9todo de conservaci\u00f3n:<\/strong>\u00a0El producto debe estar almacenado en su empaque original a temperatura inferior a 30\u00b0C y a una humedad relativa inferior a 75%. No introducir elementos h\u00famedos, despu\u00e9s de abierto consumase en el menor tiempo posible.<\/p>\n<p><strong>ADVERTENCIA:<\/strong>\u00a0Este producto no pretende diagnosticar, tratar, curar, o prevenir enfermedades. Este producto es un alimento y no debe ser usado como sustituto de una dieta equilibrada.<\/p>\n<p><strong>Reg. San. INVIMA No.\u00a0<\/strong>RSAD06I1505<\/p>\n<div id=\"tab1_mobile\" class=\"toggle-content collapse show\">\n<div class=\"rte\"><\/div>\n<\/div>\n","protected":false},"excerpt":{"rendered":"<p data-start=\"109\" data-end=\"426\"><strong data-start=\"165\" data-end=\"184\">TIT\u00c1N BEEF MASS<\/strong>\u00a0es una f\u00f3rmula de \u00faltima generaci\u00f3n elaborada con prote\u00edna de carne aislada e hidrolizada, enriquecida con carbohidratos. Dise\u00f1ada para quienes buscan resultados reales, r\u00e1pidos y efectivos.<\/p>\n<p data-start=\"428\" data-end=\"516\"><strong data-start=\"430\" data-end=\"455\">100% libre de lactosa<\/strong><\/p>\n<p data-start=\"518\" data-end=\"622\"><strong data-start=\"518\" data-end=\"622\">Pru\u00e9balo hoy y lleva tu entrenamiento al siguiente nivel.<\/strong><\/p>\n<p data-start=\"100\" data-end=\"452\"><strong>Mezcla de prote\u00ednas de alta calidad:<\/strong>\u00a0Proporciona una liberaci\u00f3n sostenida de amino\u00e1cidos esenciales.<\/p>\n<p data-start=\"100\" data-end=\"452\"><strong>F\u00e1cil de mezclar y con buen sabor:<\/strong>\u00a0Textura suave y sabores mejorados para hacer m\u00e1s placentero su consumo.<\/p>\n<p data-start=\"100\" data-end=\"452\"><strong>Nuevas opciones saludables:<\/strong>\u00a0Personas que buscan una alternativa a la prote\u00edna de suero.<\/p>\n<p><strong>TIT\u00c1N BEEF MASS<\/strong>\u00a0Es una f\u00f3rmula con prote\u00edna de carne aislada e hidrolizada, con adici\u00f3n de carbohidratos.<\/p>\n<p><strong>100%\u00a0libre de Lactosa.<\/strong><\/p>\n<p><strong>Somos distribuidores de VITANAS\u00ae\u00a0 Si quieres m\u00e1s informaci\u00f3n o mejores precios comun\u00edcate con nosotros en nuestro <a href=\"https:\/\/www.instagram.com\/nutrifitmaxpereira\/?hl=es\">Instagram<\/a>\u00a0o en nuestro\u00a0<a href=\"https:\/\/api.whatsapp.com\/send?phone=573026673078\">WhatsApp<\/a><br \/>\nSi quieres ver m\u00e1s productos de la l\u00ednea ingresa a este\u00a0<a href=\"https:\/\/nutrifitmax.co\/index.php\/product-category\/marca\/proscience\/\">link<\/a> ahora.<br \/>\nLos mejores suplementos garantizados los encuentras en NUTRIFITMAX<\/strong><\/p>\n","protected":false},"featured_media":12878,"comment_status":"open","ping_status":"closed","template":"","meta":{"inline_featured_image":false},"product_brand":[],"product_cat":[96,86,88,98,104],"product_tag":[],"class_list":{"0":"post-12810","1":"product","2":"type-product","3":"status-publish","4":"has-post-thumbnail","6":"product_cat-ganancia","7":"product_cat-marca","8":"product_cat-proteinas","9":"product_cat-proteinas-ganadoras-de-peso","10":"product_cat-vitanas","12":"first","13":"instock","14":"taxable","15":"shipping-taxable","16":"purchasable","17":"product-type-simple","18":"ebbe-col","19":"product-has-gallery"},"_links":{"self":[{"href":"https:\/\/nutrifitmax.co\/index.php\/wp-json\/wp\/v2\/product\/12810","targetHints":{"allow":["GET"]}}],"collection":[{"href":"https:\/\/nutrifitmax.co\/index.php\/wp-json\/wp\/v2\/product"}],"about":[{"href":"https:\/\/nutrifitmax.co\/index.php\/wp-json\/wp\/v2\/types\/product"}],"replies":[{"embeddable":true,"href":"https:\/\/nutrifitmax.co\/index.php\/wp-json\/wp\/v2\/comments?post=12810"}],"wp:featuredmedia":[{"embeddable":true,"href":"https:\/\/nutrifitmax.co\/index.php\/wp-json\/wp\/v2\/media\/12878"}],"wp:attachment":[{"href":"https:\/\/nutrifitmax.co\/index.php\/wp-json\/wp\/v2\/media?parent=12810"}],"wp:term":[{"taxonomy":"product_brand","embeddable":true,"href":"https:\/\/nutrifitmax.co\/index.php\/wp-json\/wp\/v2\/product_brand?post=12810"},{"taxonomy":"product_cat","embeddable":true,"href":"https:\/\/nutrifitmax.co\/index.php\/wp-json\/wp\/v2\/product_cat?post=12810"},{"taxonomy":"product_tag","embeddable":true,"href":"https:\/\/nutrifitmax.co\/index.php\/wp-json\/wp\/v2\/product_tag?post=12810"}],"curies":[{"name":"wp","href":"https:\/\/api.w.org\/{rel}","templated":true}]}}