{"id":12803,"date":"2025-04-07T19:48:33","date_gmt":"2025-04-07T19:48:33","guid":{"rendered":"https:\/\/nutrifitmax.co\/?post_type=product&#038;p=12803"},"modified":"2026-02-05T20:22:35","modified_gmt":"2026-02-05T20:22:35","slug":"nitrotech-gold-muscletech-2-2-libras","status":"publish","type":"product","link":"https:\/\/nutrifitmax.co\/index.php\/product\/nitrotech-gold-muscletech-2-2-libras\/","title":{"rendered":"NITROTECH GOLD MUSCLETECH 2.2 LBS CHOCOLATE"},"content":{"rendered":"<h4><img decoding=\"async\" src=\"https:\/\/nutrifitmax.co\/wp-content\/uploads\/2021\/02\/nitrotech-whey-gold-2lb-01-150x150.webp\" \/>NITROTECH GOLD MUSCLETECH 2.2 LIBRAS<\/h4>\n<h4><strong>Nitrotech 100% whey gold<\/strong> contiene prote\u00edna de suero de leche microfiltrada, la que proporciona una absorci\u00f3n superior, mejor digestibilidad y excepcional capacidad de solubilidad. cada servicio aporta 24g de prote\u00edna ultra-premium que suministra 5,5g de bcaa y 4g de glutamina. Enriquecida con p\u00e9ptidos de prote\u00edna de suero superiores para un mejor desarrollo muscular. Prote\u00edna ultra pura 100% suero de leche sin ingredientes activos.<\/h4>\n<h4><strong>\u00a0PRINCIPALES BENEFICIOS:<\/strong><\/h4>\n<ul>\n<li>\n<h4>Favorece la recuperaci\u00f3n muscular despu\u00e9s del entrenamiento.<\/h4>\n<\/li>\n<li>\n<h4>Contribuye a cumplir los requerimientos diarios de prote\u00ednas.<\/h4>\n<\/li>\n<li>\n<h4>Favorece el desarrollo muscular.<\/h4>\n<\/li>\n<li>\n<h4>Ayuda a mantener la musculatura y la salud.<\/h4>\n<\/li>\n<li>\n<h4>tiene\u00a0valores biol\u00f3gicos m\u00e1s altos (VB) entre todas las fuentes de prote\u00ednas existentes, llegan de forma r\u00e1pida a trav\u00e9s del tracto gastrointestinal hasta llegar al intestino y en algunos casos, pueden pasar al torrente sangu\u00edneo sin necesidad de ser digeridos a estructuras m\u00e1s peque\u00f1as o amino\u00e1cidos en forma libre.<\/h4>\n<\/li>\n<li>\n<h4>Sin gluten.<\/h4>\n<\/li>\n<\/ul>\n<h4><strong>PRESENTACION: <\/strong>2 LIBRA<\/h4>\n<h4><strong>REGISTRO INVIMA RSIA02|59813\u00a0<\/strong><\/h4>\n<h4><\/h4>\n","protected":false},"excerpt":{"rendered":"<p><img decoding=\"async\" src=\"https:\/\/nutrifitmax.co\/wp-content\/uploads\/2021\/02\/nitrotech-whey-gold-2lb-01-150x150.webp\" \/><\/p>\n<p>NITROTECH GOLD MUSCLETECH 2.2 LIBRAS<\/p>\n","protected":false},"featured_media":12870,"comment_status":"open","ping_status":"closed","template":"","meta":{"inline_featured_image":false},"product_brand":[],"product_cat":[85,86,91,87,88,89],"product_tag":[],"class_list":{"0":"post-12803","1":"product","2":"type-product","3":"status-publish","4":"has-post-thumbnail","6":"product_cat-definicion","7":"product_cat-marca","8":"product_cat-mas-vendidos","9":"product_cat-muscletech","10":"product_cat-proteinas","11":"product_cat-proteinas-hipocaloricas","13":"first","14":"instock","15":"taxable","16":"shipping-taxable","17":"purchasable","18":"product-type-simple","19":"ebbe-col"},"_links":{"self":[{"href":"https:\/\/nutrifitmax.co\/index.php\/wp-json\/wp\/v2\/product\/12803","targetHints":{"allow":["GET"]}}],"collection":[{"href":"https:\/\/nutrifitmax.co\/index.php\/wp-json\/wp\/v2\/product"}],"about":[{"href":"https:\/\/nutrifitmax.co\/index.php\/wp-json\/wp\/v2\/types\/product"}],"replies":[{"embeddable":true,"href":"https:\/\/nutrifitmax.co\/index.php\/wp-json\/wp\/v2\/comments?post=12803"}],"wp:featuredmedia":[{"embeddable":true,"href":"https:\/\/nutrifitmax.co\/index.php\/wp-json\/wp\/v2\/media\/12870"}],"wp:attachment":[{"href":"https:\/\/nutrifitmax.co\/index.php\/wp-json\/wp\/v2\/media?parent=12803"}],"wp:term":[{"taxonomy":"product_brand","embeddable":true,"href":"https:\/\/nutrifitmax.co\/index.php\/wp-json\/wp\/v2\/product_brand?post=12803"},{"taxonomy":"product_cat","embeddable":true,"href":"https:\/\/nutrifitmax.co\/index.php\/wp-json\/wp\/v2\/product_cat?post=12803"},{"taxonomy":"product_tag","embeddable":true,"href":"https:\/\/nutrifitmax.co\/index.php\/wp-json\/wp\/v2\/product_tag?post=12803"}],"curies":[{"name":"wp","href":"https:\/\/api.w.org\/{rel}","templated":true}]}}