{"id":12800,"date":"2025-04-07T19:48:32","date_gmt":"2025-04-07T19:48:32","guid":{"rendered":"https:\/\/nutrifitmax.co\/?post_type=product&#038;p=12800"},"modified":"2026-04-23T00:51:44","modified_gmt":"2026-04-23T00:51:44","slug":"carnivor-musclemeds-4-libras-chocolate","status":"publish","type":"product","link":"https:\/\/nutrifitmax.co\/index.php\/product\/carnivor-musclemeds-4-libras-chocolate\/","title":{"rendered":"CARNIVOR MUSCLEMEDS 4 LBS CHOCOLATE"},"content":{"rendered":"<h4><img decoding=\"async\" src=\"https:\/\/nutrifitmax.co\/wp-content\/uploads\/2021\/02\/carnivor-chocolate_200411213131-150x150.jpg\" \/>CARNIVOR MUSCLEMEDS 4 LIBRAS CHOCOLATE<\/h4>\n<h4>\u00a1MuscleMeds ha formulado lo m\u00e1s buscado!\u00a0Carnivor\u00a0\u00a0es diferente a cualquier otra prote\u00edna existente.\u00a0Es el primer a\u00edslado de la prote\u00edna del mundo m\u00e1s concentrado que el suero.<\/h4>\n<h4>A Trav\u00e9s de la UNOS complejos\u00a0 procesos de extraci\u00f3n, clarificaci\u00f3n, hidr\u00f3lisis y Aislado La prote\u00edna pura de carne de\u00a0\u00a0Carnivor\u00a0\u00a0Se Entrega a Los Tejidos musculares para Construir m\u00fasculo, p\u00e1rrafo Sentir El poder de la carne Con Mas Amino\u00e1cidos Que cualquier otra fuente prot\u00e9tica USADA en Suplementos, Incluidos: aislado de leche, soja, leche o huevo. <strong>Carnivor<\/strong>\u00a0\u00a0es un 350% m\u00e1s concentrado que cualquier otra f\u00f3rmula y m\u00e1s efectiva en la construcci\u00f3n muscular, \u00a1m\u00e1s que un filete de solomillo!<\/h4>\n<ul>\n<li>\n<h4>350% m\u00e1s concentrado que la carne y m\u00e1s concentrado que el aislado de suero<\/h4>\n<\/li>\n<li>\n<h4>Con la tencolog\u00eda ANRT que recicla los amino\u00e1cidos y minimiza el amoni\u00e1co<\/h4>\n<\/li>\n<li>\n<h4>Pura construcci\u00f3n anab\u00f3lica pura desde la carne pura<\/h4>\n<\/li>\n<li>\n<h4>Cargada con creatina y BCAA&#8217;s<\/h4>\n<\/li>\n<li>\n<h4>0 Grasa, Colesterol o az\u00facar<\/h4>\n<\/li>\n<\/ul>\n<p><strong>REGISTRO INVIMA RSIA01|45114\u00a0<\/strong><\/p>\n","protected":false},"excerpt":{"rendered":"<p><img decoding=\"async\" src=\"https:\/\/nutrifitmax.co\/wp-content\/uploads\/2021\/02\/carnivor-chocolate_200411213131-150x150.jpg\" \/><\/p>\n<p>CARNIVOR MUSCLEMEDS 4 LIBRAS CHOCOLATE<\/p>\n","protected":false},"featured_media":12856,"comment_status":"open","ping_status":"closed","template":"","meta":{"inline_featured_image":false},"product_brand":[],"product_cat":[85,86,97,88,89],"product_tag":[],"class_list":{"0":"post-12800","1":"product","2":"type-product","3":"status-publish","4":"has-post-thumbnail","6":"product_cat-definicion","7":"product_cat-marca","8":"product_cat-musclemeds","9":"product_cat-proteinas","10":"product_cat-proteinas-hipocaloricas","12":"first","13":"instock","14":"taxable","15":"shipping-taxable","16":"purchasable","17":"product-type-simple","18":"ebbe-col","19":"product-has-gallery"},"_links":{"self":[{"href":"https:\/\/nutrifitmax.co\/index.php\/wp-json\/wp\/v2\/product\/12800","targetHints":{"allow":["GET"]}}],"collection":[{"href":"https:\/\/nutrifitmax.co\/index.php\/wp-json\/wp\/v2\/product"}],"about":[{"href":"https:\/\/nutrifitmax.co\/index.php\/wp-json\/wp\/v2\/types\/product"}],"replies":[{"embeddable":true,"href":"https:\/\/nutrifitmax.co\/index.php\/wp-json\/wp\/v2\/comments?post=12800"}],"wp:featuredmedia":[{"embeddable":true,"href":"https:\/\/nutrifitmax.co\/index.php\/wp-json\/wp\/v2\/media\/12856"}],"wp:attachment":[{"href":"https:\/\/nutrifitmax.co\/index.php\/wp-json\/wp\/v2\/media?parent=12800"}],"wp:term":[{"taxonomy":"product_brand","embeddable":true,"href":"https:\/\/nutrifitmax.co\/index.php\/wp-json\/wp\/v2\/product_brand?post=12800"},{"taxonomy":"product_cat","embeddable":true,"href":"https:\/\/nutrifitmax.co\/index.php\/wp-json\/wp\/v2\/product_cat?post=12800"},{"taxonomy":"product_tag","embeddable":true,"href":"https:\/\/nutrifitmax.co\/index.php\/wp-json\/wp\/v2\/product_tag?post=12800"}],"curies":[{"name":"wp","href":"https:\/\/api.w.org\/{rel}","templated":true}]}}