{"id":12791,"date":"2025-04-07T19:48:32","date_gmt":"2025-04-07T19:48:32","guid":{"rendered":"https:\/\/nutrifitmax.co\/?post_type=product&#038;p=12791"},"modified":"2026-01-21T18:35:41","modified_gmt":"2026-01-21T18:35:41","slug":"legacy-proscience-50-servicios","status":"publish","type":"product","link":"https:\/\/nutrifitmax.co\/index.php\/product\/legacy-proscience-50-servicios\/","title":{"rendered":"LEGACY PROSCIENCE 50 SERVICIOS"},"content":{"rendered":"<h2 class=\"yikes-custom-woo-tab-title yikes-custom-woo-tab-title-informacion-del-producto\">Informaci\u00f3n del Producto<\/h2>\n<p><strong>Ingredientes:<\/strong>\u00a0Polvo Deshidratado de Frutas, Creatina HCL, Sucralosa (Edulcorante), Saborizante Id\u00e9ntico al Natural, Aspartame (Edulcorante), Goma Xanthan (Espesante), Benzoato de Sodio (Conservante), \u00c1cido C\u00edtrico (Acidulante), \u00c1cido M\u00e1lico (Acidulante), Di\u00f3xido de Silicio (Anticompactante), Silicato de Calcio (Espesante), Colorante Rojo FD&amp;C CI 45430. FENILCETONURICOS: CONTIENE FENILALANINA.<\/p>\n<p><b>Presentaci\u00f3n Comercial<\/b>: Envase y Liners interno de seguridad.<\/p>\n<p><b>Material del Empaque<\/b>: Envase pl\u00e1stico.<\/p>\n<p><b>M\u00e9todo de Conservaci\u00f3n<\/b>: Almacenar bien cerrado en su empaque original, en un lugar fresco a temperatura inferior a 30 \u00b0C y humedad relativa inferior a 75 %. No introducir elementos h\u00famedos, despu\u00e9s de abierto consumase en el menor tiempo posible.<\/p>\n<p><b>Contenido<\/b>: Neto 550 g \/ 1,21 Lb \/ 19,4 Oz.<\/p>\n<p><strong>Servicios:<\/strong>\u00a050 porciones por envase.<\/p>\n<p><strong>Sabor<\/strong>: Watermelon \/ Grape \/ Fruit Punch \/ Tangerine.<\/p>\n<p><strong>Modo o m\u00e9todo de consumo o preparaci\u00f3n:<\/strong>\u00a0Mezclar 1 cuchara medidora (11 g) incluida en el empaque del producto en 1.5 vasos de agua (300 mL), ag\u00edtese hasta obtener un producto homog\u00e9neo, cons\u00famase una vez preparado.<\/p>\n<p><strong>Formato de Venta:<\/strong><strong>\u00a0<\/strong>Polvo.<\/p>\n<p><b>Notificaci\u00f3n Sanitaria<\/b>: NSA-0006177-2018.<\/p>\n","protected":false},"excerpt":{"rendered":"<p><strong>LEGACY\u00a0<\/strong>es un producto alimenticio a base de Polvo de Frutas y\u00a0<strong>Creatina<\/strong>\u00a0en su forma HCL con diferentes utilidades como complemento a una alimentaci\u00f3n balanceada, principalmente cuando se realice actividad f\u00edsica.<\/p>\n<p>La Creatina se encuentra en las c\u00e9lulas, principalmente en aquellas con mitocondrias que necesiten hacer res\u00edntesis de energ\u00eda y cada vez aparecen m\u00e1s estudios sobre la importancia de tener una buena reserva de creatina y disponibilidad de energ\u00eda.<\/p>\n<p>Nuestro cuerpo puede fabricar creatina a base de algunos amino\u00e1cidos y tambi\u00e9n la podemos obtener a partir de alimentos animales como la carne y el pescado. En aquellas personas que tengan una dieta pobre en estos alimentos o personas que realicen actividad f\u00edsica con una alta demanda energ\u00e9tica, podr\u00eda ser ideal el consumo de\u00a0<strong>LEGACY<\/strong>\u00a0para obtener los objetivos planeados.<\/p>\n<p>Para resultados ideales\u00a0<strong>LEGACY<\/strong>\u00a0debe ser consumida a diario, ya que para lograr efectos adecuados se debe mantener los dep\u00f3sitos de creatina altos y esto se logra de una manera m\u00e1s eficaz consumi\u00e9ndola a diario.<\/p>\n<p><strong>LEGACY<\/strong>\u00a0puede ser consumido a cualquier hora del d\u00eda como un complemento a la alimentaci\u00f3n para mejorar la recuperaci\u00f3n y disponibilidad energ\u00e9tica, puede utilizarse en cualquier momento \u00f3 posterior a la actividad f\u00edsica, pero es muy importante que su consumo sea a diario, para preservar los dep\u00f3sitos de creatina.<\/p>\n<p><strong>Somos distribuidores de PROSCIENCE\u00ae\u00a0 Si quieres m\u00e1s informaci\u00f3n o mejores precios comun\u00edcate con nosotros en nuestro <a href=\"https:\/\/www.instagram.com\/nutrifitmaxpereira\/?hl=es\">Instagram<\/a>\u00a0o en nuestro\u00a0<a href=\"https:\/\/api.whatsapp.com\/send?phone=573026673078\">WhatsApp<\/a><br \/>\nSi quieres ver m\u00e1s productos de la l\u00ednea ingresa a este\u00a0<a href=\"https:\/\/nutrifitmax.co\/index.php\/product-category\/marca\/proscience\/\">link<\/a> ahora.<br \/>\nLos mejores suplementos garantizados los encuentras en NUTRIFITMAX<\/strong><\/p>\n","protected":false},"featured_media":12828,"comment_status":"open","ping_status":"closed","template":"","meta":{"inline_featured_image":false},"product_brand":[],"product_cat":[99,96,86,91,101],"product_tag":[],"class_list":{"0":"post-12791","1":"product","2":"type-product","3":"status-publish","4":"has-post-thumbnail","6":"product_cat-creatinas","7":"product_cat-ganancia","8":"product_cat-marca","9":"product_cat-mas-vendidos","10":"product_cat-proscience","12":"first","13":"instock","14":"taxable","15":"shipping-taxable","16":"purchasable","17":"product-type-simple","18":"ebbe-col"},"_links":{"self":[{"href":"https:\/\/nutrifitmax.co\/index.php\/wp-json\/wp\/v2\/product\/12791","targetHints":{"allow":["GET"]}}],"collection":[{"href":"https:\/\/nutrifitmax.co\/index.php\/wp-json\/wp\/v2\/product"}],"about":[{"href":"https:\/\/nutrifitmax.co\/index.php\/wp-json\/wp\/v2\/types\/product"}],"replies":[{"embeddable":true,"href":"https:\/\/nutrifitmax.co\/index.php\/wp-json\/wp\/v2\/comments?post=12791"}],"wp:featuredmedia":[{"embeddable":true,"href":"https:\/\/nutrifitmax.co\/index.php\/wp-json\/wp\/v2\/media\/12828"}],"wp:attachment":[{"href":"https:\/\/nutrifitmax.co\/index.php\/wp-json\/wp\/v2\/media?parent=12791"}],"wp:term":[{"taxonomy":"product_brand","embeddable":true,"href":"https:\/\/nutrifitmax.co\/index.php\/wp-json\/wp\/v2\/product_brand?post=12791"},{"taxonomy":"product_cat","embeddable":true,"href":"https:\/\/nutrifitmax.co\/index.php\/wp-json\/wp\/v2\/product_cat?post=12791"},{"taxonomy":"product_tag","embeddable":true,"href":"https:\/\/nutrifitmax.co\/index.php\/wp-json\/wp\/v2\/product_tag?post=12791"}],"curies":[{"name":"wp","href":"https:\/\/api.w.org\/{rel}","templated":true}]}}