{"id":12786,"date":"2025-04-07T19:48:31","date_gmt":"2025-04-07T19:48:31","guid":{"rendered":"https:\/\/nutrifitmax.co\/?post_type=product&#038;p=12786"},"modified":"2025-12-02T00:30:53","modified_gmt":"2025-12-02T00:30:53","slug":"carnivor-mass-musclemeds-6-libras-chocolate","status":"publish","type":"product","link":"https:\/\/nutrifitmax.co\/index.php\/product\/carnivor-mass-musclemeds-6-libras-chocolate\/","title":{"rendered":"CARNIVOR MASS MUSCLEMEDS 6 LBS CHOCOLATE"},"content":{"rendered":"<h4><img decoding=\"async\" src=\"https:\/\/nutrifitmax.co\/wp-content\/uploads\/2021\/02\/carnivor-mass-150x150.jpg\" \/>CARNIVOR MASS<\/h4>\n<h4>Carnivor Mass ofrece una entrega de macronutrientes de alta velocidad: prote\u00ednas y carbohidratos que se absorben a gran velocidad para que los amino\u00e1cidos acaben en el torrente sangu\u00edneo optimizando los niveles de glucosa. A su vez, esto estimula velocidades m\u00e1s altas de prote\u00ednas y s\u00edntesis de gluc\u00f3geno (anabolismo), resultando la aceleraci\u00f3n en el crecimiento y aumento de masa muscular.<\/h4>\n<ul>\n<li>\n<h4>25g de carbohidratos de gran impacto<\/h4>\n<\/li>\n<li>\n<h4>50 gr de proteina<\/h4>\n<\/li>\n<li>\n<h4>Cargado con creatina y BCAA\u00b4s<\/h4>\n<\/li>\n<li>\n<h4>Libre de az\u00facar<\/h4>\n<\/li>\n<li>\n<h4>Libre de lactosa<\/h4>\n<\/li>\n<\/ul>\n<h4>Presentaciones: 5,7 lb \u2013 10lb<\/h4>\n<h4>Sabores: chocolate<\/h4>\n<p>&nbsp;<\/p>\n<p><strong>REGISTRO INVIMA RSIA 11|70514\u00a0<\/strong><\/p>\n","protected":false},"excerpt":{"rendered":"<p><img decoding=\"async\" src=\"https:\/\/nutrifitmax.co\/wp-content\/uploads\/2021\/02\/carnivor-mass-150x150.jpg\" \/><\/p>\n<h5 class=\"serp-title\">CARNIVOR MASS MUSCLEMEDS 6 LIBRAS CHOCOLATE<\/h5>\n","protected":false},"featured_media":12820,"comment_status":"open","ping_status":"closed","template":"","meta":{"inline_featured_image":false},"product_brand":[],"product_cat":[96,86,97,88,98],"product_tag":[],"class_list":{"0":"post-12786","1":"product","2":"type-product","3":"status-publish","4":"has-post-thumbnail","6":"product_cat-ganancia","7":"product_cat-marca","8":"product_cat-musclemeds","9":"product_cat-proteinas","10":"product_cat-proteinas-ganadoras-de-peso","12":"first","13":"instock","14":"taxable","15":"shipping-taxable","16":"purchasable","17":"product-type-simple","18":"ebbe-col"},"_links":{"self":[{"href":"https:\/\/nutrifitmax.co\/index.php\/wp-json\/wp\/v2\/product\/12786","targetHints":{"allow":["GET"]}}],"collection":[{"href":"https:\/\/nutrifitmax.co\/index.php\/wp-json\/wp\/v2\/product"}],"about":[{"href":"https:\/\/nutrifitmax.co\/index.php\/wp-json\/wp\/v2\/types\/product"}],"replies":[{"embeddable":true,"href":"https:\/\/nutrifitmax.co\/index.php\/wp-json\/wp\/v2\/comments?post=12786"}],"wp:featuredmedia":[{"embeddable":true,"href":"https:\/\/nutrifitmax.co\/index.php\/wp-json\/wp\/v2\/media\/12820"}],"wp:attachment":[{"href":"https:\/\/nutrifitmax.co\/index.php\/wp-json\/wp\/v2\/media?parent=12786"}],"wp:term":[{"taxonomy":"product_brand","embeddable":true,"href":"https:\/\/nutrifitmax.co\/index.php\/wp-json\/wp\/v2\/product_brand?post=12786"},{"taxonomy":"product_cat","embeddable":true,"href":"https:\/\/nutrifitmax.co\/index.php\/wp-json\/wp\/v2\/product_cat?post=12786"},{"taxonomy":"product_tag","embeddable":true,"href":"https:\/\/nutrifitmax.co\/index.php\/wp-json\/wp\/v2\/product_tag?post=12786"}],"curies":[{"name":"wp","href":"https:\/\/api.w.org\/{rel}","templated":true}]}}