{"id":12785,"date":"2025-04-07T19:48:31","date_gmt":"2025-04-07T19:48:31","guid":{"rendered":"https:\/\/nutrifitmax.co\/?post_type=product&#038;p=12785"},"modified":"2026-01-13T22:35:31","modified_gmt":"2026-01-13T22:35:31","slug":"amino-energy-optimum-nutrition-65-servicios","status":"publish","type":"product","link":"https:\/\/nutrifitmax.co\/index.php\/product\/amino-energy-optimum-nutrition-65-servicios\/","title":{"rendered":"AMINO ENERGY OPTIMUM NUTRITION 65 SERVICIOS"},"content":{"rendered":"<h4><img decoding=\"async\" src=\"https:\/\/nutrifitmax.co\/wp-content\/uploads\/2021\/02\/amino-energy-65-1-150x150.jpg\" \/>AMINO ENERGY OPTIMUM NUTRITION 65 SERVICIOS<\/h4>\n<h4>Todos deseamos un f\u00edsico definido sin gota de grasa. Pero desearlo no es suficiente, hay que seguir una dieta y un programa de entrenamiento intensos que pondr\u00e1n a prueba la entereza f\u00edsica y mental de cualquiera. Para satisfacer estas demandas,\u00a0Essential Amino Energy\u00a0de\u00a0Optimum Nutrition\u00a0combina un excelente \u00edndice de amino\u00e1cidos libres de r\u00e1pida absorci\u00f3n (incluyendo amino\u00e1cidos de cadena ramificada para formar m\u00fasculo y arginina para unos bombeos vasculares intensos) con energizantes naturales, beta alanina e ingredientes para incrementar los \u00edndices de \u00f3xido n\u00edtrico. Con tan solo 10 calor\u00edas por dosis,\u00a0Essential Amino Energy\u00a0le da todo lo que necesita sin perjudicar su dieta.<\/h4>\n<h4>Puede tomar\u00a0Essential Amino Energy\u00a0solo o mezcl\u00e1ndolo con sus suplementos en polvo favoritos siempre que necesite m\u00e1s concentraci\u00f3n mental, energ\u00eda f\u00edsica, producci\u00f3n de \u00f3xido n\u00edtrico o una recuperaci\u00f3n m\u00e1s r\u00e1pida.<\/h4>\n<h4><strong>Essential Amino Energy\u00a0incluye:<\/strong><\/h4>\n<ul>\n<li>\n<h4>5 g de amino\u00e1cidos micronizados en su forma libre.<\/h4>\n<\/li>\n<li>\n<h4>Beta alanina.<\/h4>\n<\/li>\n<li>\n<h4>Extracto de t\u00e9 verde (100 mg de cafe\u00edna de t\u00e9 verde).<\/h4>\n<\/li>\n<li>\n<h4>Extracto de caf\u00e9 verde.<\/h4>\n<\/li>\n<li>\n<h4>10 calor\u00edas por dosis.<\/h4>\n<\/li>\n<li>\n<h4>0 grasas y az\u00facares.<\/h4>\n<\/li>\n<\/ul>\n<h4><strong>Principales beneficios de\u00a0Essential Amino Energy:<\/strong><\/h4>\n<ul>\n<li>\n<h4>Ayuda en el transporte de los amino\u00e1cidos esenciales.<\/h4>\n<\/li>\n<li>\n<h4>Favorece la producci\u00f3n de \u00f3xido n\u00edtrico.<\/h4>\n<\/li>\n<li>\n<h4>Acelera la recuperaci\u00f3n muscular.<\/h4>\n<\/li>\n<li>\n<h4>Mejora la energ\u00eda y la concentraci\u00f3n.<\/h4>\n<\/li>\n<\/ul>\n","protected":false},"excerpt":{"rendered":"<p><img decoding=\"async\" src=\"https:\/\/nutrifitmax.co\/wp-content\/uploads\/2021\/02\/amino-energy-65-1-150x150.jpg\" \/><\/p>\n<p><strong>AMINO ENERGY OPTIMUM NUTRITION 65 SERVICIOS<\/strong><\/p>\n","protected":false},"featured_media":12818,"comment_status":"open","ping_status":"closed","template":"","meta":{"inline_featured_image":false},"product_brand":[],"product_cat":[93,86,91,90,95],"product_tag":[],"class_list":{"0":"post-12785","1":"product","2":"type-product","3":"status-publish","4":"has-post-thumbnail","6":"product_cat-aminoacidos","7":"product_cat-marca","8":"product_cat-mas-vendidos","9":"product_cat-on","10":"product_cat-recuperacion","12":"first","13":"instock","14":"taxable","15":"shipping-taxable","16":"purchasable","17":"product-type-simple","18":"ebbe-col","19":"product-has-gallery"},"_links":{"self":[{"href":"https:\/\/nutrifitmax.co\/index.php\/wp-json\/wp\/v2\/product\/12785","targetHints":{"allow":["GET"]}}],"collection":[{"href":"https:\/\/nutrifitmax.co\/index.php\/wp-json\/wp\/v2\/product"}],"about":[{"href":"https:\/\/nutrifitmax.co\/index.php\/wp-json\/wp\/v2\/types\/product"}],"replies":[{"embeddable":true,"href":"https:\/\/nutrifitmax.co\/index.php\/wp-json\/wp\/v2\/comments?post=12785"}],"wp:featuredmedia":[{"embeddable":true,"href":"https:\/\/nutrifitmax.co\/index.php\/wp-json\/wp\/v2\/media\/12818"}],"wp:attachment":[{"href":"https:\/\/nutrifitmax.co\/index.php\/wp-json\/wp\/v2\/media?parent=12785"}],"wp:term":[{"taxonomy":"product_brand","embeddable":true,"href":"https:\/\/nutrifitmax.co\/index.php\/wp-json\/wp\/v2\/product_brand?post=12785"},{"taxonomy":"product_cat","embeddable":true,"href":"https:\/\/nutrifitmax.co\/index.php\/wp-json\/wp\/v2\/product_cat?post=12785"},{"taxonomy":"product_tag","embeddable":true,"href":"https:\/\/nutrifitmax.co\/index.php\/wp-json\/wp\/v2\/product_tag?post=12785"}],"curies":[{"name":"wp","href":"https:\/\/api.w.org\/{rel}","templated":true}]}}