{"id":12781,"date":"2025-04-07T19:48:31","date_gmt":"2025-04-07T19:48:31","guid":{"rendered":"https:\/\/nutrifitmax.co\/?post_type=product&#038;p=12781"},"modified":"2026-02-05T20:25:58","modified_gmt":"2026-02-05T20:25:58","slug":"nitrotech-ripped-muscletech-4-libras","status":"publish","type":"product","link":"https:\/\/nutrifitmax.co\/index.php\/product\/nitrotech-ripped-muscletech-4-libras\/","title":{"rendered":"NITROTECH RIPPED MUSCLETECH 4 LBS"},"content":{"rendered":"<h4><img decoding=\"async\" src=\"https:\/\/nutrifitmax.co\/wp-content\/uploads\/2021\/02\/nitrotech-ripped-4-lb-muscletech-nutrifitmax-150x150.webp\" \/>NITROTECH RIPPED MUSCLETECH 4 LIBRAS<\/h4>\n<h4>Nitro Tech Ripped: es la m\u00e1s poderosa f\u00f3rmula de prote\u00edna de suero jam\u00e1s desarrollada para aumentar la masa muscular y perder grasa al mismo tiempo. Se trata de una exclusiva f\u00f3rmula proteica basada en una mezcla proteica especial de p\u00e9ptidos de suero, aislado de suero con un 97% de pureza, que ha sido potenciada con Matriz Ripped+, un complejo especial dise\u00f1ado para la p\u00e9rdida de peso. Este complejo contiene L-carnitina L-tartrato, CLA, extracto de caf\u00e9 verde estandarizado para un 45% de \u00e1cido clorog\u00e9nico, extracto de t\u00e9 verde estandarizado para un 15% de epigalocatequina galato, escaramujos, y extracto de laminaria japonica. Es el aliado perfecto para todos los atletas que est\u00e1n buscando m\u00e1s m\u00fasculo, m\u00e1s fuerza, mejor rendimiento y deshacerse de la grasa corporal al mismo tiempo.<\/h4>\n<h4>PRINCIPALES BENEFICIOS :<\/h4>\n<ul>\n<li>\n<h4>La mejor prote\u00edna para aumentar tu masa muscular libre de grasa.<\/h4>\n<\/li>\n<li>\n<h4>Una calidad superior para el desarrollo de masa muscular magra.<\/h4>\n<\/li>\n<li>\n<h4>Contiene p\u00e9ptidos de suero, aislado de suero con un 97% de pureza.<\/h4>\n<\/li>\n<li>\n<h4>Potenciada con una mezcla especial para la p\u00e9rdida de peso cientif\u00edcamente comprobada.<\/h4>\n<\/li>\n<li>\n<h4>Una f\u00f3rmula avanzada con L-carnitina y CLA.<\/h4>\n<\/li>\n<li>\n<h4>Aumenta tu fuerza y mejora tu rendimiento deportivo.<\/h4>\n<\/li>\n<li>\n<h4>Aporta 30 gramos de prote\u00edna de alta calidad por dosis.<\/h4>\n<\/li>\n<li>\n<h4>Contiene triglic\u00e9ridos de cadena media.<\/h4>\n<\/li>\n<\/ul>\n<h4>PRESENTACI\u00d3N: 2 libras y de 4 libras<\/h4>\n","protected":false},"excerpt":{"rendered":"<p><img decoding=\"async\" src=\"https:\/\/nutrifitmax.co\/wp-content\/uploads\/2021\/02\/nitrotech-ripped-4-lb-muscletech-nutrifitmax-150x150.webp\" \/>NITROTECH RIPPED MUSCLETECH 4 LIBRAS<\/p>\n","protected":false},"featured_media":12811,"comment_status":"open","ping_status":"closed","template":"","meta":{"inline_featured_image":false},"product_brand":[],"product_cat":[85,86,87,88,89],"product_tag":[],"class_list":{"0":"post-12781","1":"product","2":"type-product","3":"status-publish","4":"has-post-thumbnail","6":"product_cat-definicion","7":"product_cat-marca","8":"product_cat-muscletech","9":"product_cat-proteinas","10":"product_cat-proteinas-hipocaloricas","12":"first","13":"instock","14":"taxable","15":"shipping-taxable","16":"purchasable","17":"product-type-simple","18":"ebbe-col"},"_links":{"self":[{"href":"https:\/\/nutrifitmax.co\/index.php\/wp-json\/wp\/v2\/product\/12781","targetHints":{"allow":["GET"]}}],"collection":[{"href":"https:\/\/nutrifitmax.co\/index.php\/wp-json\/wp\/v2\/product"}],"about":[{"href":"https:\/\/nutrifitmax.co\/index.php\/wp-json\/wp\/v2\/types\/product"}],"replies":[{"embeddable":true,"href":"https:\/\/nutrifitmax.co\/index.php\/wp-json\/wp\/v2\/comments?post=12781"}],"wp:featuredmedia":[{"embeddable":true,"href":"https:\/\/nutrifitmax.co\/index.php\/wp-json\/wp\/v2\/media\/12811"}],"wp:attachment":[{"href":"https:\/\/nutrifitmax.co\/index.php\/wp-json\/wp\/v2\/media?parent=12781"}],"wp:term":[{"taxonomy":"product_brand","embeddable":true,"href":"https:\/\/nutrifitmax.co\/index.php\/wp-json\/wp\/v2\/product_brand?post=12781"},{"taxonomy":"product_cat","embeddable":true,"href":"https:\/\/nutrifitmax.co\/index.php\/wp-json\/wp\/v2\/product_cat?post=12781"},{"taxonomy":"product_tag","embeddable":true,"href":"https:\/\/nutrifitmax.co\/index.php\/wp-json\/wp\/v2\/product_tag?post=12781"}],"curies":[{"name":"wp","href":"https:\/\/api.w.org\/{rel}","templated":true}]}}